{"id":435,"date":"2023-04-02T00:07:34","date_gmt":"2023-04-01T17:07:34","guid":{"rendered":"http:\/\/www.phivutabletennis.com\/?post_type=product&#038;p=435"},"modified":"2023-04-02T00:34:43","modified_gmt":"2023-04-01T17:34:43","slug":"glayzer-09c","status":"publish","type":"product","link":"https:\/\/www.phivutabletennis.com\/index.php\/product\/glayzer-09c\/","title":{"rendered":"GLAYZER 09C"},"content":{"rendered":"<p><strong>M\u1eb6T V\u1ee2T GLAYZER 09C<br \/>\n<em>\u200bH\u00e0ng t\u1eb7ng k\u00e8m: vi\u1ec1n v\u1ee3t ch\u00ednh h\u00e3ng Glayzer<\/em><\/strong><br \/>\nGLAYZER 09C \u0111\u1ec9nh cao c\u00f4ng ngh\u1ec7 &#8220;Spring Sponge X&#8221;\u00a0<strong>thi\u00ea\u0301t k\u00ea\u0301<\/strong>\u00a0m\u0103\u0323t lo\u0301t c\u00f4ng ngh\u00ea\u0323 bo\u0323t khi\u0301 m\u00e0u x\u00e1m, m\u1eb7t sheet \u0111\u1ed9 c\u1ee9ng 42 nh\u1eb1m n\u00e2ng cao hi\u00ea\u0323u su\u00e2\u0301t v\u1edbi b\u00ea\u0300 m\u0103\u0323t sheet b\u00e1m d\u00ednh, \u0111\u01b0\u01a1\u0300ng bo\u0301ng uy l\u01b0\u0323c v\u00e0 \u0111\u1ed9 \u0111\u00e0n h\u1ed3i cao.<\/p>\n<p>H\u1ed7 tr\u1ee3 ng\u01b0\u1eddi ch\u01a1i c\u1ef1 ly trung v\u00e0 \u00f4m b\u00e0n, mang l\u1ea1i c\u1ea3m gi\u00e1c s\u1ea3ng kho\u00e1i khi th\u1ef1c hi\u1ec7n k\u1ef9 thu\u1eadt \u0111\u00f4i c\u00f4ng \u0111\u1ed1i gi\u1eadt v\u1edbi qu\u1ef9 \u0111\u1ea1o b\u00f3ng \u1ed5n \u0111\u1ecbnh, \u0111\u1ed3ng th\u1eddi \u0111\u1ed9 xo\u00e1y l\u1edbn \u0111\u01b0\u1ee3c ph\u00e1t huy m\u1ea1nh m\u1ebd khi ph\u00e1t l\u1ef1c, gi\u00fap ng\u01b0\u1eddi ch\u01a1i d\u1ec5 d\u00e0ng th\u1ef1c hi\u1ec7n k\u1ef9 thu\u1eadt t\u00e2\u0301n c\u00f4ng \u00f4m b\u00e0n v\u1edbi tr\u00ecnh \u0111\u1ed9 cao.<\/p>\n<table border=\"0\" cellspacing=\"1\" cellpadding=\"1\">\n<tbody>\n<tr>\n<td>T\u1ed1c \u0111\u1ed9<\/td>\n<td>: 75<\/td>\n<\/tr>\n<tr>\n<td>\u0110\u1ed9 xo\u00e1y<\/td>\n<td>: 87<\/td>\n<\/tr>\n<tr>\n<td>\u0110\u1ed9 c\u1ee9ng<\/td>\n<td>: 42<\/td>\n<\/tr>\n<tr>\n<td>Qu\u1ef9 \u0111\u1ea1o b\u00f3ng<\/td>\n<td>: 95<\/td>\n<\/tr>\n<tr>\n<td>\u0110\u1ed9 d\u00e0y<\/td>\n<td>: 2.1mm, 1.9mm<\/td>\n<\/tr>\n<\/tbody>\n<\/table>\n<p><strong>Theo th\u00f4ng s\u1ed1 chu\u1ea9n c\u1ee7a h\u00e3ng Butterfly\u00a0<\/strong><\/p>\n","protected":false},"excerpt":{"rendered":"<p>M\u1eb6T V\u1ee2T GLAYZER 09C \u200bH\u00e0ng t\u1eb7ng k\u00e8m: vi\u1ec1n v\u1ee3t ch\u00ednh h\u00e3ng Glayzer GLAYZER 09C \u0111\u1ec9nh cao c\u00f4ng ngh\u1ec7 &#8220;Spring Sponge X&#8221;\u00a0thi\u00ea\u0301t k\u00ea\u0301\u00a0m\u0103\u0323t lo\u0301t c\u00f4ng ngh\u00ea\u0323 bo\u0323t khi\u0301 m\u00e0u x\u00e1m, m\u1eb7t sheet \u0111\u1ed9 c\u1ee9ng 42 nh\u1eb1m n\u00e2ng cao hi\u00ea\u0323u su\u00e2\u0301t v\u1edbi b\u00ea\u0300 m\u0103\u0323t sheet b\u00e1m d\u00ednh, \u0111\u01b0\u01a1\u0300ng bo\u0301ng uy l\u01b0\u0323c v\u00e0 \u0111\u1ed9 \u0111\u00e0n h\u1ed3i cao. H\u1ed7 [&hellip;]<\/p>\n","protected":false},"featured_media":436,"comment_status":"open","ping_status":"closed","template":"","meta":{"_eb_attr":""},"product_cat":[48,51,29],"product_tag":[],"class_list":["post-435","product","type-product","status-publish","has-post-thumbnail","hentry","product_cat-butterfly-mv","product_cat-glayzer","product_cat-mat-vot"],"_links":{"self":[{"href":"https:\/\/www.phivutabletennis.com\/index.php\/wp-json\/wp\/v2\/product\/435","targetHints":{"allow":["GET"]}}],"collection":[{"href":"https:\/\/www.phivutabletennis.com\/index.php\/wp-json\/wp\/v2\/product"}],"about":[{"href":"https:\/\/www.phivutabletennis.com\/index.php\/wp-json\/wp\/v2\/types\/product"}],"replies":[{"embeddable":true,"href":"https:\/\/www.phivutabletennis.com\/index.php\/wp-json\/wp\/v2\/comments?post=435"}],"wp:featuredmedia":[{"embeddable":true,"href":"https:\/\/www.phivutabletennis.com\/index.php\/wp-json\/wp\/v2\/media\/436"}],"wp:attachment":[{"href":"https:\/\/www.phivutabletennis.com\/index.php\/wp-json\/wp\/v2\/media?parent=435"}],"wp:term":[{"taxonomy":"product_cat","embeddable":true,"href":"https:\/\/www.phivutabletennis.com\/index.php\/wp-json\/wp\/v2\/product_cat?post=435"},{"taxonomy":"product_tag","embeddable":true,"href":"https:\/\/www.phivutabletennis.com\/index.php\/wp-json\/wp\/v2\/product_tag?post=435"}],"curies":[{"name":"wp","href":"https:\/\/api.w.org\/{rel}","templated":true}]}}