{"id":442,"date":"2023-04-02T00:09:50","date_gmt":"2023-04-01T17:09:50","guid":{"rendered":"http:\/\/www.phivutabletennis.com\/?post_type=product&#038;p=442"},"modified":"2023-04-02T00:34:32","modified_gmt":"2023-04-01T17:34:32","slug":"glayzer","status":"publish","type":"product","link":"https:\/\/www.phivutabletennis.com\/index.php\/product\/glayzer\/","title":{"rendered":"GLAYZER"},"content":{"rendered":"<p><strong>M\u1eb6T V\u1ee2T GLAYZER\u00a0<\/strong><\/p>\n<p>GLAYZER \u0111\u1ec9nh cao c\u00f4ng ngh\u1ec7 &#8220;Spring Sponge X&#8221; thi\u00ea\u0301t k\u00ea\u0301 m\u0103\u0323t lo\u0301t c\u00f4ng ngh\u00ea\u0323 bo\u0323t khi\u0301 m\u00e0u x\u00e1m, k\u1ebft h\u1ee3p m\u1eb7t sheet \u0111\u1ed9 c\u1ee9ng 38 v\u1edbi b\u1ec1 m\u1eb7t tu\u1ed5i th\u1ecd ti\u1ebfp x\u00fac cao, gi\u1eef b\u00f3ng t\u1ed1t, \u0111\u1ed3ng th\u1eddi \u0111\u1ed9 xo\u00e1y m\u1ea1nh m\u1ebd \u0111\u1ea7y uy l\u1ef1c \u0111\u01b0\u1ee3c t\u1ea1o ra khi gi\u1eadt xo\u00e1y.<br \/>\nGLAYZER n\u00e2ng cao hi\u00ea\u0323u su\u00e2\u0301t v\u01a1\u0301i quy\u0303 \u0111a\u0323o bo\u0301ng \u00f4\u0309n \u0111i\u0323nh, mang la\u0323i s\u01b0\u0301c ma\u0323nh, h\u00f4\u0303 tr\u01a1\u0323 ky\u0303 thu\u00e2\u0323t cho ng\u01b0\u01a1\u0300i ch\u01a1i m\u01b0\u0301c \u0111\u00f4\u0323 cao h\u01a1n v\u01a1\u0301i l\u00f4\u0301i \u0111a\u0301nh thu\u1eadn v\u00e0 tr\u00e1i tay.<br \/>\n\u0110\u1eb7t tro\u0323ng t\u00e2m ma\u0323nh me\u0303 va\u0300o \u0111\u00f4\u0323 xoa\u0301y khi th\u1ef1c hi\u1ec7n ky\u0303 thu\u00e2\u0323t gi\u00e2\u0323t \u0111\u00f4i c\u00f4ng \u00f4m b\u00e0n gi\u00fap ng\u01b0\u1eddi ch\u01a1i ph\u00e1t huy k\u1ef9 thu\u1eadt t\u1ed1t h\u01a1n v\u00e0 t\u01b0\u0323 tin chinh u\u0323c mo\u0323i tr\u00e2\u0323n \u0111\u00e2\u0301u.<\/p>\n<table border=\"0\" cellspacing=\"1\" cellpadding=\"1\">\n<tbody>\n<tr>\n<td>T\u1ed1c \u0111\u1ed9<\/td>\n<td>: 81<\/td>\n<\/tr>\n<tr>\n<td>\u0110\u1ed9 xo\u00e1y<\/td>\n<td>: 73<\/td>\n<\/tr>\n<tr>\n<td>\u0110\u1ed9 c\u1ee9ng<\/td>\n<td>: 38<\/td>\n<\/tr>\n<tr>\n<td>Qu\u1ef9 \u0111\u1ea1o b\u00f3ng<\/td>\n<td>: 82<\/td>\n<\/tr>\n<tr>\n<td>\u0110\u1ed9 d\u00e0y<\/td>\n<td>: 2.1mm, 1.9mm<\/td>\n<\/tr>\n<\/tbody>\n<\/table>\n<p><strong>Theo th\u00f4ng s\u1ed1 chu\u1ea9n c\u1ee7a h\u00e3ng Butterfly\u00a0<\/strong><\/p>\n","protected":false},"excerpt":{"rendered":"<p>M\u1eb6T V\u1ee2T GLAYZER\u00a0 GLAYZER \u0111\u1ec9nh cao c\u00f4ng ngh\u1ec7 &#8220;Spring Sponge X&#8221; thi\u00ea\u0301t k\u00ea\u0301 m\u0103\u0323t lo\u0301t c\u00f4ng ngh\u00ea\u0323 bo\u0323t khi\u0301 m\u00e0u x\u00e1m, k\u1ebft h\u1ee3p m\u1eb7t sheet \u0111\u1ed9 c\u1ee9ng 38 v\u1edbi b\u1ec1 m\u1eb7t tu\u1ed5i th\u1ecd ti\u1ebfp x\u00fac cao, gi\u1eef b\u00f3ng t\u1ed1t, \u0111\u1ed3ng th\u1eddi \u0111\u1ed9 xo\u00e1y m\u1ea1nh m\u1ebd \u0111\u1ea7y uy l\u1ef1c \u0111\u01b0\u1ee3c t\u1ea1o ra khi gi\u1eadt xo\u00e1y. GLAYZER [&hellip;]<\/p>\n","protected":false},"featured_media":443,"comment_status":"open","ping_status":"closed","template":"","meta":{"_eb_attr":""},"product_cat":[48,51,29],"product_tag":[],"class_list":["post-442","product","type-product","status-publish","has-post-thumbnail","hentry","product_cat-butterfly-mv","product_cat-glayzer","product_cat-mat-vot"],"_links":{"self":[{"href":"https:\/\/www.phivutabletennis.com\/index.php\/wp-json\/wp\/v2\/product\/442","targetHints":{"allow":["GET"]}}],"collection":[{"href":"https:\/\/www.phivutabletennis.com\/index.php\/wp-json\/wp\/v2\/product"}],"about":[{"href":"https:\/\/www.phivutabletennis.com\/index.php\/wp-json\/wp\/v2\/types\/product"}],"replies":[{"embeddable":true,"href":"https:\/\/www.phivutabletennis.com\/index.php\/wp-json\/wp\/v2\/comments?post=442"}],"wp:featuredmedia":[{"embeddable":true,"href":"https:\/\/www.phivutabletennis.com\/index.php\/wp-json\/wp\/v2\/media\/443"}],"wp:attachment":[{"href":"https:\/\/www.phivutabletennis.com\/index.php\/wp-json\/wp\/v2\/media?parent=442"}],"wp:term":[{"taxonomy":"product_cat","embeddable":true,"href":"https:\/\/www.phivutabletennis.com\/index.php\/wp-json\/wp\/v2\/product_cat?post=442"},{"taxonomy":"product_tag","embeddable":true,"href":"https:\/\/www.phivutabletennis.com\/index.php\/wp-json\/wp\/v2\/product_tag?post=442"}],"curies":[{"name":"wp","href":"https:\/\/api.w.org\/{rel}","templated":true}]}}