{"id":448,"date":"2023-04-02T00:12:09","date_gmt":"2023-04-01T17:12:09","guid":{"rendered":"http:\/\/www.phivutabletennis.com\/?post_type=product&#038;p=448"},"modified":"2023-04-02T00:34:17","modified_gmt":"2023-04-01T17:34:17","slug":"tenergy-64","status":"publish","type":"product","link":"https:\/\/www.phivutabletennis.com\/index.php\/product\/tenergy-64\/","title":{"rendered":"TENERGY 64"},"content":{"rendered":"<p class=\"p1\"><b>M\u1eb6T\u00a0V\u1ee2T BUTTERFLY\u00a0<\/b><strong>TENERGY 64<\/strong><\/p>\n<p class=\"p1\"><em><b>S\u1ea3n xu\u1ea5t t\u1ea1i Nh\u1eadt B\u1ea3n\u00a0<\/b><\/em><br \/>\n<strong>Tenergy 64<\/strong>\u00a0v\u1edbi thi\u1ebft k\u1ebf \u0111\u1eb7c bi\u1ec7t ch\u00e2n gai nh\u1ecf h\u01a1n so v\u1edbi Tenergy 25 v\u00e0 m\u1eadt \u0111\u1ed9 ch\u00e2n gai th\u01b0a h\u01a1n so v\u1edbi Tenergy 05 nh\u1eb1m t\u1ea1o \u0111\u1ed9 n\u1ea3y b\u00f3ng t\u1ed1t nh\u1ea5t, nh\u01b0ng v\u1eabn \u0111\u1ea3m b\u1ea3o c\u00e2n b\u1eb1ng v\u1ec1 \u0111\u1ed9 xo\u00e1y v\u00e0 c\u1ea3m gi\u00e1c nh\u1eb9 nh\u00e0ng cho ng\u01b0\u1eddi ch\u01a1i khi ph\u00e1t l\u1ef1c trong nh\u1eefng pha t\u1ea5n c\u00f4ng t\u1ed1c \u0111\u1ed9.<\/p>\n<p class=\"p1\">\n<table border=\"0\" cellspacing=\"1\" cellpadding=\"1\">\n<tbody>\n<tr>\n<td>T\u1ed1c \u0111\u1ed9<\/td>\n<td>: 87<\/td>\n<\/tr>\n<tr>\n<td>\u0110\u00f4\u0323 xoa\u0301y<\/td>\n<td>: 70<\/td>\n<\/tr>\n<tr>\n<td>\u0110\u00f4\u0323 c\u01b0\u0301ng<\/td>\n<td>: 36<\/td>\n<\/tr>\n<tr>\n<td>Quy\u0303 \u0111a\u0323o bo\u0301ng<\/td>\n<td>: 75<\/td>\n<\/tr>\n<tr>\n<td>\u0110\u00f4\u0323 da\u0300y<\/td>\n<td>:\u00a01.9 mm va\u0300 2.1 mm<\/td>\n<\/tr>\n<\/tbody>\n<\/table>\n<p><em><strong>***T\u1eeb th\u00e1ng 2 n\u0103m 2023 th\u01b0\u01a1ng hi\u00ea\u0323u Butterfly \u0111a\u0303 a\u0301p d\u1ee5ng nh\u1eefng c\u1ea3i ti\u1ebfn m\u01a1\u0301i trong ph\u01b0\u01a1ng ph\u00e1p \u0111o l\u01b0\u1eddng v\u00e0 \u0111\u00e1nh gi\u00e1 s\u1ea3n ph\u1ea9m. Ca\u0301ch th\u00ea\u0309 hi\u00ea\u0323n th\u00f4ng s\u00f4\u0301 \u0111\u01b0\u01a1\u0323c thay \u0111\u1ed5i nh\u01b0 tr\u00ean.\u00a0<\/strong><\/em><br \/>\n<strong>Theo th\u00f4ng s\u00f4\u0301 chu\u00e2\u0309n cu\u0309a ha\u0303ng Butterfly<\/strong><\/p>\n","protected":false},"excerpt":{"rendered":"<p>M\u1eb6T\u00a0V\u1ee2T BUTTERFLY\u00a0TENERGY 64 S\u1ea3n xu\u1ea5t t\u1ea1i Nh\u1eadt B\u1ea3n\u00a0 Tenergy 64\u00a0v\u1edbi thi\u1ebft k\u1ebf \u0111\u1eb7c bi\u1ec7t ch\u00e2n gai nh\u1ecf h\u01a1n so v\u1edbi Tenergy 25 v\u00e0 m\u1eadt \u0111\u1ed9 ch\u00e2n gai th\u01b0a h\u01a1n so v\u1edbi Tenergy 05 nh\u1eb1m t\u1ea1o \u0111\u1ed9 n\u1ea3y b\u00f3ng t\u1ed1t nh\u1ea5t, nh\u01b0ng v\u1eabn \u0111\u1ea3m b\u1ea3o c\u00e2n b\u1eb1ng v\u1ec1 \u0111\u1ed9 xo\u00e1y v\u00e0 c\u1ea3m gi\u00e1c nh\u1eb9 nh\u00e0ng cho [&hellip;]<\/p>\n","protected":false},"featured_media":449,"comment_status":"open","ping_status":"closed","template":"","meta":{"_eb_attr":""},"product_cat":[48,50,29],"product_tag":[],"class_list":["post-448","product","type-product","status-publish","has-post-thumbnail","hentry","product_cat-butterfly-mv","product_cat-tenergy","product_cat-mat-vot"],"_links":{"self":[{"href":"https:\/\/www.phivutabletennis.com\/index.php\/wp-json\/wp\/v2\/product\/448","targetHints":{"allow":["GET"]}}],"collection":[{"href":"https:\/\/www.phivutabletennis.com\/index.php\/wp-json\/wp\/v2\/product"}],"about":[{"href":"https:\/\/www.phivutabletennis.com\/index.php\/wp-json\/wp\/v2\/types\/product"}],"replies":[{"embeddable":true,"href":"https:\/\/www.phivutabletennis.com\/index.php\/wp-json\/wp\/v2\/comments?post=448"}],"wp:featuredmedia":[{"embeddable":true,"href":"https:\/\/www.phivutabletennis.com\/index.php\/wp-json\/wp\/v2\/media\/449"}],"wp:attachment":[{"href":"https:\/\/www.phivutabletennis.com\/index.php\/wp-json\/wp\/v2\/media?parent=448"}],"wp:term":[{"taxonomy":"product_cat","embeddable":true,"href":"https:\/\/www.phivutabletennis.com\/index.php\/wp-json\/wp\/v2\/product_cat?post=448"},{"taxonomy":"product_tag","embeddable":true,"href":"https:\/\/www.phivutabletennis.com\/index.php\/wp-json\/wp\/v2\/product_tag?post=448"}],"curies":[{"name":"wp","href":"https:\/\/api.w.org\/{rel}","templated":true}]}}