{"id":4534,"date":"2023-07-31T09:44:25","date_gmt":"2023-07-31T02:44:25","guid":{"rendered":"https:\/\/www.phivutabletennis.com\/?post_type=product&#038;p=4534"},"modified":"2023-08-06T21:32:40","modified_gmt":"2023-08-06T14:32:40","slug":"tibhar-hybrid-k3","status":"publish","type":"product","link":"https:\/\/www.phivutabletennis.com\/index.php\/product\/tibhar-hybrid-k3\/","title":{"rendered":"Tibhar Hybrid K3"},"content":{"rendered":"<p>TIBHAR Hybrid K3: ph\u00e9p m\u00e0u ho\u00e0n h\u1ea3o \u0111\u1ebfn kh\u00f4ng ng\u1edd.<\/p>\n<p>\u0110\u00e2y l\u00e0 d\u00f2ng m\u1eb7t v\u1ee3t \u0111\u01b0\u1ee3c h\u00e3ng gi\u1edbi thi\u1ec7u l\u00e0: k\u1ebft h\u1ee3p \u0111\u01b0\u1ee3c 2 \u0111i\u1ec1u t\u01b0\u1edfng ch\u1eebng nh\u01b0 ko th\u1ec3 k\u1ebft h\u1ee3p, \u0111\u00f3 l\u00e0 \u201c\u0111\u1ed9 b\u00e1m d\u00ednh b\u1ec1 m\u1eb7t cao\u201d v\u00e0 \u201ct\u1ed1c \u0111\u1ed9 l\u1edbn\u201d. V\u00e2ng, n\u00f3i th\u00eam \u0111\u1ec3 anh em hi\u1ec3u, th\u00ec nh\u1eefng d\u00f2ng m\u1eb7t d\u1ec5 \u0111\u00e1nh nh\u01b0 Tenergy, Evolution, Nexxus, 5Q, Quantum\u2026 \u0111\u1ec1u c\u00f3 b\u1ec1 m\u1eb7t \u00edt b\u00e1m d\u00ednh, ch\u00fang ch\u1ee7 y\u1ebfu thi\u00ean v\u1ec1 t\u1ed1c \u0111\u1ed9. Tuy nhi\u00ean, \u0111\u1ebfn th\u1eddi b\u00f3ng 40+ th\u00ec nh\u1eefng c\u00fa gi\u1eadt b\u00ean ph\u1ea3i \u0111\u01b0\u1ee3c t\u1ea1o ra b\u1edfi nh\u1eefng d\u00f2ng m\u1eb7t n\u00e0y t\u1ecf ra kh\u00e1 thi\u1ebfu uy l\u1ef1c, n\u00ean c\u00e1c h\u00e3ng \u0111\u00e3 s\u1ea3n xu\u1ea5t ra nh\u1eefng d\u00f2ng m\u1edbi c\u00f3 \u0111\u1ed9 b\u00e1m d\u00ednh b\u1ec1 m\u1eb7t cao h\u01a1n v\u00e0 l\u00f3t c\u1ee9ng h\u01a1n, nh\u01b0 Dignics 05, Evolution MX-P50, Gewo Nexxus 53. V\u00e0 n\u00f3i \u0111\u1ebfn b\u1ec1 m\u1eb7t b\u00e1m d\u00ednh nh\u1ea5t, th\u00ec m\u1eb7t H3, Dignics 09c v\u00e0 Gewo Codexx ch\u00ednh l\u00e0 nh\u1eefng \u0111\u1ea1i di\u1ec7n ti\u00eau bi\u1ec3u kh\u00e1 c\u1ef1c \u0111oan cho t\u00ednh n\u0103ng n\u00e0y. T\u1ea1i sao l\u1ea1i n\u00f3i l\u00e0 \u201cc\u1ef1c \u0111oan\u201d?? B\u1edfi v\u00ec n\u00f3 c\u00f3 b\u1ec1 m\u1eb7t c\u1ef1c d\u00ednh, xo\u00e1y, nh\u01b0ng b\u00f9 l\u1ea1i th\u00ec t\u1ed1c \u0111\u1ed9 lu\u00f4n kh\u00f4ng \u0111\u01b0\u1ee3c cao, n\u00f3 c\u00f3 th\u1ec3 mi\u1ebft t\u1ed1t nh\u01b0ng khi ti\u1ebfp x\u00fac d\u1ea7y b\u00f3ng, n\u00f3 r\u1ea5t d\u1ec5 b\u1ecb t\u1ee5t v\u00e0 c\u1ea7n 1 l\u1ef1c tay th\u1eadt kho\u1ebb m\u1edbi c\u00f3 th\u1ec3 t\u1ea1o n\u00ean c\u00fa gi\u1eadt ho\u00e0n h\u1ea3o, n\u00f3 k\u00e9n ng\u01b0\u1eddi ch\u01a1i l\u00e0 \u1edf ch\u1ed7 \u0111\u00f3. Ch\u00ednh v\u00ec th\u1ebf, ng\u01b0\u1eddi ta m\u1edbi ngh\u0129 \u0111\u1ebfn chuy\u1ec7n \u201ctune\u201d d\u1ea7u n\u1ea9y cho nh\u1eefng d\u00f2ng m\u1eb7t n\u00e0y, \u0111\u1ec3 ch\u00fang c\u00f3 \u0111\u01b0\u1ee3c t\u1ed1c \u0111\u1ed9 t\u1ed1t h\u01a1n.<\/p>\n<p>Nh\u01b0 v\u1eady, theo nh\u01b0 mi\u00eau t\u1ea3, ng\u01b0\u1eddi ta c\u00f3 th\u1ec3 ngh\u0129: \u201cah, v\u1eady th\u00ec TIBHAR Hybrid K3 c\u00f3 l\u1ebd s\u1ebd gi\u1ed1ng Dignics 09c, H3 v\u00e0 Gewo Codexx sau khi tune d\u1ea7u n\u1ea9y nh\u1ec9, v\u00ec n\u00f3 v\u1eeba b\u00e1m d\u00ednh l\u1ea1i v\u1eeba t\u1ed1c \u0111\u1ed9 cao m\u00e0\u201d.<\/p>\n<p>TIBHAR Hybrid K3: ph\u00e9p m\u00e0u ho\u00e0n h\u1ea3o \u0111\u1ebfn kh\u00f4ng ng\u1edd.<\/p>\n<p>\u0110\u00e2y l\u00e0 d\u00f2ng m\u1eb7t v\u1ee3t \u0111\u01b0\u1ee3c h\u00e3ng gi\u1edbi thi\u1ec7u l\u00e0: k\u1ebft h\u1ee3p \u0111\u01b0\u1ee3c 2 \u0111i\u1ec1u t\u01b0\u1edfng ch\u1eebng nh\u01b0 ko th\u1ec3 k\u1ebft h\u1ee3p, \u0111\u00f3 l\u00e0 \u201c\u0111\u1ed9 b\u00e1m d\u00ednh b\u1ec1 m\u1eb7t cao\u201d v\u00e0 \u201ct\u1ed1c \u0111\u1ed9 l\u1edbn\u201d. V\u00e2ng, n\u00f3i th\u00eam \u0111\u1ec3 anh em hi\u1ec3u, th\u00ec nh\u1eefng d\u00f2ng m\u1eb7t d\u1ec5 \u0111\u00e1nh nh\u01b0 Tenergy, Evolution, Nexxus, 5Q, Quantum\u2026 \u0111\u1ec1u c\u00f3 b\u1ec1 m\u1eb7t \u00edt b\u00e1m d\u00ednh, ch\u00fang ch\u1ee7 y\u1ebfu thi\u00ean v\u1ec1 t\u1ed1c \u0111\u1ed9. Tuy nhi\u00ean, \u0111\u1ebfn th\u1eddi b\u00f3ng 40+ th\u00ec nh\u1eefng c\u00fa gi\u1eadt b\u00ean ph\u1ea3i \u0111\u01b0\u1ee3c t\u1ea1o ra b\u1edfi nh\u1eefng d\u00f2ng m\u1eb7t n\u00e0y t\u1ecf ra kh\u00e1 thi\u1ebfu uy l\u1ef1c, n\u00ean c\u00e1c h\u00e3ng \u0111\u00e3 s\u1ea3n xu\u1ea5t ra nh\u1eefng d\u00f2ng m\u1edbi c\u00f3 \u0111\u1ed9 b\u00e1m d\u00ednh b\u1ec1 m\u1eb7t cao h\u01a1n v\u00e0 l\u00f3t c\u1ee9ng h\u01a1n, nh\u01b0 Dignics 05, Evolution MX-P50, Gewo Nexxus 53. V\u00e0 n\u00f3i \u0111\u1ebfn b\u1ec1 m\u1eb7t b\u00e1m d\u00ednh nh\u1ea5t, th\u00ec m\u1eb7t H3, Dignics 09c v\u00e0 Gewo Codexx ch\u00ednh l\u00e0 nh\u1eefng \u0111\u1ea1i di\u1ec7n ti\u00eau bi\u1ec3u kh\u00e1 c\u1ef1c \u0111oan cho t\u00ednh n\u0103ng n\u00e0y. T\u1ea1i sao l\u1ea1i n\u00f3i l\u00e0 \u201cc\u1ef1c \u0111oan\u201d?? B\u1edfi v\u00ec n\u00f3 c\u00f3 b\u1ec1 m\u1eb7t c\u1ef1c d\u00ednh, xo\u00e1y, nh\u01b0ng b\u00f9 l\u1ea1i th\u00ec t\u1ed1c \u0111\u1ed9 lu\u00f4n kh\u00f4ng \u0111\u01b0\u1ee3c cao, n\u00f3 c\u00f3 th\u1ec3 mi\u1ebft t\u1ed1t nh\u01b0ng khi ti\u1ebfp x\u00fac d\u1ea7y b\u00f3ng, n\u00f3 r\u1ea5t d\u1ec5 b\u1ecb t\u1ee5t v\u00e0 c\u1ea7n 1 l\u1ef1c tay th\u1eadt kho\u1ebb m\u1edbi c\u00f3 th\u1ec3 t\u1ea1o n\u00ean c\u00fa gi\u1eadt ho\u00e0n h\u1ea3o, n\u00f3 k\u00e9n ng\u01b0\u1eddi ch\u01a1i l\u00e0 \u1edf ch\u1ed7 \u0111\u00f3. Ch\u00ednh v\u00ec th\u1ebf, ng\u01b0\u1eddi ta m\u1edbi ngh\u0129 \u0111\u1ebfn chuy\u1ec7n \u201ctune\u201d d\u1ea7u n\u1ea9y cho nh\u1eefng d\u00f2ng m\u1eb7t n\u00e0y, \u0111\u1ec3 ch\u00fang c\u00f3 \u0111\u01b0\u1ee3c t\u1ed1c \u0111\u1ed9 t\u1ed1t h\u01a1n.<\/p>\n<p>Nh\u01b0 v\u1eady, theo nh\u01b0 mi\u00eau t\u1ea3, ng\u01b0\u1eddi ta c\u00f3 th\u1ec3 ngh\u0129: \u201cah, v\u1eady th\u00ec TIBHAR Hybrid K3 c\u00f3 l\u1ebd s\u1ebd gi\u1ed1ng Dignics 09c, H3 v\u00e0 Gewo Codexx sau khi tune d\u1ea7u n\u1ea9y nh\u1ec9, v\u00ec n\u00f3 v\u1eeba b\u00e1m d\u00ednh l\u1ea1i v\u1eeba t\u1ed1c \u0111\u1ed9 cao m\u00e0\u201d.<\/p>\n<p>N\u00f3i v\u1eady th\u00ec c\u0169ng kh\u00e1 \u0111\u00fang, nh\u01b0ng c\u0169ng coi l\u00e0 kh\u00f4ng \u0111\u00fang. V\u00ec c\u1ea3m gi\u00e1c s\u1eed d\u1ee5ng Hybrid K3 l\u00e0 V\u00d4 C\u00d9NG KH\u00c1C BI\u1ec6T. N\u1ebfu \u0111\u1ec3 nh\u1eadn x\u00e9t, n\u00f3 c\u00f3 S\u1ef0 \u1ed4N \u0110\u1ecaNH c\u1ee7a M\u1eb6T NH\u1eacT, c\u00f3 T\u1ed0C \u0110\u1ed8 c\u1ee7a M\u1eb6T \u0110\u1ee8C, c\u00f3 \u0110\u1ed8 XO\u00c1Y c\u1ee7a M\u1eb6T T\u00c0U. T\u00f3m l\u1ea1i th\u00ec, b\u1ea5t c\u1ee9 \u0111i\u1ec1u g\u00ec b\u1ea1n c\u1ea7n, K3 \u0111\u1ec1u c\u00f3 \u0111\u1ee7, th\u1eadm ch\u00ed l\u00e0 t\u1ed1t h\u01a1n mong \u0111\u1ee3i.<\/p>\n<p>C\u00f3 l\u1ebd c\u00f4ng ngh\u1ec7 \u0111\u1eb7c bi\u1ec7t n\u1eb1m \u1edf l\u1edbp ph\u1ee7 b\u1ec1 m\u1eb7t. N\u00f3i l\u00e0 b\u00e1m d\u00ednh, nh\u01b0ng khi \u1ea5n tay v\u00e0o, ch\u00fang ta ko h\u1ec1 c\u1ea3m th\u1ea5y \u0111i\u1ec1u \u0111\u00f3, ch\u1ec9 khi t\u00f4i \u1ea5n m\u1eb7t v\u1ee3t xu\u1ed1ng 1 t\u1edd b\u00eca hay 1 m\u1eb7t ph\u1eb3ng, th\u00ec n\u00f3 m\u00fat v\u00e0 gi\u1eef th\u1eadt ch\u1eb7t, ph\u1ea3i g\u1ee1 th\u00ec m\u1edbi ra \u0111\u01b0\u1ee3c. \u0110\u00e2y l\u00e0 \u0111i\u1ec1u ch\u01b0a t\u1eebng c\u00f3 \u1edf nh\u1eefng d\u00f2ng m\u1eb7t v\u1ee3t kh\u00e1c.<\/p>\n<p>V\u1eady, k\u1ebft qu\u1ea3 c\u1ee7a nh\u1eefng c\u00f4ng ngh\u1ec7 \u0111\u1eb7c bi\u1ec7t v\u00e0 ph\u1ee9c t\u1ea1p k\u1ec3 ra \u1edf tr\u00ean, \u0111\u1ec3 cho ra nh\u1eefng t\u00ednh n\u0103ng nh\u01b0 th\u1ebf n\u00e0o, v\u00e0 b\u1ea1n c\u00f3 th\u1ec3 l\u00e0m g\u00ec v\u1edbi n\u00f3? T\u00f4i \u0111\u00e3 r\u1ea5t h\u00e1o h\u1ee9c khi c\u1ea7m Hybrid K3 tr\u00ean tay v\u00e0 c\u1eaft d\u00e1n, b\u1edfi t\u00f4i ngh\u0129 \u0111\u00e2y ch\u00ednh l\u00e0 1 ph\u00e9p m\u00e0u m\u00e0 ngay khi ra m\u1eaft, h\u00e0ng lo\u1ea1t c\u00e1c V\u0110V \u0111\u1eb3ng c\u1ea5p \u0111\u00e3 chuy\u1ec3n qua s\u1eed d\u1ee5ng v\u00e0 g\u00e2y n\u00ean c\u00e1c cu\u1ed9c ch\u1ea5n \u0111\u1ed9ng nh\u01b0:<\/p>\n<p>\u2013 Ch\u00e0ng k\u1ef9 s\u01b0 m\u00e1y t\u00ednh Darko Jorgic \u0111\u00e1nh b\u1ea1i Harimoto v\u00e0 l\u1ecdt v\u00e0o Top 8 Olymlic Tokyo 2021<br \/>\n\u2013 V\u0110V 32 tu\u1ed5i Paul Drinkhall ng\u01b0\u1eddi Anh h\u1ea1 g\u1ee5c Lin Gaoyuan c\u1ee7a Trung Qu\u1ed1c<br \/>\n\u2013 V\u0110V tr\u1ebb ch\u01b0a nhi\u1ec1u t\u00ean tu\u1ed5i c\u1ee7a Tibhar Team: Olav Kosolosky chi\u1ebfn th\u1eafng thuy\u1ebft ph\u1ee5c tr\u01b0\u1edbc Zhou Qihao c\u1ee7a Tuy\u1ec3n qu\u1ed1c gia Trung Qu\u1ed1c.<\/p>\n<p>\u0110i\u1ec3m chung c\u1ee7a nh\u1eefng V\u0110V n\u00e0y ngay sau khi chuy\u1ec3n qua Hybrid K3 l\u00e0 kh\u1ea3 n\u0103ng t\u1ea5n c\u00f4ng, ph\u1ea3n c\u00f4ng b\u00ean ph\u1ea3i \u0111\u01b0\u1ee3c gia t\u0103ng tr\u00ean di\u1ec7n r\u1ed9ng. Nh\u1eefng t\u00ecnh hu\u1ed1ng gi\u1eadt \u0111\u1ed1i tr\u1edf n\u00ean d\u1ec5 d\u00e0ng h\u01a1n r\u1ea5t nhi\u1ec1u. \u0110\u1ed9 xo\u00e1y b\u1ec1 m\u1eb7t cho ph\u00e9p b\u1ea1n kh\u00f4ng c\u1ea7n qu\u00e1 quan t\u00e2m \u0111\u1ebfn xo\u00e1y c\u1ee7a \u0111\u1ed1i ph\u01b0\u01a1ng, m\u00e0 ch\u1ec9 c\u1ea7n ch\u1ee7 \u0111\u1ed9ng mi\u1ebft b\u00f3ng, th\u00ec b\u1ea1n c\u00f3 th\u1ec3 t\u1ea1o n\u00ean \u0111\u1ed9 xo\u00e1y v\u01b0\u1ee3t tr\u1ed9i v\u00e0 qu\u1ef9 \u0111\u1ea1o b\u00f3ng c\u1ee7a ri\u00eang m\u00ecnh. T\u1ed1c \u0111\u1ed9 l\u1edbn l\u00e0m nh\u1eefng pha b\u00f3ng l\u00f9i xa b\u00e0n kh\u00f4ng b\u1ecb thi\u1ebfu l\u1ef1c, b\u1ea1n kh\u00f4ng c\u1ea7n \u0111\u1ebfn bi\u00ean \u0111\u1ed9 r\u1ed9ng l\u1edbn.<\/p>\n<p><a href=\"https:\/\/www.phivutabletennis.com\/wp-content\/uploads\/2023\/07\/mat-vot-tibhar-hybrid-k3-1.jpg\"><img loading=\"lazy\" decoding=\"async\" class=\"alignnone size-full wp-image-4536\" src=\"https:\/\/www.phivutabletennis.com\/wp-content\/uploads\/2023\/07\/mat-vot-tibhar-hybrid-k3-1.jpg\" alt=\"\" width=\"790\" height=\"1104\" srcset=\"https:\/\/www.phivutabletennis.com\/wp-content\/uploads\/2023\/07\/mat-vot-tibhar-hybrid-k3-1.jpg 790w, https:\/\/www.phivutabletennis.com\/wp-content\/uploads\/2023\/07\/mat-vot-tibhar-hybrid-k3-1-215x300.jpg 215w, https:\/\/www.phivutabletennis.com\/wp-content\/uploads\/2023\/07\/mat-vot-tibhar-hybrid-k3-1-733x1024.jpg 733w, https:\/\/www.phivutabletennis.com\/wp-content\/uploads\/2023\/07\/mat-vot-tibhar-hybrid-k3-1-768x1073.jpg 768w, https:\/\/www.phivutabletennis.com\/wp-content\/uploads\/2023\/07\/mat-vot-tibhar-hybrid-k3-1-600x838.jpg 600w\" sizes=\"auto, (max-width: 790px) 100vw, 790px\" \/><\/a><\/p>\n<p>&nbsp;<\/p>\n","protected":false},"excerpt":{"rendered":"<p>TIBHAR Hybrid K3: ph\u00e9p m\u00e0u ho\u00e0n h\u1ea3o \u0111\u1ebfn kh\u00f4ng ng\u1edd. \u0110\u00e2y l\u00e0 d\u00f2ng m\u1eb7t v\u1ee3t \u0111\u01b0\u1ee3c h\u00e3ng gi\u1edbi thi\u1ec7u l\u00e0: k\u1ebft h\u1ee3p \u0111\u01b0\u1ee3c 2 \u0111i\u1ec1u t\u01b0\u1edfng ch\u1eebng nh\u01b0 ko th\u1ec3 k\u1ebft h\u1ee3p, \u0111\u00f3 l\u00e0 \u201c\u0111\u1ed9 b\u00e1m d\u00ednh b\u1ec1 m\u1eb7t cao\u201d v\u00e0 \u201ct\u1ed1c \u0111\u1ed9 l\u1edbn\u201d. V\u00e2ng, n\u00f3i th\u00eam \u0111\u1ec3 anh em hi\u1ec3u, th\u00ec nh\u1eefng d\u00f2ng m\u1eb7t [&hellip;]<\/p>\n","protected":false},"featured_media":4535,"comment_status":"open","ping_status":"closed","template":"","meta":{"_eb_attr":""},"product_cat":[180,189,179,29],"product_tag":[],"class_list":["post-4534","product","type-product","status-publish","has-post-thumbnail","hentry","product_cat-popular-brand","product_cat-tibhar-brand","product_cat-tihbar-rubbers","product_cat-mat-vot"],"_links":{"self":[{"href":"https:\/\/www.phivutabletennis.com\/index.php\/wp-json\/wp\/v2\/product\/4534","targetHints":{"allow":["GET"]}}],"collection":[{"href":"https:\/\/www.phivutabletennis.com\/index.php\/wp-json\/wp\/v2\/product"}],"about":[{"href":"https:\/\/www.phivutabletennis.com\/index.php\/wp-json\/wp\/v2\/types\/product"}],"replies":[{"embeddable":true,"href":"https:\/\/www.phivutabletennis.com\/index.php\/wp-json\/wp\/v2\/comments?post=4534"}],"wp:featuredmedia":[{"embeddable":true,"href":"https:\/\/www.phivutabletennis.com\/index.php\/wp-json\/wp\/v2\/media\/4535"}],"wp:attachment":[{"href":"https:\/\/www.phivutabletennis.com\/index.php\/wp-json\/wp\/v2\/media?parent=4534"}],"wp:term":[{"taxonomy":"product_cat","embeddable":true,"href":"https:\/\/www.phivutabletennis.com\/index.php\/wp-json\/wp\/v2\/product_cat?post=4534"},{"taxonomy":"product_tag","embeddable":true,"href":"https:\/\/www.phivutabletennis.com\/index.php\/wp-json\/wp\/v2\/product_tag?post=4534"}],"curies":[{"name":"wp","href":"https:\/\/api.w.org\/{rel}","templated":true}]}}