{"id":4538,"date":"2023-07-31T09:47:27","date_gmt":"2023-07-31T02:47:27","guid":{"rendered":"https:\/\/www.phivutabletennis.com\/?post_type=product&#038;p=4538"},"modified":"2023-08-06T21:32:32","modified_gmt":"2023-08-06T14:32:32","slug":"tibhar-quantum-x-pro","status":"publish","type":"product","link":"https:\/\/www.phivutabletennis.com\/index.php\/product\/tibhar-quantum-x-pro\/","title":{"rendered":"TIBHAR Quantum X Pro"},"content":{"rendered":"<p>Tibhar QUANTUM X PRO \u2013 Made in Germany<\/p>\n<p>Speed: 115 \u0111\u1ed9<\/p>\n<p>Control: 95 \u0111\u1ed9<\/p>\n<p>Spin: 115 \u0111\u1ed9<\/p>\n<p>\u0110\u1ed9 c\u1ee9ng: 47.5 \u0111\u1ed9<\/p>\n<p>2\/Tibhar QUANTUM X PRO SOFT \u2013 Made in Germany<\/p>\n<p>Speed: 110 \u0111\u1ed9<\/p>\n<p>Control: 100 \u0111\u1ed9<\/p>\n<p>Spin: 112 \u0111\u1ed9<\/p>\n<p>\u0110\u1ed9 c\u1ee9ng: 42.5 \u0111\u1ed9<\/p>\n<p>D\u00f2ng m\u00fat m\u1edbi c\u1ee7a TIBHAR c\u00f3 g\u00ec hay?<\/p>\n<p>Ti\u1ebfp n\u1ed1i c\u1ee7a th\u1ebf h\u1ec7 Quantum \u0111i tr\u01b0\u1edbc, Tibhar cho ra \u0111\u1eddi Quantum X Pro soft v\u1edbi c\u00e1c phi\u00ean b\u1ea3n m\u00e0u m\u1edbi, \u0111\u00e2y l\u00e0 m\u1ed9t m\u1eabu m\u00fat m\u1ec1m 42.5* v\u1edbi t\u00ednh n\u0103ng \u0111\u01b0\u1ee3c h\u00e3ng nh\u1ea5n m\u1ea1nh l\u00e0 t\u1ea5n c\u00f4ng + ki\u1ec3m so\u00e1t, v\u1eady \u0111\u1ec3 th\u1ea5y r\u00f5 \u01b0u \u0111i\u1ec3m ngay t\u1eeb \u0111\u1ea7u c\u1ee7a m\u00fat n\u00e0y s\u1ebd l\u00e0 t\u1eadp trung ki\u1ec3m so\u00e1t t\u1ed1t nh\u01b0ng v\u1eabn t\u1ea1o \u0111\u01b0\u1ee3c m\u1ed9t \u0111\u00f2n t\u1ea5n c\u00f4ng m\u1ea1nh m\u1ebd,<\/p>\n<p>\u0110\u1eb7c bi\u1ec7t l\u00e0 l\u1edbp cao su d\u00e0y v\u00e0 giai, \u0111\u1ed9 gia c\u00f4ng r\u1ea5t cao c\u1ea5p \u0111\u1eb7c bi\u1ec7t v\u1edbi m\u00e0u m\u1edbi, t\u1eeb bao b\u00ec t\u1edbi ngo\u1ea1i quan th\u00ec kh\u00f4ng ch\u00ea v\u00e0o \u0111\u00e2u \u0111\u01b0\u1ee3c, c\u0169ng d\u1ec5 hi\u1ec3u v\u00ec X pro soft thu\u1ed9c nh\u00f3m d\u00f2ng m\u00fat cao c\u1ea5p nh\u1ea5t c\u1ee7a Tibhar hi\u1ec7n nay,<\/p>\n<p>\u2013 \u0110\u00f4i c\u00f4ng tr\u00e1i : c\u1ef1c \u0111\u1ec1u b\u00f3ng, l\u1ef1c \u0111i r\u1ea5t t\u1ed1t, \u0111\u01b0\u1eddng b\u00f3ng g\u1ea7n s\u00e1t l\u01b0\u1edbi, \u00eam tay v\u00e0 ki\u1ec3m so\u00e1t cao<\/p>\n<p>\u2013 Gi\u1eadt moi tr\u00e1i: r\u1ea5t \u0111\u1ee7 l\u1ef1c, l\u00ean d\u1ec5 nh\u01b0ng \u0111\u1ed9 xo\u00e1y ko cao, v\u00f2ng cung trung b\u00ecnh, \u0111i\u1ec1u g\u00f3c d\u1ec5,<\/p>\n<p>\u2013 C\u1eaft s\u1ec9a : \u00eam \u00e1i, nh\u01b0ng b\u00f3ng \u0111i ng\u1eafn v\u00e0 kh\u00f4ng qu\u00e1 si\u1ebft, c\u1eaft g\u00f3c kh\u00e1 t\u1ed1t, b\u00f3ng ko b\u1ecb b\u1ec1nh qu\u00e1, \u0111i\u1ec1u ch\u1ec9nh l\u1ef1c t\u01b0\u01a1ng \u0111\u1ed1i \u0111\u01a1n gi\u1ea3n,<\/p>\n<p>\u2013 \u0110\u1ea5m tr\u00e1i, b\u1ea1t tr\u00e1i: \u0111\u00e2y l\u00e0 \u0111i\u1ec3m m\u1ea1nh nh\u1ea5t c\u1ee7a Xpro soft, \u0111\u00f2n \u0111\u1ea5m c\u1ef1c k\u1ef3 m\u1ea1nh v\u00e0 nhanh, h\u01a1i b\u1ea5t ng\u1edd v\u00ec v\u1edbi \u0111\u1ed9 c\u1ee9ng 42.5* m\u00e0 m\u00fat l\u1ea1i t\u1ea1o m\u1ed9t l\u1ef1c kh\u00e1 cao.<\/p>\n<p>Nh\u01b0 v\u1eady ai \u0111ang c\u1ea7n m\u1ed9t m\u00fat tr\u00e1i cho kh\u1ea3 n\u0103ng t\u1ea5n c\u00f4ng t\u1ed1t, k\u00ea ch\u1eb7n t\u1ed1t v\u00e0 \u0111\u1ea5m b\u1ea1t t\u1ed1c \u0111\u1ed9 cao, m\u00fat kh\u00f4ng thi\u00ean xo\u00e1y nh\u01b0ng v\u1eabn \u0111\u1ee7 \u0111\u1ec3 th\u1ef1c hi\u00ean nh\u1eefng c\u00fa gi\u1eadt \u0111\u01a1n gi\u1ea3n v\u00e0 moi l\u00ean xo\u00e1y xu\u1ed1ng t\u1ed1t, m\u00fat r\u1ea5t d\u1ec5 ch\u01a1i, c\u1ea3m gi\u00e1c cao,<\/p>\n<p>V\u1edbi nh\u1eefng ai ch\u01a1i c\u1ed1t Off+ c\u1ee9ng v\u00e0 d\u00e0y, c\u0169ng c\u00f3 th\u1ec3 \u0111\u00e1nh ph\u1ea3i v\u1edbi X pro soft m\u00e0 ko s\u1ee3 thi\u1ebfu l\u1ef1c, gia t\u0103ng \u0111\u1ed9 ki\u1ec3m so\u00e1t khi t\u1ea5n c\u00f4ng v\u00e0 ph\u00f2ng th\u1ee7.<\/p>\n<p><em><strong>M\u1eb7t v\u1ee3t c\u00f3 4 m\u00e0u : H\u1ed3ng, xanh, \u0111\u1ecf, \u0111en<\/strong><\/em><\/p>\n","protected":false},"excerpt":{"rendered":"<p>Tibhar QUANTUM X PRO \u2013 Made in Germany Speed: 115 \u0111\u1ed9 Control: 95 \u0111\u1ed9 Spin: 115 \u0111\u1ed9 \u0110\u1ed9 c\u1ee9ng: 47.5 \u0111\u1ed9 2\/Tibhar QUANTUM X PRO SOFT \u2013 Made in Germany Speed: 110 \u0111\u1ed9 Control: 100 \u0111\u1ed9 Spin: 112 \u0111\u1ed9 \u0110\u1ed9 c\u1ee9ng: 42.5 \u0111\u1ed9 D\u00f2ng m\u00fat m\u1edbi c\u1ee7a TIBHAR c\u00f3 g\u00ec hay? Ti\u1ebfp n\u1ed1i c\u1ee7a th\u1ebf [&hellip;]<\/p>\n","protected":false},"featured_media":4540,"comment_status":"open","ping_status":"closed","template":"","meta":{"_eb_attr":""},"product_cat":[180,189,179,29],"product_tag":[],"class_list":["post-4538","product","type-product","status-publish","has-post-thumbnail","hentry","product_cat-popular-brand","product_cat-tibhar-brand","product_cat-tihbar-rubbers","product_cat-mat-vot"],"_links":{"self":[{"href":"https:\/\/www.phivutabletennis.com\/index.php\/wp-json\/wp\/v2\/product\/4538","targetHints":{"allow":["GET"]}}],"collection":[{"href":"https:\/\/www.phivutabletennis.com\/index.php\/wp-json\/wp\/v2\/product"}],"about":[{"href":"https:\/\/www.phivutabletennis.com\/index.php\/wp-json\/wp\/v2\/types\/product"}],"replies":[{"embeddable":true,"href":"https:\/\/www.phivutabletennis.com\/index.php\/wp-json\/wp\/v2\/comments?post=4538"}],"wp:featuredmedia":[{"embeddable":true,"href":"https:\/\/www.phivutabletennis.com\/index.php\/wp-json\/wp\/v2\/media\/4540"}],"wp:attachment":[{"href":"https:\/\/www.phivutabletennis.com\/index.php\/wp-json\/wp\/v2\/media?parent=4538"}],"wp:term":[{"taxonomy":"product_cat","embeddable":true,"href":"https:\/\/www.phivutabletennis.com\/index.php\/wp-json\/wp\/v2\/product_cat?post=4538"},{"taxonomy":"product_tag","embeddable":true,"href":"https:\/\/www.phivutabletennis.com\/index.php\/wp-json\/wp\/v2\/product_tag?post=4538"}],"curies":[{"name":"wp","href":"https:\/\/api.w.org\/{rel}","templated":true}]}}