{"id":454,"date":"2023-04-02T00:14:24","date_gmt":"2023-04-01T17:14:24","guid":{"rendered":"http:\/\/www.phivutabletennis.com\/?post_type=product&#038;p=454"},"modified":"2023-04-02T00:34:02","modified_gmt":"2023-04-01T17:34:02","slug":"tenergy-80","status":"publish","type":"product","link":"https:\/\/www.phivutabletennis.com\/index.php\/product\/tenergy-80\/","title":{"rendered":"TENERGY 80"},"content":{"rendered":"<p class=\"p1\"><b>M\u1eb6T\u00a0V\u1ee2T BUTTERFLY\u00a0<\/b><strong>TENERGY 80<\/strong><\/p>\n<p class=\"p1\"><b>S\u1ea3n xu\u1ea5t t\u1ea1i Nh\u1eadt B\u1ea3n\u00a0<\/b><\/p>\n<p><strong>Tenergy 80<\/strong>\u00a0s\u1ef1 k\u1ebft h\u1ee3p tuy\u1ec7t v\u1eddi gi\u1eefa c\u00f4ng ngh\u1ec7 b\u00e1m xo\u00e1y c\u1ee7a\u00a0d\u00f2ng\u00a0Tenergy\u00a005\u00a0v\u00e0 c\u00f4ng ngh\u1ec7 t\u1ed1c \u0111\u1ed9 c\u1ee7a d\u00f2ng Tenergy 64, th\u00edch h\u1ee3p v\u1edbi ng\u01b0\u1eddi ch\u01a1i\u00a0y\u00eau th\u00edch s\u1ef1 c\u00e2n b\u1eb1ng gi\u1eefa t\u1ed1c \u0111\u1ed9 v\u00e0 \u0111\u1ed9 b\u00e1m xo\u00e1y.<\/p>\n<table border=\"0\" cellspacing=\"1\" cellpadding=\"1\">\n<tbody>\n<tr>\n<td>T\u1ed1c \u0111\u1ed9<\/td>\n<td>: 85<\/td>\n<\/tr>\n<tr>\n<td>\u0110\u00f4\u0323 xoa\u0301y<\/td>\n<td>: 73<\/td>\n<\/tr>\n<tr>\n<td>\u0110\u00f4\u0323 c\u01b0\u0301ng<\/td>\n<td>: 36<\/td>\n<\/tr>\n<tr>\n<td>Quy\u0303 \u0111a\u0323o bo\u0301ng<\/td>\n<td>: 77<\/td>\n<\/tr>\n<tr>\n<td>\u0110\u00f4\u0323 da\u0300y<\/td>\n<td>: 1.9 mm va\u0300 2.1 mm<\/td>\n<\/tr>\n<\/tbody>\n<\/table>\n<p><strong>***T\u1eeb th\u00e1ng 2 n\u0103m 2023 th\u01b0\u01a1ng hi\u00ea\u0323u Butterfly \u0111a\u0303 a\u0301p d\u1ee5ng nh\u1eefng c\u1ea3i ti\u1ebfn m\u01a1\u0301i trong ph\u01b0\u01a1ng ph\u00e1p \u0111o l\u01b0\u1eddng v\u00e0 \u0111\u00e1nh gi\u00e1 s\u1ea3n ph\u1ea9m. Ca\u0301ch th\u00ea\u0309 hi\u00ea\u0323n th\u00f4ng s\u00f4\u0301 \u0111\u01b0\u01a1\u0323c thay \u0111\u1ed5i nh\u01b0 tr\u00ean<\/strong>.<br \/>\n<strong>Theo th\u00f4ng s\u00f4\u0301 chu\u00e2\u0309n cu\u0309a ha\u0303ng Butterfly<\/strong><\/p>\n","protected":false},"excerpt":{"rendered":"<p>M\u1eb6T\u00a0V\u1ee2T BUTTERFLY\u00a0TENERGY 80 S\u1ea3n xu\u1ea5t t\u1ea1i Nh\u1eadt B\u1ea3n\u00a0 Tenergy 80\u00a0s\u1ef1 k\u1ebft h\u1ee3p tuy\u1ec7t v\u1eddi gi\u1eefa c\u00f4ng ngh\u1ec7 b\u00e1m xo\u00e1y c\u1ee7a\u00a0d\u00f2ng\u00a0Tenergy\u00a005\u00a0v\u00e0 c\u00f4ng ngh\u1ec7 t\u1ed1c \u0111\u1ed9 c\u1ee7a d\u00f2ng Tenergy 64, th\u00edch h\u1ee3p v\u1edbi ng\u01b0\u1eddi ch\u01a1i\u00a0y\u00eau th\u00edch s\u1ef1 c\u00e2n b\u1eb1ng gi\u1eefa t\u1ed1c \u0111\u1ed9 v\u00e0 \u0111\u1ed9 b\u00e1m xo\u00e1y. T\u1ed1c \u0111\u1ed9 : 85 \u0110\u00f4\u0323 xoa\u0301y : 73 \u0110\u00f4\u0323 c\u01b0\u0301ng : [&hellip;]<\/p>\n","protected":false},"featured_media":456,"comment_status":"open","ping_status":"closed","template":"","meta":{"_eb_attr":""},"product_cat":[48,50,29],"product_tag":[],"class_list":["post-454","product","type-product","status-publish","has-post-thumbnail","hentry","product_cat-butterfly-mv","product_cat-tenergy","product_cat-mat-vot"],"_links":{"self":[{"href":"https:\/\/www.phivutabletennis.com\/index.php\/wp-json\/wp\/v2\/product\/454","targetHints":{"allow":["GET"]}}],"collection":[{"href":"https:\/\/www.phivutabletennis.com\/index.php\/wp-json\/wp\/v2\/product"}],"about":[{"href":"https:\/\/www.phivutabletennis.com\/index.php\/wp-json\/wp\/v2\/types\/product"}],"replies":[{"embeddable":true,"href":"https:\/\/www.phivutabletennis.com\/index.php\/wp-json\/wp\/v2\/comments?post=454"}],"wp:featuredmedia":[{"embeddable":true,"href":"https:\/\/www.phivutabletennis.com\/index.php\/wp-json\/wp\/v2\/media\/456"}],"wp:attachment":[{"href":"https:\/\/www.phivutabletennis.com\/index.php\/wp-json\/wp\/v2\/media?parent=454"}],"wp:term":[{"taxonomy":"product_cat","embeddable":true,"href":"https:\/\/www.phivutabletennis.com\/index.php\/wp-json\/wp\/v2\/product_cat?post=454"},{"taxonomy":"product_tag","embeddable":true,"href":"https:\/\/www.phivutabletennis.com\/index.php\/wp-json\/wp\/v2\/product_tag?post=454"}],"curies":[{"name":"wp","href":"https:\/\/api.w.org\/{rel}","templated":true}]}}