{"id":4868,"date":"2024-09-13T22:06:42","date_gmt":"2024-09-13T15:06:42","guid":{"rendered":"https:\/\/www.phivutabletennis.com\/?post_type=product&#038;p=4868"},"modified":"2024-09-13T22:06:44","modified_gmt":"2024-09-13T15:06:44","slug":"mat-vot-rozena-butterfly-made-in-japan","status":"publish","type":"product","link":"https:\/\/www.phivutabletennis.com\/index.php\/product\/mat-vot-rozena-butterfly-made-in-japan\/","title":{"rendered":"M\u1eb7t v\u1ee3t Rozena Butterfly &#8211; Made in Japan"},"content":{"rendered":"<p class=\"p1\"><b>M\u1eb6T\u00a0V\u1ee2T BUTTERFLY ROZENA<\/b><\/p>\n<p class=\"p1\"><b>S\u1ea3n xu\u1ea5t t\u1ea1i Nh\u1eadt B\u1ea3n\u00a0<\/b><\/p>\n<p>C\u00f4ng ngh\u1ec7 m\u1edbi nh\u1eb1m n\u00e2ng cao hi\u1ec7u su\u1ea5t t\u01b0\u01a1ng \u1ee9ng v\u1edbi kh\u1ea3 n\u0103ng c\u1ee7a ng\u01b0\u1eddi ch\u01a1i.<\/p>\n<p>M\u1eb7t l\u00f3t m\u00e0u h\u1ed3ng\u00a0\u0111\u01b0\u1ee3c s\u1ea3n xu\u1ea5t b\u1eb1ng c\u00f4ng ngh\u1ec7 b\u1ecdt kh\u00ed \u0111\u1ed9c quy\u1ec1n, k\u1ebft h\u1ee3p c\u00f4ng ngh\u1ec7 m\u1edbi hi\u1ec7n \u0111\u1ea1i gi\u00fap m\u1eb7t v\u1ee3t\u00a0<strong>ROZENA<\/strong>\u00a0s\u1edf h\u1eefu nhi\u1ec1u t\u00ednh n\u0103ng \u01b0u vi\u1ec7t cho ph\u00e9p ng\u01b0\u1eddi ch\u01a1i c\u00f3 th\u1ec3 ki\u1ec3m so\u00e1t, \u0111i\u1ec1u ch\u1ec9nh v\u00e0 ho\u00e0n thi\u1ec7n k\u1ef9 n\u0103ng \u0111\u00e1nh b\u00f3ng.<\/p>\n<p>M\u1eb7t v\u1ee3t\u00a0<strong>ROZENA<\/strong>\u00a0v\u1edbi \u0111i\u1ec3m ti\u1ebfp x\u00fac b\u00f3ng r\u1ed9ng, bao g\u1ed3m c\u00e1c \u0111i\u1ec3m ti\u1ebfp x\u00fac quanh c\u1ea1nh v\u1ee3t gi\u00fap ng\u01b0\u1eddi ch\u01a1i c\u00f3 c\u1ea3m gi\u00e1c \u1ed5n \u0111\u1ecbnh. Th\u00edch h\u1ee3p ng\u01b0\u1eddi ch\u01a1i k\u1ef9 thu\u1eadt trung v\u00e0 g\u1ea7n b\u00e0n.<\/p>\n<table border=\"0\" cellspacing=\"1\" cellpadding=\"1\">\n<tbody>\n<tr>\n<td>T\u1ed1c \u0111\u1ed9<\/td>\n<td>: 83<\/td>\n<\/tr>\n<tr>\n<td>\u0110\u00f4\u0323 xoa\u0301y<\/td>\n<td>: 70<\/td>\n<\/tr>\n<tr>\n<td>\u0110\u00f4\u0323 c\u01b0\u0301ng<\/td>\n<td>: 35<\/td>\n<\/tr>\n<tr>\n<td>Quy\u0303 \u0111a\u0323o bo\u0301ng<\/td>\n<td>: 75<\/td>\n<\/tr>\n<tr>\n<td>\u0110\u00f4\u0323 da\u0300y<\/td>\n<td>: 1.9 mm va\u0300 2.1 mm<\/td>\n<\/tr>\n<\/tbody>\n<\/table>\n","protected":false},"excerpt":{"rendered":"<p>M\u1eb6T\u00a0V\u1ee2T BUTTERFLY ROZENA S\u1ea3n xu\u1ea5t t\u1ea1i Nh\u1eadt B\u1ea3n\u00a0 C\u00f4ng ngh\u1ec7 m\u1edbi nh\u1eb1m n\u00e2ng cao hi\u1ec7u su\u1ea5t t\u01b0\u01a1ng \u1ee9ng v\u1edbi kh\u1ea3 n\u0103ng c\u1ee7a ng\u01b0\u1eddi ch\u01a1i. M\u1eb7t l\u00f3t m\u00e0u h\u1ed3ng\u00a0\u0111\u01b0\u1ee3c s\u1ea3n xu\u1ea5t b\u1eb1ng c\u00f4ng ngh\u1ec7 b\u1ecdt kh\u00ed \u0111\u1ed9c quy\u1ec1n, k\u1ebft h\u1ee3p c\u00f4ng ngh\u1ec7 m\u1edbi hi\u1ec7n \u0111\u1ea1i gi\u00fap m\u1eb7t v\u1ee3t\u00a0ROZENA\u00a0s\u1edf h\u1eefu nhi\u1ec1u t\u00ednh n\u0103ng \u01b0u vi\u1ec7t cho ph\u00e9p [&hellip;]<\/p>\n","protected":false},"featured_media":4869,"comment_status":"open","ping_status":"closed","template":"","meta":{"_eb_attr":""},"product_cat":[48,29],"product_tag":[],"class_list":["post-4868","product","type-product","status-publish","has-post-thumbnail","hentry","product_cat-butterfly-mv","product_cat-mat-vot"],"_links":{"self":[{"href":"https:\/\/www.phivutabletennis.com\/index.php\/wp-json\/wp\/v2\/product\/4868","targetHints":{"allow":["GET"]}}],"collection":[{"href":"https:\/\/www.phivutabletennis.com\/index.php\/wp-json\/wp\/v2\/product"}],"about":[{"href":"https:\/\/www.phivutabletennis.com\/index.php\/wp-json\/wp\/v2\/types\/product"}],"replies":[{"embeddable":true,"href":"https:\/\/www.phivutabletennis.com\/index.php\/wp-json\/wp\/v2\/comments?post=4868"}],"wp:featuredmedia":[{"embeddable":true,"href":"https:\/\/www.phivutabletennis.com\/index.php\/wp-json\/wp\/v2\/media\/4869"}],"wp:attachment":[{"href":"https:\/\/www.phivutabletennis.com\/index.php\/wp-json\/wp\/v2\/media?parent=4868"}],"wp:term":[{"taxonomy":"product_cat","embeddable":true,"href":"https:\/\/www.phivutabletennis.com\/index.php\/wp-json\/wp\/v2\/product_cat?post=4868"},{"taxonomy":"product_tag","embeddable":true,"href":"https:\/\/www.phivutabletennis.com\/index.php\/wp-json\/wp\/v2\/product_tag?post=4868"}],"curies":[{"name":"wp","href":"https:\/\/api.w.org\/{rel}","templated":true}]}}