{"id":4879,"date":"2024-09-13T22:20:51","date_gmt":"2024-09-13T15:20:51","guid":{"rendered":"https:\/\/www.phivutabletennis.com\/?post_type=product&#038;p=4879"},"modified":"2024-09-13T22:20:52","modified_gmt":"2024-09-13T15:20:52","slug":"ban-bong-ban-double-fish-233-wtt-limited-seagame-31","status":"publish","type":"product","link":"https:\/\/www.phivutabletennis.com\/index.php\/product\/ban-bong-ban-double-fish-233-wtt-limited-seagame-31\/","title":{"rendered":"B\u00e0n B\u00f3ng B\u00e0n Double Fish 233 WTT Limited Seagame 31"},"content":{"rendered":"<p>B\u00e0n b\u00f3ng b\u00e0n Double Fish 233 WTT Limited Seagame 31 \u0111\u01b0\u1ee3c nh\u00e0 s\u1ea3n xu\u1ea5t Double Fish s\u1ea3n xu\u1ea5t d\u00e0nh ri\u00eang ph\u1ee5c v\u1ee5 cho Seagame 31 \u0111\u01b0\u1ee3c t\u1ed5 ch\u1ee9c \u1edf Vi\u1ec7t Nam v\u1edbi s\u1ed1 l\u01b0\u1ee3ng gi\u1edbi h\u1ea1n ch\u1ec9 100 c\u00e1i \u0111\u01b0\u1ee3c \u0111\u00e1nh s\u1ed1 t\u1eeb 1 \u2013 100<\/p>\n<p>1. T\u00ednh n\u0103ng s\u1ea3n ph\u1ea9m<br \/>\nB\u00e0n b\u00f3ng b\u00e0n Double Fish DF \u2013 233\u00a0Limited Seagame 31 c\u00f3 k\u00edch th\u01b0\u1edbc \u00a01525mm x 2740mm x 760mm, m\u1eb7t b\u00e0n h\u00ecnh ch\u1eef nh\u1eadt, c\u1ee9ng, \u0111\u01b0\u1ee3c thi\u1ebft k\u1ebf ph\u00e1 c\u00e1ch v\u1edbi b\u1ec1 m\u1eb7t c\u00f3 m\u00e0u xanh \u0111en sang tr\u1ecdng. L\u01b0\u1edbi \u1edf gi\u1eefa chia m\u1eb7t b\u00e0n th\u00e0nh hai ph\u1ea7n b\u1eb1ng nhau. B\u1ec1 m\u1eb7t b\u00e0n \u0111\u01b0\u1ee3c ph\u1ee7 s\u01a1n ch\u1ed1ng l\u00f3a, ch\u1ed1ng \u1ea9m m\u1ed1c, m\u1eb7t b\u00e0n m\u1ecbn gi\u00fap gi\u1ea3m ma s\u00e1t, \u0111\u1ed9 n\u1ea3y \u0111\u1ec1u, ch\u00e2n b\u00e0n ch\u1eafc ch\u1eafn.<\/p>\n<p>DF \u2013 233 WTT limited Seagame 31 c\u00f3 ch\u1ea5t l\u01b0\u1ee3ng c\u1ea3i ti\u1ebfn v\u01b0\u1ee3t tr\u1ed9i , \u0111\u01b0\u1ee3c gi\u1edbi chuy\u00ean m\u00f4n trong v\u00e0 ngo\u00e0i n\u01b0\u1edbc \u0111\u00e1nh gi\u00e1 cao v\u00e0 \u0111\u00e3 t\u1eebng \u0111\u01b0\u1ee3c s\u1eed d\u1ee5ng t\u1ea1i gi\u1ea3i WTT MIDDLE EAST HUB \u2013 DOHA QATAR 2021\u00a0 v\u00e0 Seagame 31 t\u1ea1i Vi\u1ec7t Nam<\/p>\n<p>Ch\u1ea5t li\u1ec7u \u0111\u01b0\u1ee3c s\u1eed d\u1ee5ng \u0111\u1ec3 s\u1ea3n xu\u1ea5t b\u00e0n b\u00f3ng b\u00e0n Double Fish l\u00e0 g\u1ed7 MDF cao c\u1ea5p. G\u1ed7 MDF \u0111\u01b0\u1ee3c ch\u1ebf bi\u1ebfn t\u1eeb c\u00e1c lo\u1ea1i g\u1ed7 m\u1ec1m, \u0111\u1ed9 b\u00e1m s\u01a1n v\u00e0 vecni cao. V\u1edbi ch\u1ea5t li\u1ec7u n\u00e0y c\u00f3 th\u1ec3 s\u01a1n nhi\u1ec1u m\u00e0u cho s\u1ea3n ph\u1ea9m, t\u1ea1o s\u1ef1 \u0111a d\u1ea1ng v\u1ec1 m\u00e0u s\u1eafc, d\u1ec5 t\u1ea1o d\u00e1ng (cong) cho c\u00e1c s\u1ea3n ph\u1ea9m c\u1ea7u k\u1ef3, d\u1ec5 gia c\u00f4ng; c\u00e1ch \u00e2m, c\u00e1ch nhi\u1ec7t t\u1ed1t. G\u00f3p ph\u1ea7n t\u0103ng \u0111\u1ed9 b\u1ec1n cho s\u1ea3n ph\u1ea9m.<\/p>\n<p>Double Fish 233\u00a0\u0111\u01b0\u1ee3c thi\u1ebft k\u1ebf v\u1edbi 4 b\u00e1nh xe to di chuy\u1ec3n linh \u0111\u1ed9ng k\u00e8m 4 ch\u00e2n ch\u1ed1ng rung, ch\u1ecbu l\u1ef1c, \u0111\u1ea3m b\u1ea3o c\u00e2n b\u1eb1ng t\u1ed1t nh\u1ea5t cho m\u1eb7t b\u00e0n. M\u1ed9t t\u00ednh n\u0103ng m\u1edbi m\u00e0 s\u1ea3n ph\u1ea9m mang l\u1ea1i cho ng\u01b0\u1eddi d\u00f9ng l\u00e0 c\u00f3 th\u1ec3 g\u1eadp \u0111\u00f4i l\u1ea1i, v\u00f4 c\u00f9ng thu\u1eadn ti\u1ec7n cho vi\u1ec7c v\u1eadn chuy\u1ec3n v\u00e0 ti\u1ebft ki\u1ec7m di\u1ec7n t\u00edch sau khi s\u1eed d\u1ee5ng.<\/p>\n<div>\n<div>\n<p>2. Th\u00f4ng s\u1ed1 k\u1ef9 thu\u1eadt\u00a0B\u00e0n B\u00f3ng B\u00e0n Double Fish 233\u00a0WTT Limited Seagame 31.<\/p>\n<p>\u2013 H\u00e3ng s\u1ea3n xu\u1ea5t: Double Fish<\/p>\n<p>\u2013 K\u00edch th\u01b0\u1edbc: 1525mm x 2740mm x 760mm<\/p>\n<p>\u2013 Ch\u1ea5t li\u1ec7u MDF cao c\u1ea5p<\/p>\n<p>\u2013 \u0110\u1ed9 d\u00e0y m\u1eb7t b\u00e0n: 25mm<\/p>\n<p>\u2013 \u0110\u1ed9 d\u00e0y n\u1eb9p b\u00e0n: 50mm.<\/p>\n<p>\u2013 Tr\u1ecdng l\u01b0\u1ee3ng m\u1eb7t b\u00e0n: 103kg<\/p>\n<p>\u2013 Tr\u1ecdng l\u01b0\u1ee3ng ch\u00e2n b\u00e0n: 20Kg<\/p>\n<p>\u2013 Ch\u1ee9ng nh\u1eadn ti\u00eau chu\u1ea9n thi \u0111\u1ea5u I.T.T.F (Li\u00ean \u0111o\u00e0n b\u00f3ng b\u00e0n th\u1ebf gi\u1edbi).<\/p>\n<p>\u2013 G. W. 131Kg \/ N. W. 123Kg<\/p>\n<h2>H\u00ecnh \u1ea3nh B\u00e0n B\u00f3ng B\u00e0n Double Fish 233 WTT Limited Seagame 31<\/h2>\n<p><img loading=\"lazy\" decoding=\"async\" class=\"alignnone size-full wp-image-9398\" src=\"https:\/\/bongban.fanciko.com\/wp-content\/uploads\/2022\/08\/ban-bong-ban-double-fish-233-seagame.jpg\" sizes=\"auto, (max-width: 650px) 100vw, 650px\" srcset=\"https:\/\/bongban.fanciko.com\/wp-content\/uploads\/2022\/08\/ban-bong-ban-double-fish-233-seagame.jpg 650w, https:\/\/bongban.fanciko.com\/wp-content\/uploads\/2022\/08\/ban-bong-ban-double-fish-233-seagame-150x150.jpg 150w, https:\/\/bongban.fanciko.com\/wp-content\/uploads\/2022\/08\/ban-bong-ban-double-fish-233-seagame-510x510.jpg 510w, https:\/\/bongban.fanciko.com\/wp-content\/uploads\/2022\/08\/ban-bong-ban-double-fish-233-seagame-100x100.jpg 100w\" alt=\"B\u00e0n B\u00f3ng B\u00e0n Double Fish 233 WTT Limited Seagame 31\" width=\"650\" height=\"650\" \/>\u00a0<img loading=\"lazy\" decoding=\"async\" class=\"alignnone size-full wp-image-9399\" src=\"https:\/\/bongban.fanciko.com\/wp-content\/uploads\/2022\/08\/ban-bong-ban-double-fish-233-seagame-1.jpg\" sizes=\"auto, (max-width: 1280px) 100vw, 1280px\" srcset=\"https:\/\/bongban.fanciko.com\/wp-content\/uploads\/2022\/08\/ban-bong-ban-double-fish-233-seagame-1.jpg 1280w, https:\/\/bongban.fanciko.com\/wp-content\/uploads\/2022\/08\/ban-bong-ban-double-fish-233-seagame-1-768x365.jpg 768w, https:\/\/bongban.fanciko.com\/wp-content\/uploads\/2022\/08\/ban-bong-ban-double-fish-233-seagame-1-510x242.jpg 510w\" alt=\"B\u00e0n B\u00f3ng B\u00e0n Double Fish 233 WTT Limited Seagame 31\" width=\"1280\" height=\"608\" \/><\/p>\n<p>B\u00e0n b\u00f3ng b\u00e0n Double Fish 233 WTT Limited Seagame 31 \u0111\u01b0\u1ee3c nh\u00e0 s\u1ea3n xu\u1ea5t Double Fish s\u1ea3n xu\u1ea5t d\u00e0nh ri\u00eang ph\u1ee5c v\u1ee5 cho Seagame 31 \u0111\u01b0\u1ee3c t\u1ed5 ch\u1ee9c \u1edf Vi\u1ec7t Nam v\u1edbi s\u1ed1 l\u01b0\u1ee3ng gi\u1edbi h\u1ea1n ch\u1ec9 100 c\u00e1i \u0111\u01b0\u1ee3c \u0111\u00e1nh s\u1ed1 t\u1eeb 1 \u2013 100<\/p>\n<p>1. T\u00ednh n\u0103ng s\u1ea3n ph\u1ea9m<br \/>\nB\u00e0n b\u00f3ng b\u00e0n Double Fish DF \u2013 233\u00a0Limited Seagame 31 c\u00f3 k\u00edch th\u01b0\u1edbc \u00a01525mm x 2740mm x 760mm, m\u1eb7t b\u00e0n h\u00ecnh ch\u1eef nh\u1eadt, c\u1ee9ng, \u0111\u01b0\u1ee3c thi\u1ebft k\u1ebf ph\u00e1 c\u00e1ch v\u1edbi b\u1ec1 m\u1eb7t c\u00f3 m\u00e0u xanh \u0111en sang tr\u1ecdng. L\u01b0\u1edbi \u1edf gi\u1eefa chia m\u1eb7t b\u00e0n th\u00e0nh hai ph\u1ea7n b\u1eb1ng nhau. B\u1ec1 m\u1eb7t b\u00e0n \u0111\u01b0\u1ee3c ph\u1ee7 s\u01a1n ch\u1ed1ng l\u00f3a, ch\u1ed1ng \u1ea9m m\u1ed1c, m\u1eb7t b\u00e0n m\u1ecbn gi\u00fap gi\u1ea3m ma s\u00e1t, \u0111\u1ed9 n\u1ea3y \u0111\u1ec1u, ch\u00e2n b\u00e0n ch\u1eafc ch\u1eafn.<\/p>\n<p>DF \u2013 233 WTT limited Seagame 31 c\u00f3 ch\u1ea5t l\u01b0\u1ee3ng c\u1ea3i ti\u1ebfn v\u01b0\u1ee3t tr\u1ed9i , \u0111\u01b0\u1ee3c gi\u1edbi chuy\u00ean m\u00f4n trong v\u00e0 ngo\u00e0i n\u01b0\u1edbc \u0111\u00e1nh gi\u00e1 cao v\u00e0 \u0111\u00e3 t\u1eebng \u0111\u01b0\u1ee3c s\u1eed d\u1ee5ng t\u1ea1i gi\u1ea3i WTT MIDDLE EAST HUB \u2013 DOHA QATAR 2021\u00a0 v\u00e0 Seagame 31 t\u1ea1i Vi\u1ec7t Nam<\/p>\n<p>Ch\u1ea5t li\u1ec7u \u0111\u01b0\u1ee3c s\u1eed d\u1ee5ng \u0111\u1ec3 s\u1ea3n xu\u1ea5t b\u00e0n b\u00f3ng b\u00e0n Double Fish l\u00e0 g\u1ed7 MDF cao c\u1ea5p. G\u1ed7 MDF \u0111\u01b0\u1ee3c ch\u1ebf bi\u1ebfn t\u1eeb c\u00e1c lo\u1ea1i g\u1ed7 m\u1ec1m, \u0111\u1ed9 b\u00e1m s\u01a1n v\u00e0 vecni cao. V\u1edbi ch\u1ea5t li\u1ec7u n\u00e0y c\u00f3 th\u1ec3 s\u01a1n nhi\u1ec1u m\u00e0u cho s\u1ea3n ph\u1ea9m, t\u1ea1o s\u1ef1 \u0111a d\u1ea1ng v\u1ec1 m\u00e0u s\u1eafc, d\u1ec5 t\u1ea1o d\u00e1ng (cong) cho c\u00e1c s\u1ea3n ph\u1ea9m c\u1ea7u k\u1ef3, d\u1ec5 gia c\u00f4ng; c\u00e1ch \u00e2m, c\u00e1ch nhi\u1ec7t t\u1ed1t. G\u00f3p ph\u1ea7n t\u0103ng \u0111\u1ed9 b\u1ec1n cho s\u1ea3n ph\u1ea9m.<\/p>\n<p>Double Fish 233\u00a0\u0111\u01b0\u1ee3c thi\u1ebft k\u1ebf v\u1edbi 4 b\u00e1nh xe to di chuy\u1ec3n linh \u0111\u1ed9ng k\u00e8m 4 ch\u00e2n ch\u1ed1ng rung, ch\u1ecbu l\u1ef1c, \u0111\u1ea3m b\u1ea3o c\u00e2n b\u1eb1ng t\u1ed1t nh\u1ea5t cho m\u1eb7t b\u00e0n. M\u1ed9t t\u00ednh n\u0103ng m\u1edbi m\u00e0 s\u1ea3n ph\u1ea9m mang l\u1ea1i cho ng\u01b0\u1eddi d\u00f9ng l\u00e0 c\u00f3 th\u1ec3 g\u1eadp \u0111\u00f4i l\u1ea1i, v\u00f4 c\u00f9ng thu\u1eadn ti\u1ec7n cho vi\u1ec7c v\u1eadn chuy\u1ec3n v\u00e0 ti\u1ebft ki\u1ec7m di\u1ec7n t\u00edch sau khi s\u1eed d\u1ee5ng.<\/p>\n<div>\n<div>\n<p>2. Th\u00f4ng s\u1ed1 k\u1ef9 thu\u1eadt\u00a0B\u00e0n B\u00f3ng B\u00e0n Double Fish 233\u00a0WTT Limited Seagame 31.<\/p>\n<p>\u2013 H\u00e3ng s\u1ea3n xu\u1ea5t: Double Fish<\/p>\n<p>\u2013 K\u00edch th\u01b0\u1edbc: 1525mm x 2740mm x 760mm<\/p>\n<p>\u2013 Ch\u1ea5t li\u1ec7u MDF cao c\u1ea5p<\/p>\n<p>\u2013 \u0110\u1ed9 d\u00e0y m\u1eb7t b\u00e0n: 25mm<\/p>\n<p>\u2013 \u0110\u1ed9 d\u00e0y n\u1eb9p b\u00e0n: 50mm.<\/p>\n<p>\u2013 Tr\u1ecdng l\u01b0\u1ee3ng m\u1eb7t b\u00e0n: 103kg<\/p>\n<p>\u2013 Tr\u1ecdng l\u01b0\u1ee3ng ch\u00e2n b\u00e0n: 20Kg<\/p>\n<p>\u2013 Ch\u1ee9ng nh\u1eadn ti\u00eau chu\u1ea9n thi \u0111\u1ea5u I.T.T.F (Li\u00ean \u0111o\u00e0n b\u00f3ng b\u00e0n th\u1ebf gi\u1edbi).<\/p>\n<p>\u2013 G. W. 131Kg \/ N. W. 123Kg<\/p>\n<h2>H\u00ecnh \u1ea3nh B\u00e0n B\u00f3ng B\u00e0n Double Fish 233 WTT Limited Seagame 31<\/h2>\n<p><img loading=\"lazy\" decoding=\"async\" class=\"alignnone size-full wp-image-9398\" src=\"https:\/\/bongban.fanciko.com\/wp-content\/uploads\/2022\/08\/ban-bong-ban-double-fish-233-seagame.jpg\" sizes=\"auto, (max-width: 650px) 100vw, 650px\" srcset=\"https:\/\/bongban.fanciko.com\/wp-content\/uploads\/2022\/08\/ban-bong-ban-double-fish-233-seagame.jpg 650w, https:\/\/bongban.fanciko.com\/wp-content\/uploads\/2022\/08\/ban-bong-ban-double-fish-233-seagame-150x150.jpg 150w, https:\/\/bongban.fanciko.com\/wp-content\/uploads\/2022\/08\/ban-bong-ban-double-fish-233-seagame-510x510.jpg 510w, https:\/\/bongban.fanciko.com\/wp-content\/uploads\/2022\/08\/ban-bong-ban-double-fish-233-seagame-100x100.jpg 100w\" alt=\"B\u00e0n B\u00f3ng B\u00e0n Double Fish 233 WTT Limited Seagame 31\" width=\"650\" height=\"650\" \/>\u00a0<img loading=\"lazy\" decoding=\"async\" class=\"alignnone size-full wp-image-9399\" src=\"https:\/\/bongban.fanciko.com\/wp-content\/uploads\/2022\/08\/ban-bong-ban-double-fish-233-seagame-1.jpg\" sizes=\"auto, (max-width: 1280px) 100vw, 1280px\" srcset=\"https:\/\/bongban.fanciko.com\/wp-content\/uploads\/2022\/08\/ban-bong-ban-double-fish-233-seagame-1.jpg 1280w, https:\/\/bongban.fanciko.com\/wp-content\/uploads\/2022\/08\/ban-bong-ban-double-fish-233-seagame-1-768x365.jpg 768w, https:\/\/bongban.fanciko.com\/wp-content\/uploads\/2022\/08\/ban-bong-ban-double-fish-233-seagame-1-510x242.jpg 510w\" alt=\"B\u00e0n B\u00f3ng B\u00e0n Double Fish 233 WTT Limited Seagame 31\" width=\"1280\" height=\"608\" \/><\/p>\n<\/div>\n<\/div>\n<\/div>\n<\/div>\n","protected":false},"excerpt":{"rendered":"<p>B\u00e0n b\u00f3ng b\u00e0n Double Fish 233 WTT Limited Seagame 31 \u0111\u01b0\u1ee3c nh\u00e0 s\u1ea3n xu\u1ea5t Double Fish s\u1ea3n xu\u1ea5t d\u00e0nh ri\u00eang ph\u1ee5c v\u1ee5 cho Seagame 31 \u0111\u01b0\u1ee3c t\u1ed5 ch\u1ee9c \u1edf Vi\u1ec7t Nam v\u1edbi s\u1ed1 l\u01b0\u1ee3ng gi\u1edbi h\u1ea1n ch\u1ec9 100 c\u00e1i \u0111\u01b0\u1ee3c \u0111\u00e1nh s\u1ed1 t\u1eeb 1 \u2013 100 1. T\u00ednh n\u0103ng s\u1ea3n ph\u1ea9m B\u00e0n b\u00f3ng b\u00e0n Double [&hellip;]<\/p>\n","protected":false},"featured_media":4880,"comment_status":"open","ping_status":"closed","template":"","meta":{"_eb_attr":""},"product_cat":[165],"product_tag":[],"class_list":["post-4879","product","type-product","status-publish","has-post-thumbnail","hentry","product_cat-ban-bong-ban"],"_links":{"self":[{"href":"https:\/\/www.phivutabletennis.com\/index.php\/wp-json\/wp\/v2\/product\/4879","targetHints":{"allow":["GET"]}}],"collection":[{"href":"https:\/\/www.phivutabletennis.com\/index.php\/wp-json\/wp\/v2\/product"}],"about":[{"href":"https:\/\/www.phivutabletennis.com\/index.php\/wp-json\/wp\/v2\/types\/product"}],"replies":[{"embeddable":true,"href":"https:\/\/www.phivutabletennis.com\/index.php\/wp-json\/wp\/v2\/comments?post=4879"}],"wp:featuredmedia":[{"embeddable":true,"href":"https:\/\/www.phivutabletennis.com\/index.php\/wp-json\/wp\/v2\/media\/4880"}],"wp:attachment":[{"href":"https:\/\/www.phivutabletennis.com\/index.php\/wp-json\/wp\/v2\/media?parent=4879"}],"wp:term":[{"taxonomy":"product_cat","embeddable":true,"href":"https:\/\/www.phivutabletennis.com\/index.php\/wp-json\/wp\/v2\/product_cat?post=4879"},{"taxonomy":"product_tag","embeddable":true,"href":"https:\/\/www.phivutabletennis.com\/index.php\/wp-json\/wp\/v2\/product_tag?post=4879"}],"curies":[{"name":"wp","href":"https:\/\/api.w.org\/{rel}","templated":true}]}}