{"id":4881,"date":"2024-09-13T22:22:34","date_gmt":"2024-09-13T15:22:34","guid":{"rendered":"https:\/\/www.phivutabletennis.com\/?post_type=product&#038;p=4881"},"modified":"2024-09-13T22:22:36","modified_gmt":"2024-09-13T15:22:36","slug":"ban-bong-ban-double-fish-235","status":"publish","type":"product","link":"https:\/\/www.phivutabletennis.com\/index.php\/product\/ban-bong-ban-double-fish-235\/","title":{"rendered":"B\u00e0n B\u00f3ng B\u00e0n Double Fish 235"},"content":{"rendered":"<h1><em>B\u00e0n B\u00f3ng B\u00e0n Double Fish 235 c\u00f3 \u0111\u1ed9 d\u00e0y m\u1eb7t b\u00e0n l\u00ean t\u1edbi 25mm v\u1edbi k\u00edch th\u01b0\u1edbc 1525mm x 2740mm x 760mm, \u0111\u01b0\u1ee3c Li\u00ean \u0111o\u00e0n b\u00f3ng b\u00e0n th\u1ebf gi\u1edbi c\u1ea5p ch\u1ee9ng nh\u1eadn \u0111\u1ea1t ti\u00eau chu\u1ea9n t\u1eadp luy\u1ec7n v\u00e0 thi \u0111\u1ea5u.<\/em><\/h1>\n<p><em>Nh\u01b0 nhi\u1ec1u m\u1eabu b\u00e0n kh\u00e1c c\u1ee7a h\u00e3ng B\u00e0n B\u00f3ng B\u00e0n Double Fish 235 c\u00f3 t\u00ednh n\u0103ng g\u1ea5p g\u1ecdn k\u00e8m b\u00e1nh xe di chuy\u1ec3n ti\u1ec7n l\u1ee3i, gi\u00fap b\u1ea1n d\u1ec5 d\u00e0ng b\u1ea3o qu\u1ea3n v\u00e0 ch\u1ecdn v\u1ecb tr\u00ed \u0111\u1eb7t s\u1ea3n ph\u1ea9m d\u00f9 \u1edf kh\u00f4ng gian nh\u1ecf h\u1eb9p.<\/em><\/p>\n<p><img loading=\"lazy\" decoding=\"async\" class=\"B\u00e0n B\u00f3ng B\u00e0n Double Fish 235 aligncenter wp-image-5655 size-full\" title=\"B\u00e0n B\u00f3ng B\u00e0n Double Fish 235\" src=\"https:\/\/bongban.fanciko.com\/wp-content\/uploads\/2021\/02\/ban-bong-ban-double-fish-235-1-1.jpg\" sizes=\"auto, (max-width: 800px) 100vw, 800px\" srcset=\"https:\/\/bongban.fanciko.com\/wp-content\/uploads\/2021\/02\/ban-bong-ban-double-fish-235-1-1.jpg 800w, https:\/\/bongban.fanciko.com\/wp-content\/uploads\/2021\/02\/ban-bong-ban-double-fish-235-1-1-768x437.jpg 768w, https:\/\/bongban.fanciko.com\/wp-content\/uploads\/2021\/02\/ban-bong-ban-double-fish-235-1-1-510x290.jpg 510w\" alt=\"B\u00e0n B\u00f3ng B\u00e0n Double Fish 235\" width=\"800\" height=\"455\" \/><\/p>\n<p><em>B\u00e0n b\u00f3ng b\u00e0n Double Fish 235<\/em><\/p>\n<p><img loading=\"lazy\" decoding=\"async\" class=\"B\u00e0n B\u00f3ng B\u00e0n Double Fish 235 aligncenter wp-image-5654 size-full\" title=\"B\u00e0n B\u00f3ng B\u00e0n Double Fish 235\" src=\"https:\/\/bongban.fanciko.com\/wp-content\/uploads\/2021\/02\/ban-bong-ban-double-fish-235-1.jpg\" sizes=\"auto, (max-width: 1376px) 100vw, 1376px\" srcset=\"https:\/\/bongban.fanciko.com\/wp-content\/uploads\/2021\/02\/ban-bong-ban-double-fish-235-1.jpg 1376w, https:\/\/bongban.fanciko.com\/wp-content\/uploads\/2021\/02\/ban-bong-ban-double-fish-235-1-768x1143.jpg 768w, https:\/\/bongban.fanciko.com\/wp-content\/uploads\/2021\/02\/ban-bong-ban-double-fish-235-1-1032x1536.jpg 1032w, https:\/\/bongban.fanciko.com\/wp-content\/uploads\/2021\/02\/ban-bong-ban-double-fish-235-1-510x759.jpg 510w\" alt=\"B\u00e0n B\u00f3ng B\u00e0n Double Fish 235\" width=\"1376\" height=\"2048\" \/><\/p>\n<p><em>T\u00ednh n\u0103ng g\u1ea5p g\u1ecdn ti\u1ec7n l\u1ee3i<\/em><\/p>\n<h2><strong>\u2013 Th\u00f4ng s\u1ed1 k\u1ef9 thu\u1eadt B\u00e0n B\u00f3ng B\u00e0n Double Fish 235<\/strong><\/h2>\n<p>\u2013 K\u00edch th\u01b0\u1edbc: 1525mm x 2740mm x 760mm<\/p>\n<p>\u2013 Ch\u1ea5t li\u1ec7u: MDF cao c\u1ea5p.<\/p>\n<p>\u2013 \u0110\u1ed9 d\u00e0y m\u1eb7t b\u00e0n: 25mm.<\/p>\n<p>\u2013 Tr\u1ecdng l\u01b0\u1ee3ng m\u1eb7t b\u00e0n: 94kg.<\/p>\n<p>\u2013 Tr\u1ecdng l\u01b0\u1ee3ng ch\u00e2n b\u00e0n: 28Kg.<\/p>\n<p>\u2013 Ch\u1ee9ng nh\u1eadn ti\u00eau chu\u1ea9n t\u1eadp luy\u1ec7n v\u00e0 thi \u0111\u1ea5u.<\/p>\n<p>\u2013 G. W. 128Kg N. W.122Kg<\/p>\n<p>H\u00e0ng ch\u00ednh h\u00e3ng Double Fish.<\/p>\n","protected":false},"excerpt":{"rendered":"<p>B\u00e0n B\u00f3ng B\u00e0n Double Fish 235 c\u00f3 \u0111\u1ed9 d\u00e0y m\u1eb7t b\u00e0n l\u00ean t\u1edbi 25mm v\u1edbi k\u00edch th\u01b0\u1edbc 1525mm x 2740mm x 760mm, \u0111\u01b0\u1ee3c Li\u00ean \u0111o\u00e0n b\u00f3ng b\u00e0n th\u1ebf gi\u1edbi c\u1ea5p ch\u1ee9ng nh\u1eadn \u0111\u1ea1t ti\u00eau chu\u1ea9n t\u1eadp luy\u1ec7n v\u00e0 thi \u0111\u1ea5u. Nh\u01b0 nhi\u1ec1u m\u1eabu b\u00e0n kh\u00e1c c\u1ee7a h\u00e3ng B\u00e0n B\u00f3ng B\u00e0n Double Fish 235 c\u00f3 t\u00ednh [&hellip;]<\/p>\n","protected":false},"featured_media":4882,"comment_status":"open","ping_status":"closed","template":"","meta":{"_eb_attr":""},"product_cat":[165],"product_tag":[],"class_list":["post-4881","product","type-product","status-publish","has-post-thumbnail","hentry","product_cat-ban-bong-ban"],"_links":{"self":[{"href":"https:\/\/www.phivutabletennis.com\/index.php\/wp-json\/wp\/v2\/product\/4881","targetHints":{"allow":["GET"]}}],"collection":[{"href":"https:\/\/www.phivutabletennis.com\/index.php\/wp-json\/wp\/v2\/product"}],"about":[{"href":"https:\/\/www.phivutabletennis.com\/index.php\/wp-json\/wp\/v2\/types\/product"}],"replies":[{"embeddable":true,"href":"https:\/\/www.phivutabletennis.com\/index.php\/wp-json\/wp\/v2\/comments?post=4881"}],"wp:featuredmedia":[{"embeddable":true,"href":"https:\/\/www.phivutabletennis.com\/index.php\/wp-json\/wp\/v2\/media\/4882"}],"wp:attachment":[{"href":"https:\/\/www.phivutabletennis.com\/index.php\/wp-json\/wp\/v2\/media?parent=4881"}],"wp:term":[{"taxonomy":"product_cat","embeddable":true,"href":"https:\/\/www.phivutabletennis.com\/index.php\/wp-json\/wp\/v2\/product_cat?post=4881"},{"taxonomy":"product_tag","embeddable":true,"href":"https:\/\/www.phivutabletennis.com\/index.php\/wp-json\/wp\/v2\/product_tag?post=4881"}],"curies":[{"name":"wp","href":"https:\/\/api.w.org\/{rel}","templated":true}]}}