{"id":4900,"date":"2024-09-13T22:59:59","date_gmt":"2024-09-13T15:59:59","guid":{"rendered":"https:\/\/www.phivutabletennis.com\/?post_type=product&#038;p=4900"},"modified":"2024-09-29T18:49:58","modified_gmt":"2024-09-29T11:49:58","slug":"giay-asics-attack-dominate-ff2","status":"publish","type":"product","link":"https:\/\/www.phivutabletennis.com\/index.php\/product\/giay-asics-attack-dominate-ff2\/","title":{"rendered":"Gi\u00e0y Asics Attack Dominate FF2"},"content":{"rendered":"<p>Gi\u00e0y Asics Attack Dominate FF2 Gold\\<\/p>\n<p>&nbsp;<\/p>\n<p>V\u1edbi m\u1ed9t tr\u1ecdng l\u01b0\u1ee3ng r\u1ea5t nh\u1eb9, b\u1ec1 m\u1eb7t c\u00f3 nhi\u1ec1u \u0111i\u1ec3m tho\u00e1ng kh\u00ed k\u1ebft h\u1ee3p c\u00f9ng thi\u1ebft k\u1ebf \u0111\u1eb7c bi\u1ec7t h\u1ed7 tr\u1ee3 \u1ed5n \u0111\u1ecbnh m\u1eaft c\u00e1 ch\u00e2n, Gi\u00e0y Asics s\u1ebd mang l\u1ea1i cho b\u1ea1n m\u1ed9t c\u1ea3m gi\u00e1c tho\u1ea3i m\u00e1i v\u00e0 t\u1ef1 tin trong t\u1eebng b\u01b0\u1edbc di chuy\u1ec3n<\/p>\n","protected":false},"excerpt":{"rendered":"<p>Gi\u00e0y Asics Attack Dominate FF2 Gold\\ &nbsp; V\u1edbi m\u1ed9t tr\u1ecdng l\u01b0\u1ee3ng r\u1ea5t nh\u1eb9, b\u1ec1 m\u1eb7t c\u00f3 nhi\u1ec1u \u0111i\u1ec3m tho\u00e1ng kh\u00ed k\u1ebft h\u1ee3p c\u00f9ng thi\u1ebft k\u1ebf \u0111\u1eb7c bi\u1ec7t h\u1ed7 tr\u1ee3 \u1ed5n \u0111\u1ecbnh m\u1eaft c\u00e1 ch\u00e2n, Gi\u00e0y Asics s\u1ebd mang l\u1ea1i cho b\u1ea1n m\u1ed9t c\u1ea3m gi\u00e1c tho\u1ea3i m\u00e1i v\u00e0 t\u1ef1 tin trong t\u1eebng b\u01b0\u1edbc di chuy\u1ec3n<\/p>\n","protected":false},"featured_media":4902,"comment_status":"open","ping_status":"closed","template":"","meta":{"_eb_attr":""},"product_cat":[63,59],"product_tag":[],"class_list":["post-4900","product","type-product","status-publish","has-post-thumbnail","hentry","product_cat-asics-giay","product_cat-giay-vo"],"_links":{"self":[{"href":"https:\/\/www.phivutabletennis.com\/index.php\/wp-json\/wp\/v2\/product\/4900","targetHints":{"allow":["GET"]}}],"collection":[{"href":"https:\/\/www.phivutabletennis.com\/index.php\/wp-json\/wp\/v2\/product"}],"about":[{"href":"https:\/\/www.phivutabletennis.com\/index.php\/wp-json\/wp\/v2\/types\/product"}],"replies":[{"embeddable":true,"href":"https:\/\/www.phivutabletennis.com\/index.php\/wp-json\/wp\/v2\/comments?post=4900"}],"wp:featuredmedia":[{"embeddable":true,"href":"https:\/\/www.phivutabletennis.com\/index.php\/wp-json\/wp\/v2\/media\/4902"}],"wp:attachment":[{"href":"https:\/\/www.phivutabletennis.com\/index.php\/wp-json\/wp\/v2\/media?parent=4900"}],"wp:term":[{"taxonomy":"product_cat","embeddable":true,"href":"https:\/\/www.phivutabletennis.com\/index.php\/wp-json\/wp\/v2\/product_cat?post=4900"},{"taxonomy":"product_tag","embeddable":true,"href":"https:\/\/www.phivutabletennis.com\/index.php\/wp-json\/wp\/v2\/product_tag?post=4900"}],"curies":[{"name":"wp","href":"https:\/\/api.w.org\/{rel}","templated":true}]}}