{"id":4906,"date":"2024-09-13T23:15:02","date_gmt":"2024-09-13T16:15:02","guid":{"rendered":"https:\/\/www.phivutabletennis.com\/?post_type=product&#038;p=4906"},"modified":"2024-10-04T17:14:02","modified_gmt":"2024-10-04T10:14:02","slug":"mat-vot-dhs-hurricane-iii-international","status":"publish","type":"product","link":"https:\/\/www.phivutabletennis.com\/index.php\/product\/mat-vot-dhs-hurricane-iii-international\/","title":{"rendered":"DHS Hurricane 3 Qu\u1ed1c Gia l\u00f3t xanh 2.2mm: 39-40-41 \u0111\u1ed9"},"content":{"rendered":"<p>L\u00f3t xanh, m\u00e0u \u0111en<\/p>\n<p>G\u1ed3m : 39 \u0111\u1ed9 , 40 \u0111\u1ed9 , 41 \u0111\u1ed9<\/p>\n<p>&nbsp;<\/p>\n<p>Gi\u1edbi Thi\u1ec7u M\u1eb7t V\u1ee3t B\u00f3ng B\u00e0n DHS Hurricane 3 Pro L\u00f3t Xanh Qu\u1ed1c Gia ( H3 Tuy\u1ec3n T\u1ec9nh L\u00f3t Xanh Qu\u1ed1c Gia)<\/p>\n<p>&nbsp;<\/p>\n<p>\u2714\ufe0fTr\u00ean nh\u1eefng di\u1ec5n \u0111\u00e0n b\u00f3ng b\u00e0n uy t\u00edn th\u1ebf gi\u1edbi,DHS l\u00e0 m\u1ed9t th\u01b0\u01a1ng hi\u1ec7u c\u1ef1c l\u1edbn \u0111\u1ebfn t\u1eeb Trung Qu\u1ed1c v\u00e0 l\u00e0 th\u01b0\u01a1ng hi\u1ec7u b\u00f3ng b\u00e0n qu\u1ed1c d\u00e2n c\u1ee7a ng\u01b0\u1eddi d\u00e2n Trung Qu\u1ed1c<\/p>\n<p>&nbsp;<\/p>\n<p>\u2714\ufe0fNh\u1eafc \u0111\u00ean H3 , ng\u01b0\u1eddi ta nh\u1eafc \u0111\u1ebfn \u0111\u1ed9 xo\u00e1y c\u1ef1c cao v\u1edbi qu\u1ef9 \u0111\u1ea1o b\u00f3ng c\u1ef1c k\u00ec kh\u00f3 ch\u1ecbu. B\u00f3ng \u0111i v\u1ecdt v\u00e0 nhanh d\u1ea7n khi b\u1eaft \u0111\u1ea7u ti\u1ebfp x\u00fac b\u00f3ng. Khi\u1ebfn \u0111\u1ed1i ph\u01b0\u01a1ng r\u1ea5t kh\u00f3 b\u1eaft \u0111\u01b0\u1ee3c nh\u1ecbp b\u00f3ng<\/p>\n<p>&nbsp;<\/p>\n<p>\u2714\ufe0fDHS H3 Qu\u1ed1c Gia l\u00e0 d\u00f2ng m\u1eb7t v\u1ee3t b\u00f3ng b\u00e0n KINH \u0110I\u1ec2N c\u1ee7a h\u00e3ng, s\u1edf h\u1eefu c\u00f4ng ngh\u1ec7 tacky si\u00eau xo\u00e1y. L\u00e0 phi\u00ean b\u1ea3n cao c\u1ea5p nh\u1ea5t c\u1ee7a series Hurricane 3 c\u1ee7a DHS<\/p>\n<p>&nbsp;<\/p>\n<p>\u2714\ufe0f\u0110\u00e2y L\u00e0 B\u1ea3n Cao C\u1ea5p Nh\u1ea5t Trong C\u00e1c Lo\u1ea1i H3. T\u00e0i Tr\u1ee3 Cho \u0110\u1ed9i Tuy\u1ec3n Qu\u1ed1c Gia<\/p>\n<p>&nbsp;<\/p>\n<p>\u2714\ufe0fHi\u1ec7n \u0111ang \u0111\u01b0\u1ee3c c\u00e1c v\u0111v h\u00e0ng \u0111\u1ea7u Trung Qu\u1ed1c s\u1eed d\u1ee5ng nh\u01b0 MA LONG, XUXIN, FAN ZHENDONG, JANG JIKE, Sunyingsha&#8230;<\/p>\n<p>&nbsp;<\/p>\n<p>\u2714\ufe0fNh\u1eafc \u0111\u00ean H3 , ng\u01b0\u1eddi ta nh\u1eafc \u0111\u1ebfn \u0111\u1ed9 xo\u00e1y c\u1ef1c cao v\u1edbi qu\u1ef9 \u0111\u1ea1o b\u00f3ng c\u1ef1c k\u00ec kh\u00f3 ch\u1ecbu. B\u00f3ng \u0111i v\u1ecdt v\u00e0 nhanh d\u1ea7n khi b\u1eaft \u0111\u1ea7u ti\u1ebfp x\u00fac b\u00f3ng. Khi\u1ebfn \u0111\u1ed1i ph\u01b0\u01a1ng r\u1ea5t kh\u00f3 b\u1eaft \u0111\u01b0\u1ee3c nh\u1ecbp b\u00f3ng<\/p>\n<p>&nbsp;<\/p>\n<p>\u2714\ufe0fTheo m\u1ed9t s\u1ed1 ng\u01b0\u1eddi ch\u01a1i chuy\u00ean nghi\u1ec7p. H3 Qu\u1ed1c Gia cho \u0111\u1ed9 b\u00e1m d\u00ednh t\u1ed1t nh\u1ea5t, \u0111\u1ed9 xo\u00e1y cao nh\u1ea5t, qu\u1ef9 \u0111\u1ea1o b\u00f3ng kh\u00f3 ch\u1ecbu nh\u1ea5t, v\u00e0 b\u1ec1n nh\u1ea5t<\/p>\n<p>&nbsp;<\/p>\n<p>\u2714\ufe0fNh\u00ecn chung c\u00e1c m\u1eb7t v\u1ee3t b\u00f3ng b\u00e0n DHS H3 c\u00f3 \u0111\u1ed9 c\u1ee9ng t\u01b0\u01a1ng \u0111\u1ed1i cao. \u0110\u1eb7c t\u00ednh n\u00e0y gi\u00fap c\u00e1c tay v\u1ee3t c\u00f3 l\u1ef1c tay cao kh\u00f4ng b\u1ecb gi\u1edbi h\u1ea1n l\u1ef1c v\u00e0 t\u1ed1c \u0111\u1ed9 b\u00f3ng khi t\u1ea5n c\u00f4ng, v\u00ec b\u00f3ng s\u1ebd \u0111i t\u1ef7 l\u1ec7 thu\u1eadn v\u1edbi l\u1ef1c tay, \u0111\u00e2y l\u00e0 \u0111\u1eb7c \u0111i\u1ec3m m\u00e0 m\u1eb7t v\u1ee3t Ch\u00e2u \u00c2u v\u00e0 Nh\u1eadt kh\u00f4ng l\u00e0m \u0111\u01b0\u1ee3c<\/p>\n<p>&nbsp;<\/p>\n<p>\u2714\ufe0fKh\u1ea3 n\u0103ng ph\u00f2ng th\u1ee7 c\u1ee7a M\u1eb7t V\u1ee3t H3 Qu\u1ed1c Gia c\u0169ng \u0111\u01b0\u1ee3c \u0111\u00e1nh gi\u00e1 l\u00e0 t\u1ed1t nh\u1ea5t. B\u00f3ng c\u1ea3m gi\u00e1c \u0103n v\u00e0o m\u1eb7t v\u1ee3t r\u1ea5t s\u00e2u. M\u1ecdi \u0111\u1ed9ng t\u00e1c ch\u1ee5p, block \u0111\u1ec1u \u1ed5n \u0111\u1ecbnh<\/p>\n<p>&nbsp;<\/p>\n<p>\u2714\ufe0fV\u1edbi \u0111\u1ed9 Tacky huy\u1ec1n tho\u1ea1i v\u00e0 kinh \u0111i\u1ec3n c\u1ee7a c\u00e1c m\u1eb7t v\u1ee3t DHS H3, c\u00e1c \u0111\u1ed9ng t\u00e1c t\u1ea1o xo\u00e1y nh\u01b0 Gi\u1eadt, Giao B\u00f3ng, G\u00f2 B\u00f3ng s\u1ebd tr\u1edf n\u00ean d\u1ec5 d\u00e0ng h\u01a1n r\u1ea5t nhi\u1ec1u. M\u1ee9c \u0111\u1ed9 nguy hi\u1ec3m c\u0169ng t\u0103ng cao \u0111\u00e1ng k\u1ec3. Ch\u1ec9 c\u1ea7n ma s\u00e1t v\u1edbi m\u1ed9t l\u1ef1c nh\u1ecf \u0111\u00e3 \u0111\u1ee7 \u0111\u1ec3 b\u00f3ng c\u1ea7u v\u1ed3ng qua l\u01b0\u1edbi v\u1edbi \u0111\u1ed9 xo\u00e1y t\u01b0\u01a1ng \u0111\u1ed1i.<\/p>\n<p>&nbsp;<\/p>\n<p>\u2714\ufe0fS\u1ea3n ph\u1ea9m m\u1eb7t v\u1ee3t b\u00f3ng b\u00e0n DHS H3 tuy\u1ec3n qu\u1ed1c gia n\u00e0y ch\u1ec9 c\u00f3 m\u00e0u \u0111en, c\u00f3 \u0111\u1ed9 d\u00e0y 2.2 mm v\u00e0 \u0111\u1ed9 c\u1ee9ng 39 \u0111\u1ed9<br \/>\nTh\u00f4ng S\u1ed1 K\u1ef9 Thu\u1eadt V\u1ee3t B\u00f3ng B\u00e0n<\/p>\n<p>&nbsp;<\/p>\n<p>\u2714\ufe0fT\u1ed1c \u0111\u1ed9 9.3 \u2714\ufe0f\u0110\u1ed9 Xo\u00e1y 9.5\u2714\ufe0fKi\u1ec3m So\u00e1t 9.2\u2714\ufe0f\u0110\u1ed9 b\u00e1m d\u00ednh ( tacky) 8.8 ( c\u1ef1c k\u00ec tacky)<\/p>\n<p>&nbsp;<\/p>\n<p>\u2714\ufe0f\u0110\u1ed9 N\u1eb7ng 6.1 \u2714\ufe0f\u0110\u1ed9 C\u1ee9ng 8.0 (r\u1ea5t c\u1ee9ng) \u2714\ufe0f\u0110\u1ed9 \u1ed4n \u0110\u1ecbnh 9.5 \u2714\ufe0f\u0110\u1ed9 b\u1ec1n 8.3<\/p>\n<p>&nbsp;<\/p>\n<p>\u2705Gi\u00e1 M\u1eb7t V\u1ee3t B\u00f3ng B\u00e0n DHS H3 Pro L\u00f3t Xanh ( Hurricane 3)<\/p>\n<p>&nbsp;<\/p>\n<p>Hi\u1ec7n nay gi\u00e1 m\u1eb7t v\u1ee3t b\u00f3ng b\u00e0n cao c\u1ea5p DHS H3 tuy\u1ec3n qu\u1ed1c gia c\u00f3 th\u1ec3 bi\u1ebfn \u0111\u1ed9ng gi\u00e1 trong t\u01b0\u01a1ng lai<\/p>\n<p>&nbsp;<\/p>\n","protected":false},"excerpt":{"rendered":"<p>L\u00f3t xanh, m\u00e0u \u0111en G\u1ed3m : 39 \u0111\u1ed9 , 40 \u0111\u1ed9 , 41 \u0111\u1ed9 &nbsp; Gi\u1edbi Thi\u1ec7u M\u1eb7t V\u1ee3t B\u00f3ng B\u00e0n DHS Hurricane 3 Pro L\u00f3t Xanh Qu\u1ed1c Gia ( H3 Tuy\u1ec3n T\u1ec9nh L\u00f3t Xanh Qu\u1ed1c Gia) &nbsp; \u2714\ufe0fTr\u00ean nh\u1eefng di\u1ec5n \u0111\u00e0n b\u00f3ng b\u00e0n uy t\u00edn th\u1ebf gi\u1edbi,DHS l\u00e0 m\u1ed9t th\u01b0\u01a1ng hi\u1ec7u c\u1ef1c l\u1edbn \u0111\u1ebfn [&hellip;]<\/p>\n","protected":false},"featured_media":4912,"comment_status":"open","ping_status":"closed","template":"","meta":{"_eb_attr":""},"product_cat":[172,29],"product_tag":[],"class_list":["post-4906","product","type-product","status-publish","has-post-thumbnail","hentry","product_cat-mat-tau","product_cat-mat-vot"],"_links":{"self":[{"href":"https:\/\/www.phivutabletennis.com\/index.php\/wp-json\/wp\/v2\/product\/4906","targetHints":{"allow":["GET"]}}],"collection":[{"href":"https:\/\/www.phivutabletennis.com\/index.php\/wp-json\/wp\/v2\/product"}],"about":[{"href":"https:\/\/www.phivutabletennis.com\/index.php\/wp-json\/wp\/v2\/types\/product"}],"replies":[{"embeddable":true,"href":"https:\/\/www.phivutabletennis.com\/index.php\/wp-json\/wp\/v2\/comments?post=4906"}],"wp:featuredmedia":[{"embeddable":true,"href":"https:\/\/www.phivutabletennis.com\/index.php\/wp-json\/wp\/v2\/media\/4912"}],"wp:attachment":[{"href":"https:\/\/www.phivutabletennis.com\/index.php\/wp-json\/wp\/v2\/media?parent=4906"}],"wp:term":[{"taxonomy":"product_cat","embeddable":true,"href":"https:\/\/www.phivutabletennis.com\/index.php\/wp-json\/wp\/v2\/product_cat?post=4906"},{"taxonomy":"product_tag","embeddable":true,"href":"https:\/\/www.phivutabletennis.com\/index.php\/wp-json\/wp\/v2\/product_tag?post=4906"}],"curies":[{"name":"wp","href":"https:\/\/api.w.org\/{rel}","templated":true}]}}