{"id":4913,"date":"2024-09-13T23:17:44","date_gmt":"2024-09-13T16:17:44","guid":{"rendered":"https:\/\/www.phivutabletennis.com\/?post_type=product&#038;p=4913"},"modified":"2024-10-04T13:47:47","modified_gmt":"2024-10-04T06:47:47","slug":"mat-vot-bong-ban-hurricane-3-ma-long-wangchuqin-hang-chinh-hang-dhs-cao-cap","status":"publish","type":"product","link":"https:\/\/www.phivutabletennis.com\/index.php\/product\/mat-vot-bong-ban-hurricane-3-ma-long-wangchuqin-hang-chinh-hang-dhs-cao-cap\/","title":{"rendered":"DHS Hurricane 3 NEO Ch\u1eef k\u00fd Ma Long"},"content":{"rendered":"<p>TH\u00d4NG TIN CHUNG:<\/p>\n<p>M\u1eb7t v\u1ee3t b\u00f3ng b\u00e0n H3 b\u1ea3n c\u1ea5p ph\u00e1t cho v\u1eadn \u0111\u1ed9ng vi\u00ean Malong:<\/p>\n<p>\u0110\u00e2y l\u00e0 h\u00e0ng s\u1ea3n xu\u1ea5t s\u1ed1 l\u01b0\u1ee3ng r\u1ea5t \u00edt, d\u00e0nh ri\u00eang cho vdv Malong. G\u1ed3m c\u00f3 2 m\u00e0u, th\u00f4ng s\u1ed1 c\u1ee5 th\u1ec3 nh\u01b0 sau:<\/p>\n<p>M\u1eb7t \u0111en c\u00f3 \u0111\u1ed9 c\u1ee9ng 42 \u0111\u1ed9<\/p>\n<p>M\u1eb7t \u0111\u1ecf c\u00f3 \u0111\u1ed9 c\u1ee9ng 37 \u0111\u1ed9.<\/p>\n<p>C\u00e1c th\u00f4ng s\u1ed1 c\u1ee7a m\u1eb7t v\u1ee3t chu\u1ea9n nh\u01b0 m\u1eb7t c\u1ee7a Malong s\u1eed d\u1ee5ng, h\u00e0ng ch\u00ednh h\u00e3ng c\u1ee7a h\u00e3ng DHS Trung Qu\u1ed1c<\/p>\n<p>H\u00e0ng r\u1ea5t \u00edt tr\u00ean th\u1ecb tr\u01b0\u1eddng v\u00e0 gi\u00e1 kh\u00f4ng h\u1ec1 r\u1ebb, s\u1ed1 l\u01b0\u1ee3ng c\u00f3 h\u1ea1n<\/p>\n<p>Cam k\u1ebft h\u00e0ng ch\u00ednh h\u00e3ng<\/p>\n<p>&nbsp;<\/p>\n<p>&nbsp;<\/p>\n","protected":false},"excerpt":{"rendered":"<p>TH\u00d4NG TIN CHUNG: M\u1eb7t v\u1ee3t b\u00f3ng b\u00e0n H3 b\u1ea3n c\u1ea5p ph\u00e1t cho v\u1eadn \u0111\u1ed9ng vi\u00ean Malong: \u0110\u00e2y l\u00e0 h\u00e0ng s\u1ea3n xu\u1ea5t s\u1ed1 l\u01b0\u1ee3ng r\u1ea5t \u00edt, d\u00e0nh ri\u00eang cho vdv Malong. G\u1ed3m c\u00f3 2 m\u00e0u, th\u00f4ng s\u1ed1 c\u1ee5 th\u1ec3 nh\u01b0 sau: M\u1eb7t \u0111en c\u00f3 \u0111\u1ed9 c\u1ee9ng 42 \u0111\u1ed9 M\u1eb7t \u0111\u1ecf c\u00f3 \u0111\u1ed9 c\u1ee9ng 37 \u0111\u1ed9. C\u00e1c [&hellip;]<\/p>\n","protected":false},"featured_media":5295,"comment_status":"open","ping_status":"closed","template":"","meta":{"_eb_attr":""},"product_cat":[172,29],"product_tag":[],"class_list":["post-4913","product","type-product","status-publish","has-post-thumbnail","hentry","product_cat-mat-tau","product_cat-mat-vot"],"_links":{"self":[{"href":"https:\/\/www.phivutabletennis.com\/index.php\/wp-json\/wp\/v2\/product\/4913","targetHints":{"allow":["GET"]}}],"collection":[{"href":"https:\/\/www.phivutabletennis.com\/index.php\/wp-json\/wp\/v2\/product"}],"about":[{"href":"https:\/\/www.phivutabletennis.com\/index.php\/wp-json\/wp\/v2\/types\/product"}],"replies":[{"embeddable":true,"href":"https:\/\/www.phivutabletennis.com\/index.php\/wp-json\/wp\/v2\/comments?post=4913"}],"wp:featuredmedia":[{"embeddable":true,"href":"https:\/\/www.phivutabletennis.com\/index.php\/wp-json\/wp\/v2\/media\/5295"}],"wp:attachment":[{"href":"https:\/\/www.phivutabletennis.com\/index.php\/wp-json\/wp\/v2\/media?parent=4913"}],"wp:term":[{"taxonomy":"product_cat","embeddable":true,"href":"https:\/\/www.phivutabletennis.com\/index.php\/wp-json\/wp\/v2\/product_cat?post=4913"},{"taxonomy":"product_tag","embeddable":true,"href":"https:\/\/www.phivutabletennis.com\/index.php\/wp-json\/wp\/v2\/product_tag?post=4913"}],"curies":[{"name":"wp","href":"https:\/\/api.w.org\/{rel}","templated":true}]}}