{"id":4921,"date":"2024-09-15T22:13:33","date_gmt":"2024-09-15T15:13:33","guid":{"rendered":"https:\/\/www.phivutabletennis.com\/?post_type=product&#038;p=4921"},"modified":"2024-09-19T23:54:24","modified_gmt":"2024-09-19T16:54:24","slug":"mat-vot-tenergy-64-fx","status":"publish","type":"product","link":"https:\/\/www.phivutabletennis.com\/index.php\/product\/mat-vot-tenergy-64-fx\/","title":{"rendered":"TENERGY 64 FX"},"content":{"rendered":"<p class=\"p1\"><b>M\u1eb6T\u00a0V\u1ee2T BUTTERFLY\u00a0<\/b><strong>TENERGY 64FX<\/strong><\/p>\n<p class=\"p1\"><b>S\u1ea3n xu\u1ea5t t\u1ea1i Nh\u1eadt B\u1ea3n\u00a0<\/b><br \/>\nNh\u1eb1m t\u0103ng c\u01b0\u1eddng t\u00ednh n\u0103ng an to\u00e0n, hi\u1ec7u qu\u1ea3 h\u01a1n v\u00e0 c\u1ea3m gi\u00e1c \u0111i\u1ec1u khi\u1ec3n b\u00f3ng t\u1ed1t h\u01a1n trong l\u1ed1i \u0111\u00e1nh t\u1ea5n c\u00f4ng t\u1ed1c \u0111\u1ed9, h\u00e3ng Butterfly \u0111\u00e3 nghi\u00ean c\u1ee9u v\u00e0 c\u1ea3i ti\u1ebfn d\u00f2ng s\u1ea3n ph\u1ea9m Tenergy 64, \u0111\u1ec3 cho ra \u0111\u1eddi d\u00f2ng s\u1ea3n ph\u1ea9m m\u1edbi\u00a0<strong>Tenergy\u00a064 FX<\/strong>\u00a0s\u1ef1 k\u1ebft h\u1ee3p c\u1ee7a nh\u1eefng t\u00ednh n\u0103ng \u01b0u vi\u1ec7t s\u1eb5n c\u00f3 c\u1ee7a d\u00f2ng Tenergy 64 c\u1ed9ng\u00a0v\u1edbi m\u1eb7t l\u00f3t m\u1ec1m c\u1ee7a d\u00f2ng\u00a0Tenergy 05\u00a0FX.<\/p>\n<p class=\"p1\">\n<table border=\"0\" cellspacing=\"1\" cellpadding=\"1\">\n<tbody>\n<tr>\n<td>T\u1ed1c \u0111\u1ed9<\/td>\n<td>: 85<\/td>\n<\/tr>\n<tr>\n<td>\u0110\u00f4\u0323 xoa\u0301y<\/td>\n<td>: 58<\/td>\n<\/tr>\n<tr>\n<td>\u0110\u00f4\u0323 c\u01b0\u0301ng<\/td>\n<td>: 32<\/td>\n<\/tr>\n<tr>\n<td>Quy\u0303 \u0111a\u0323o bo\u0301ng<\/td>\n<td>: 61<\/td>\n<\/tr>\n<tr>\n<td>\u0110\u00f4\u0323 da\u0300y<\/td>\n<td>: 1.9 mm va\u0300 2.1 mm<\/td>\n<\/tr>\n<\/tbody>\n<\/table>\n<p><strong>Theo th\u00f4ng s\u00f4\u0301 chu\u00e2\u0309n cu\u0309a ha\u0303ng Butterfly<\/strong><\/p>\n","protected":false},"excerpt":{"rendered":"<p>M\u1eb6T\u00a0V\u1ee2T BUTTERFLY\u00a0TENERGY 64FX S\u1ea3n xu\u1ea5t t\u1ea1i Nh\u1eadt B\u1ea3n\u00a0 Nh\u1eb1m t\u0103ng c\u01b0\u1eddng t\u00ednh n\u0103ng an to\u00e0n, hi\u1ec7u qu\u1ea3 h\u01a1n v\u00e0 c\u1ea3m gi\u00e1c \u0111i\u1ec1u khi\u1ec3n b\u00f3ng t\u1ed1t h\u01a1n trong l\u1ed1i \u0111\u00e1nh t\u1ea5n c\u00f4ng t\u1ed1c \u0111\u1ed9, h\u00e3ng Butterfly \u0111\u00e3 nghi\u00ean c\u1ee9u v\u00e0 c\u1ea3i ti\u1ebfn d\u00f2ng s\u1ea3n ph\u1ea9m Tenergy 64, \u0111\u1ec3 cho ra \u0111\u1eddi d\u00f2ng s\u1ea3n ph\u1ea9m m\u1edbi\u00a0Tenergy\u00a064 FX\u00a0s\u1ef1 [&hellip;]<\/p>\n","protected":false},"featured_media":4922,"comment_status":"open","ping_status":"closed","template":"","meta":{"_eb_attr":""},"product_cat":[48,29],"product_tag":[],"class_list":["post-4921","product","type-product","status-publish","has-post-thumbnail","hentry","product_cat-butterfly-mv","product_cat-mat-vot"],"_links":{"self":[{"href":"https:\/\/www.phivutabletennis.com\/index.php\/wp-json\/wp\/v2\/product\/4921","targetHints":{"allow":["GET"]}}],"collection":[{"href":"https:\/\/www.phivutabletennis.com\/index.php\/wp-json\/wp\/v2\/product"}],"about":[{"href":"https:\/\/www.phivutabletennis.com\/index.php\/wp-json\/wp\/v2\/types\/product"}],"replies":[{"embeddable":true,"href":"https:\/\/www.phivutabletennis.com\/index.php\/wp-json\/wp\/v2\/comments?post=4921"}],"wp:featuredmedia":[{"embeddable":true,"href":"https:\/\/www.phivutabletennis.com\/index.php\/wp-json\/wp\/v2\/media\/4922"}],"wp:attachment":[{"href":"https:\/\/www.phivutabletennis.com\/index.php\/wp-json\/wp\/v2\/media?parent=4921"}],"wp:term":[{"taxonomy":"product_cat","embeddable":true,"href":"https:\/\/www.phivutabletennis.com\/index.php\/wp-json\/wp\/v2\/product_cat?post=4921"},{"taxonomy":"product_tag","embeddable":true,"href":"https:\/\/www.phivutabletennis.com\/index.php\/wp-json\/wp\/v2\/product_tag?post=4921"}],"curies":[{"name":"wp","href":"https:\/\/api.w.org\/{rel}","templated":true}]}}