{"id":4926,"date":"2024-09-15T22:16:18","date_gmt":"2024-09-15T15:16:18","guid":{"rendered":"https:\/\/www.phivutabletennis.com\/?post_type=product&#038;p=4926"},"modified":"2024-09-19T23:54:16","modified_gmt":"2024-09-19T16:54:16","slug":"mat-vot-tenergy-80-fx","status":"publish","type":"product","link":"https:\/\/www.phivutabletennis.com\/index.php\/product\/mat-vot-tenergy-80-fx\/","title":{"rendered":"TENERGY 80 FX"},"content":{"rendered":"<p><em>\u00dd ngh\u0129a th\u01b0\u01a1ng hi\u1ec7u Butterfly \u201cN\u1ebfu ng\u01b0\u1eddi ch\u01a1i l\u00e0 hoa, ch\u00fang t\u00f4i mu\u1ed1n tr\u1edf th\u00e0nh b\u01b0\u1edbm \u0111\u1ec3 ph\u1ee5c v\u1ee5 b\u00f4ng hoa \u0111\u00f3\u2019\u2019<br \/>\nXuy\u00ean su\u1ed1t h\u00e0nh tr\u00ecnh h\u01a1n 60 n\u0103m th\u00e0nh l\u1eadp v\u1edbi \u0111\u1ed9i ng\u0169 nh\u00e2n vi\u00ean kh\u00f4ng ng\u1eebng nghi\u00ean c\u1ee9u, s\u00e1ng t\u1ea1o \u0111\u1ec3 m\u1ed7i s\u1ea3n ph\u1ea9m mang t\u00ean th\u01b0\u01a1ng hi\u1ec7u Butterfly ra \u0111\u1eddi \u0111\u1ec1u truy\u1ec1n c\u1ea3m h\u1ee9ng \u0111\u1ebfn ng\u01b0\u1eddi ch\u01a1i v\u00e0 l\u00e0 m\u1ed9t trong nh\u1eefng th\u01b0\u01a1ng hi\u1ec7u h\u00e0ng \u0111\u1ea7u th\u1ebf gi\u1edbi.<br \/>\nH\u00e3ng Butterfly l\u00e0 th\u01b0\u01a1ng hi\u1ec7u t\u00e0i tr\u1ee3 cho nh\u1eefng v\u1eadn \u0111\u1ed9ng vi\u00ean h\u00e0ng \u0111\u1ea7u th\u1ebf gi\u1edbi nh\u01b0: Timo Boll, Zhang Jike, Mizutani Jun, Tomokazu Harimoto, Lin Gao Yuan\u2026.. Song song \u0111\u00f3 th\u01b0\u01a1ng hi\u1ec7u Butterlfy c\u0169ng \u0111\u1ed3ng h\u00e0nh c\u00f9ng \u0111\u1ed9i tuy\u1ec3n c\u00e1c n\u01b0\u1edbc nh\u01b0: Th\u00e1i Lan, M\u1ef9, Scotland, Mexico\u2026. v\u00e0 Vi\u1ec7t Nam.<\/p>\n<p>Ch\u00fang t\u00f4i cam k\u1ebft h\u00e0ng ch\u00ednh h\u00e3ng Butterfly ph\u00e2n ph\u1ed1i t\u1ea1i: NH\u1eacT, \u0110\u1ee8C, TRUNG QU\u1ed0C, H\u00c0N QU\u1ed0C, TH\u00c1I LAN VI\u1ec6T NAM V\u00c0 T\u1ea4T C\u1ea2 C\u00c1C \u0110\u1ea0I L\u00dd TR\u00caN TO\u00c0N TH\u1ebe GI\u1edaI N\u1ebeU C\u00d9NG T\u00caN TH\u01af\u01a0NG M\u1ea0I TH\u00cc CH\u1ea4T L\u01af\u1ee2NG \u0110\u1ec0U NH\u01af NHAU.<\/em><\/p>\n<p class=\"p1\"><b>M\u1eb6T\u00a0V\u1ee2T BUTTERFLY\u00a0<\/b><strong>TENERGY 80FX<\/strong><\/p>\n<p class=\"p1\"><b>S\u1ea3n xu\u1ea5t t\u1ea1i Nh\u1eadt B\u1ea3n\u00a0<\/b><\/p>\n<div>\n<p><strong>Butterfly\u00a0Tenergy 80FX<\/strong>\u00a0ph\u00e1t tri\u1ec3n d\u1ef1a tr\u00ean s\u1ea3n ph\u1ea9m Tenergy 80, m\u1eb7t l\u00f3t \u0111\u01b0\u1ee3c \u0111i\u1ec1u ch\u1ec9nh m\u1ec1m h\u01a1n\u00a0gi\u00fap\u00a0Tenergy 80FX c\u00f3 \u0111\u1ed9 \u1ed5n \u0111\u1ecbnh cao, c\u00e2n b\u1eb1ng t\u1ed1c \u0111\u1ed9 v\u00e0 \u0111\u1ed9 b\u00e1m xo\u00e1y. C\u1ea3m gi\u00e1c ti\u1ebfp x\u00fac b\u00f3ng m\u1ec1m, d\u1ec5 ki\u1ec3m so\u00e1t.<\/p>\n<table border=\"0\" cellspacing=\"1\" cellpadding=\"1\">\n<tbody>\n<tr>\n<td>T\u1ed1c \u0111\u1ed9<\/td>\n<td>: 83<\/td>\n<\/tr>\n<tr>\n<td>\u0110\u00f4\u0323 xoa\u0301y<\/td>\n<td>: 61<\/td>\n<\/tr>\n<tr>\n<td>\u0110\u00f4\u0323 c\u01b0\u0301ng<\/td>\n<td>: 32<\/td>\n<\/tr>\n<tr>\n<td>Quy\u0303 \u0111a\u0323o bo\u0301ng<\/td>\n<td>: 63<\/td>\n<\/tr>\n<tr>\n<td>\u0110\u00f4\u0323 da\u0300y<\/td>\n<td>: 1.9 mm va\u0300 2.1 mm<\/td>\n<\/tr>\n<\/tbody>\n<\/table>\n<\/div>\n","protected":false},"excerpt":{"rendered":"<p>\u00dd ngh\u0129a th\u01b0\u01a1ng hi\u1ec7u Butterfly \u201cN\u1ebfu ng\u01b0\u1eddi ch\u01a1i l\u00e0 hoa, ch\u00fang t\u00f4i mu\u1ed1n tr\u1edf th\u00e0nh b\u01b0\u1edbm \u0111\u1ec3 ph\u1ee5c v\u1ee5 b\u00f4ng hoa \u0111\u00f3\u2019\u2019 Xuy\u00ean su\u1ed1t h\u00e0nh tr\u00ecnh h\u01a1n 60 n\u0103m th\u00e0nh l\u1eadp v\u1edbi \u0111\u1ed9i ng\u0169 nh\u00e2n vi\u00ean kh\u00f4ng ng\u1eebng nghi\u00ean c\u1ee9u, s\u00e1ng t\u1ea1o \u0111\u1ec3 m\u1ed7i s\u1ea3n ph\u1ea9m mang t\u00ean th\u01b0\u01a1ng hi\u1ec7u Butterfly ra \u0111\u1eddi \u0111\u1ec1u truy\u1ec1n [&hellip;]<\/p>\n","protected":false},"featured_media":4927,"comment_status":"open","ping_status":"closed","template":"","meta":{"_eb_attr":""},"product_cat":[48,29],"product_tag":[],"class_list":["post-4926","product","type-product","status-publish","has-post-thumbnail","hentry","product_cat-butterfly-mv","product_cat-mat-vot"],"_links":{"self":[{"href":"https:\/\/www.phivutabletennis.com\/index.php\/wp-json\/wp\/v2\/product\/4926","targetHints":{"allow":["GET"]}}],"collection":[{"href":"https:\/\/www.phivutabletennis.com\/index.php\/wp-json\/wp\/v2\/product"}],"about":[{"href":"https:\/\/www.phivutabletennis.com\/index.php\/wp-json\/wp\/v2\/types\/product"}],"replies":[{"embeddable":true,"href":"https:\/\/www.phivutabletennis.com\/index.php\/wp-json\/wp\/v2\/comments?post=4926"}],"wp:featuredmedia":[{"embeddable":true,"href":"https:\/\/www.phivutabletennis.com\/index.php\/wp-json\/wp\/v2\/media\/4927"}],"wp:attachment":[{"href":"https:\/\/www.phivutabletennis.com\/index.php\/wp-json\/wp\/v2\/media?parent=4926"}],"wp:term":[{"taxonomy":"product_cat","embeddable":true,"href":"https:\/\/www.phivutabletennis.com\/index.php\/wp-json\/wp\/v2\/product_cat?post=4926"},{"taxonomy":"product_tag","embeddable":true,"href":"https:\/\/www.phivutabletennis.com\/index.php\/wp-json\/wp\/v2\/product_tag?post=4926"}],"curies":[{"name":"wp","href":"https:\/\/api.w.org\/{rel}","templated":true}]}}