{"id":4946,"date":"2024-09-15T23:11:37","date_gmt":"2024-09-15T16:11:37","guid":{"rendered":"https:\/\/www.phivutabletennis.com\/?post_type=product&#038;p=4946"},"modified":"2024-09-15T23:14:34","modified_gmt":"2024-09-15T16:14:34","slug":"qua-bong-ban-thi-dau-double-fish-olympic-2024-ittf-par40","status":"publish","type":"product","link":"https:\/\/www.phivutabletennis.com\/index.php\/product\/qua-bong-ban-thi-dau-double-fish-olympic-2024-ittf-par40\/","title":{"rendered":"Qu\u1ea3 b\u00f3ng b\u00e0n thi \u0111\u1ea5u Double Fish Olympic 2024 ITTF Par40+"},"content":{"rendered":"<p>Banh b\u00f3ng b\u00e0n Double Fish Olympic 2024 \u0111\u01b0\u1ee3c ch\u1ecdn l\u00e0m banh thi \u0111\u1ea5u t\u1ea1i Olympic \u0111\u01b0\u1ee3c t\u1ed5 ch\u1ee9c t\u1ea1i Ph\u00e1p v\u00e0o n\u0103m 2024. Banh chu\u1ea9n thi \u0111\u1ea5u c\u00e1c gi\u1ea3i th\u1ebf gi\u1edbi. M\u1ed9t h\u1ed9p 6 tr\u00e1i. Th\u1ebf v\u1eadn h\u1ed9i Olympic Paris 2024 s\u1ebd \u0111\u01b0\u1ee3c t\u1ed5 ch\u1ee9c t\u1ea1i Paris 2024 v\u1edbi c\u00e1c n\u1ed9i dung b\u00f3ng b\u00e0n \u0111\u01a1n nam, \u0111\u01a1n n\u1eef, \u0111\u1ed3ng \u0111\u1ed9i nam, \u0111\u1ed3ng \u0111\u1ed9i n\u1eef v\u00e0 \u0111\u00f4i nam n\u1eef t\u1eeb ng\u00e0y 27 th\u00e1ng 7. \u0110\u01b0\u1ee3c t\u1ed5 ch\u1ee9c trong v\u00f2ng 10 ng\u00e0y. Ch\u1ee7 t\u1ecbch Double Fish Group, Wang Xiaodong, , cho bi\u1ebft: &#8220;R\u1ea5t vui m\u1eebng \u0111\u01b0\u1ee3c h\u1ee3p t\u00e1c to\u00e0n c\u1ea7u v\u1edbi Li\u00ean \u0111o\u00e0n b\u00f3ng b\u00e0n th\u1ebf gi\u1edbi WTT v\u00e0 tr\u1edf th\u00e0nh nh\u00e0 cung c\u1ea5p \u0111\u1ed9c quy\u1ec1n b\u00f3ng b\u00e0n cho Th\u1ebf v\u1eadn h\u1ed9i Olympic v\u00e0 Paralympic Paris 2024. \u0110\u00f3 l\u00e0 m\u1ed9t \u0111i\u1ec1u tuy\u1ec7t v\u1eddi.&#8221; Th\u1eadt vinh d\u1ef1 cho ch\u00fang t\u00f4i khi \u0111\u01b0\u1ee3c tham gia v\u00e0o b\u1eefa ti\u1ec7c th\u1ec3 thao n\u00e0y m\u1ed9t l\u1ea7n n\u1eefa. Ch\u00fang t\u00f4i tin t\u01b0\u1edfng ch\u1eafc ch\u1eafn r\u1eb1ng v\u1eadn \u0111\u1ed9ng vi\u00ean v\u00e0 ng\u01b0\u1eddi h\u00e2m m\u1ed9 s\u1ebd th\u1ea5y \u0111\u01b0\u1ee3c s\u1ef1 c\u1ea3i thi\u1ec7n c\u00e1c d\u1ecbch v\u1ee5 v\u00e0 c\u00e1c hi\u1ebft b\u1ecb th\u1ec3 thao kh\u00e1c nhau th\u00f4ng qua \u0111\u1ed5i m\u1edbi v\u00e0 \u0111\u1ed9t ph\u00e1 c\u00f4ng ngh\u1ec7, \u0111\u1ed3ng th\u1eddi c\u00f9ng nhau th\u00fac \u0111\u1ea9y b\u00f3ng b\u00e0n ph\u00e1t tri\u1ec3n.<\/p>\n<p>Ngo\u00e0i vi\u1ec7c cung c\u1ea5p b\u00f3ng cho th\u1ebf v\u1eadn h\u1ed9i Olympic v\u00e0 Paralympic Paris 2024, Double Fish c\u0169ng s\u1ebd cung c\u1ea5p b\u00f3ng cho c\u00e1c s\u1ef1 ki\u1ec7n chu\u1ed7i khu v\u1ef1c c\u1ee7a WTT trong m\u00f9a gi\u1ea3i 2023 v\u00e0 2024, \u0111\u1ed3ng th\u1eddi cung c\u1ea5p b\u00f3ng cho m\u1ed9t s\u1ed1 s\u1ef1 ki\u1ec7n WTT Grand Slam, Gi\u1ea3i v\u00f4 \u0111\u1ecbch WTT v\u00e0 B\u1ea3ng x\u1ebfp h\u1ea1ng \u0111\u01b0\u1ee3c cung c\u1ea5p cho c\u00e1c gi\u1ea3i \u0111\u1ea5u. Chung k\u1ebft WTT.<\/p>\n<p>Theo \u00f4ng Gu Yuhan, Gi\u00e1m \u0111\u1ed1c h\u1ee3p t\u00e1c kinh doanh c\u1ee7a Li\u00ean \u0111o\u00e0n b\u00f3ng b\u00e0n th\u1ebf gi\u1edbi WTT, cho bi\u1ebft: \u201cLi\u00ean \u0111o\u00e0n b\u00f3ng b\u00e0n th\u1ebf gi\u1edbi WTT r\u1ea5t vui m\u1eebng \u0111\u01b0\u1ee3c ti\u1ebfp t\u1ee5c m\u1ed1i quan h\u1ec7 h\u1ee3p t\u00e1c v\u1edbi Double Fish Group v\u00e0 ti\u1ebfp t\u1ee5c h\u1ee3p t\u00e1c \u0111\u1ec3 cung c\u1ea5p thi\u1ebft b\u1ecb th\u1ec3 thao ch\u1ea5t l\u01b0\u1ee3ng cao cho c\u00e1c cu\u1ed9c thi \u0111\u1ea5u qu\u1ed1c t\u1ebf. Fish lu\u00f4n theo \u0111u\u1ed5i s\u1ef1 xu\u1ea5t s\u1eafc, ki\u00ean tr\u00ec \u0111\u1ed5i m\u1edbi v\u00e0 tr\u00e0n \u0111\u1ea7y ni\u1ec1m \u0111am m\u00ea v\u1edbi m\u00f4n b\u00f3ng b\u00e0n. Double Fish l\u00e0 \u0111\u1ed1i t\u00e1c l\u00fd t\u01b0\u1edfng c\u1ee7a Li\u00ean \u0111o\u00e0n b\u00f3ng b\u00e0n th\u1ebf gi\u1edbi WTT. Ch\u00fang t\u00f4i tin r\u1eb1ng m\u1ed1i quan h\u1ec7 h\u1ee3p t\u00e1c l\u00e2u d\u00e0i gi\u1eefa hai b\u00ean s\u1ebd gi\u00fap t\u1ed1i \u01b0u h\u00f3a tr\u1ea3i nghi\u1ec7m c\u1ee7a ng\u01b0\u1eddi ch\u01a1i v\u00e0 ng\u01b0\u1eddi h\u00e2m m\u1ed9, v\u00e0 ch\u00fang t\u00f4i s\u1ebd c\u00f3 th\u1ec3 c\u00f9ng nhau \u0111\u01b0a m\u00f4n b\u00f3ng b\u00e0n l\u00ean m\u1ed9t t\u1ea7m cao m\u1edbi trong t\u01b0\u01a1ng lai.\u201d<\/p>\n<p>#phukienbongban #chaivesinhmatvot #dautune #keohaifu #onglangkimdungbong #banhbongbandhsbusan #banhbongbandoublefish #banhbongbanyinhe #banhbongbandhswtt # banhbongbantibhar #banhbongbannittaku #cotvotbongbanhcm #cocluoidoublefish #cocluoidhs #banlatdiemdhs #quancanyinhe #baovotbongban #phivushop<\/p>\n","protected":false},"excerpt":{"rendered":"<p>Banh b\u00f3ng b\u00e0n Double Fish Olympic 2024 \u0111\u01b0\u1ee3c ch\u1ecdn l\u00e0m banh thi \u0111\u1ea5u t\u1ea1i Olympic \u0111\u01b0\u1ee3c t\u1ed5 ch\u1ee9c t\u1ea1i Ph\u00e1p v\u00e0o n\u0103m 2024. Banh chu\u1ea9n thi \u0111\u1ea5u c\u00e1c gi\u1ea3i th\u1ebf gi\u1edbi. M\u1ed9t h\u1ed9p 6 tr\u00e1i. Th\u1ebf v\u1eadn h\u1ed9i Olympic Paris 2024 s\u1ebd \u0111\u01b0\u1ee3c t\u1ed5 ch\u1ee9c t\u1ea1i Paris 2024 v\u1edbi c\u00e1c n\u1ed9i dung b\u00f3ng b\u00e0n \u0111\u01a1n [&hellip;]<\/p>\n","protected":false},"featured_media":4951,"comment_status":"open","ping_status":"closed","template":"","meta":{"_eb_attr":""},"product_cat":[70,67],"product_tag":[],"class_list":["post-4946","product","type-product","status-publish","has-post-thumbnail","hentry","product_cat-bong","product_cat-phu-kien"],"_links":{"self":[{"href":"https:\/\/www.phivutabletennis.com\/index.php\/wp-json\/wp\/v2\/product\/4946","targetHints":{"allow":["GET"]}}],"collection":[{"href":"https:\/\/www.phivutabletennis.com\/index.php\/wp-json\/wp\/v2\/product"}],"about":[{"href":"https:\/\/www.phivutabletennis.com\/index.php\/wp-json\/wp\/v2\/types\/product"}],"replies":[{"embeddable":true,"href":"https:\/\/www.phivutabletennis.com\/index.php\/wp-json\/wp\/v2\/comments?post=4946"}],"wp:featuredmedia":[{"embeddable":true,"href":"https:\/\/www.phivutabletennis.com\/index.php\/wp-json\/wp\/v2\/media\/4951"}],"wp:attachment":[{"href":"https:\/\/www.phivutabletennis.com\/index.php\/wp-json\/wp\/v2\/media?parent=4946"}],"wp:term":[{"taxonomy":"product_cat","embeddable":true,"href":"https:\/\/www.phivutabletennis.com\/index.php\/wp-json\/wp\/v2\/product_cat?post=4946"},{"taxonomy":"product_tag","embeddable":true,"href":"https:\/\/www.phivutabletennis.com\/index.php\/wp-json\/wp\/v2\/product_tag?post=4946"}],"curies":[{"name":"wp","href":"https:\/\/api.w.org\/{rel}","templated":true}]}}