{"id":4952,"date":"2024-09-15T23:17:17","date_gmt":"2024-09-15T16:17:17","guid":{"rendered":"https:\/\/www.phivutabletennis.com\/?post_type=product&#038;p=4952"},"modified":"2024-09-20T00:09:31","modified_gmt":"2024-09-19T17:09:31","slug":"bong-thi-dau-song-ngu-bong-ban-double-fish-v40-hop-6-qua-2022-2023","status":"publish","type":"product","link":"https:\/\/www.phivutabletennis.com\/index.php\/product\/bong-thi-dau-song-ngu-bong-ban-double-fish-v40-hop-6-qua-2022-2023\/","title":{"rendered":"B\u00f3ng thi \u0111\u1ea5u song ng\u01b0 (b\u00f3ng b\u00e0n Double fish V40+) h\u1ed9p 6 qu\u1ea3 2022 -2023"},"content":{"rendered":"<p>TH\u00d4NG TIN S\u1ea2N PH\u1ea8M:<\/p>\n<p>&#8211; Qu\u1ea3 b\u00f3ng b\u00e0n Double Fish V40+ 3* \u0111\u01b0\u1ee3c s\u1ea3n xu\u1ea5t t\u1ea1i Trung Qu\u1ed1c do h\u00e3ng Double Fish \u0111\u01b0a ra th\u1ecb tr\u01b0\u1eddng, \u0111\u00e2y l\u00e0 th\u01b0\u01a1ng hi\u1ec7u uy t\u00edn l\u00e2u n\u0103m t\u1ea1i Trung Qu\u1ed1c. Banh b\u00f3ng b\u00e0n n\u00e0y \u0111\u01b0\u1ee3c s\u1ea3n xu\u1ea5t v\u1edbi k\u00edch th\u01b0\u1edbc ti\u00eau chu\u1ea9n thi \u0111\u1ea5u qu\u1ed1c t\u1ebf. C\u00f4ng ngh\u1ec7 s\u1eed d\u1ee5ng \u0111\u00fac n\u1ed1i v\u1edbi \u0111\u1ed9 ch\u00ednh x\u00e1c cao. \u0110\u1ed9 \u1ed5n \u0111\u1ecbnh, \u0111\u1ed9 tr\u00f2n v\u00e0 \u0111\u1ed9 c\u1ee9ng c\u0169ng nh\u01b0 \u0111\u1ed9 n\u1ea3y \u0111\u1ec1u t\u1ed1t.<\/p>\n<p>&#8211; Ch\u1ea5t li\u1ec7u: Nh\u1ef1a ABS<\/p>\n<p>&#8211; H\u1ed9p bao g\u1ed3m 6 qu\u1ea3. C\u00f3 2 ph\u00e2n lo\u1ea1i: H\u1ed9p v\u00e0ng 2022-2023 v\u00e0 h\u1ed9p \u0111en WTT<\/p>\n<p>* Cam k\u1ebft c\u1ee7a shop: &#8211; G\u1eedi h\u00e0ng cho b\u00ean v\u1eadn chuy\u1ec3n trong v\u00f2ng 24h khi nh\u1eadn \u0111\u01b0\u1ee3c \u0111\u01a1n h\u00e0ng.<\/p>\n<p>&#8211; G\u1eedi s\u1ea3n ph\u1ea9m \u0111\u00fang m\u00f4 t\u1ea3<\/p>\n<p>&#8211; H\u1ed7 tr\u1ee3 t\u01b0 v\u1ea5n m\u1ecdi s\u1ea3n ph\u1ea9m li\u00ean quan \u0111\u1ebfn b\u00f3ng b\u00e0n, d\u1ee5ng c\u1ee5 b\u00f3ng b\u00e0n.<\/p>\n","protected":false},"excerpt":{"rendered":"<p>TH\u00d4NG TIN S\u1ea2N PH\u1ea8M: &#8211; Qu\u1ea3 b\u00f3ng b\u00e0n Double Fish V40+ 3* \u0111\u01b0\u1ee3c s\u1ea3n xu\u1ea5t t\u1ea1i Trung Qu\u1ed1c do h\u00e3ng Double Fish \u0111\u01b0a ra th\u1ecb tr\u01b0\u1eddng, \u0111\u00e2y l\u00e0 th\u01b0\u01a1ng hi\u1ec7u uy t\u00edn l\u00e2u n\u0103m t\u1ea1i Trung Qu\u1ed1c. Banh b\u00f3ng b\u00e0n n\u00e0y \u0111\u01b0\u1ee3c s\u1ea3n xu\u1ea5t v\u1edbi k\u00edch th\u01b0\u1edbc ti\u00eau chu\u1ea9n thi \u0111\u1ea5u qu\u1ed1c t\u1ebf. C\u00f4ng ngh\u1ec7 [&hellip;]<\/p>\n","protected":false},"featured_media":4947,"comment_status":"open","ping_status":"closed","template":"","meta":{"_eb_attr":""},"product_cat":[70,67],"product_tag":[],"class_list":["post-4952","product","type-product","status-publish","has-post-thumbnail","hentry","product_cat-bong","product_cat-phu-kien"],"_links":{"self":[{"href":"https:\/\/www.phivutabletennis.com\/index.php\/wp-json\/wp\/v2\/product\/4952","targetHints":{"allow":["GET"]}}],"collection":[{"href":"https:\/\/www.phivutabletennis.com\/index.php\/wp-json\/wp\/v2\/product"}],"about":[{"href":"https:\/\/www.phivutabletennis.com\/index.php\/wp-json\/wp\/v2\/types\/product"}],"replies":[{"embeddable":true,"href":"https:\/\/www.phivutabletennis.com\/index.php\/wp-json\/wp\/v2\/comments?post=4952"}],"wp:featuredmedia":[{"embeddable":true,"href":"https:\/\/www.phivutabletennis.com\/index.php\/wp-json\/wp\/v2\/media\/4947"}],"wp:attachment":[{"href":"https:\/\/www.phivutabletennis.com\/index.php\/wp-json\/wp\/v2\/media?parent=4952"}],"wp:term":[{"taxonomy":"product_cat","embeddable":true,"href":"https:\/\/www.phivutabletennis.com\/index.php\/wp-json\/wp\/v2\/product_cat?post=4952"},{"taxonomy":"product_tag","embeddable":true,"href":"https:\/\/www.phivutabletennis.com\/index.php\/wp-json\/wp\/v2\/product_tag?post=4952"}],"curies":[{"name":"wp","href":"https:\/\/api.w.org\/{rel}","templated":true}]}}