{"id":4955,"date":"2024-09-15T23:33:49","date_gmt":"2024-09-15T16:33:49","guid":{"rendered":"https:\/\/www.phivutabletennis.com\/?post_type=product&#038;p=4955"},"modified":"2024-09-15T23:33:50","modified_gmt":"2024-09-15T16:33:50","slug":"keo-dan-vot-yinhe-keo-sua-yinhe-7018-dung-tich-150ml","status":"publish","type":"product","link":"https:\/\/www.phivutabletennis.com\/index.php\/product\/keo-dan-vot-yinhe-keo-sua-yinhe-7018-dung-tich-150ml\/","title":{"rendered":"Keo d\u00e1n v\u1ee3t Yinhe Keo s\u1eefa YInhe 7018 dung t\u00edch 150ml"},"content":{"rendered":"<p>\u0110\u1eb6C \u0110I\u1ec2M KEO S\u1eeeA YINHE:<\/p>\n<p>An to\u00e0n s\u1ee9c kho\u1ebb:<\/p>\n<p>&#8211; Lo\u1ea1i b\u1ecf t\u00e1c nh\u00e2n g\u00e2y ung th\u01b0 N-nitrosamine v\u1ed1n c\u00f3 s\u1eb5n trong keo g\u1ed1c n\u01b0\u1edbc ch\u01b0a tinh l\u1ecdc.<\/p>\n<p>&#8211; Lo\u1ea1i b\u1ecf Ammoniac, l\u00e0 ho\u00e1 ch\u1ea5t g\u00e2y \u0111au \u0111\u1ea7u v\u00e0 t\u1ed5n th\u01b0\u01a1ng t\u1ebf b\u00e0o khi h\u00edt ph\u1ea3i.<\/p>\n<p>T\u00ednh n\u0103ng v\u01b0\u1ee3t tr\u1ed9i:<\/p>\n<p>&#8211; T\u0103ng c\u01b0\u1eddng \u0111\u1ed9 \u0111\u00e0n h\u1ed3i, mang l\u1ea1i s\u1ef1 tr\u1ee3 l\u1ef1c v\u00e0 c\u1ea3m gi\u00e1c b\u00f3ng t\u1ed1t h\u01a1n.<\/p>\n<p>&#8211; Duy tr\u00ec \u0111\u1ed9 n\u1ea3y \u0111\u01b0\u1ee3c \u0111\u1ec1u v\u00e0 l\u00e2u h\u01a1n nh\u1edd c\u00f4ng ngh\u1ec7 m\u00e0ng ch\u1ed1ng th\u1ea5m.<\/p>\n<p>Th\u00e2n thi\u1ec7n, d\u1ec5 s\u1eed d\u1ee5ng:<\/p>\n<p>&#8211; R\u1ea5t d\u1ec5 qu\u00e9t v\u00e0 kh\u00f4ng b\u1ecb v\u00f3n c\u1ee5c. D\u00f9 kh\u00f4ng c\u00f3 kinh nghi\u1ec7m ng\u01b0\u1eddi d\u00f9ng v\u1eabn c\u00f3 th\u1ec3 qu\u00e9t \u0111\u1ec1u v\u00e0 chu\u1ea9n.<\/p>\n<p>B\u1ec1n b\u1ec9, tu\u1ed5i th\u1ecd cao:<\/p>\n<p>&#8211; H\u1ea1n s\u1eed d\u1ee5ng khi \u0111\u1ec3 tr\u00ean k\u1ec7 hay \u0111\u00e3 m\u1edf n\u1eafp c\u00f3 th\u1ec3 g\u1ea5p \u0111\u00f4i ho\u1eb7c g\u1ea5p 3 l\u1ea7n b\u00ecnh th\u01b0\u1eddng.<\/p>\n<p>#yinhe #phukien #keo #keosua #unrex #hoachau #bongban #pingpong<\/p>\n","protected":false},"excerpt":{"rendered":"<p>\u0110\u1eb6C \u0110I\u1ec2M KEO S\u1eeeA YINHE: An to\u00e0n s\u1ee9c kho\u1ebb: &#8211; Lo\u1ea1i b\u1ecf t\u00e1c nh\u00e2n g\u00e2y ung th\u01b0 N-nitrosamine v\u1ed1n c\u00f3 s\u1eb5n trong keo g\u1ed1c n\u01b0\u1edbc ch\u01b0a tinh l\u1ecdc. &#8211; Lo\u1ea1i b\u1ecf Ammoniac, l\u00e0 ho\u00e1 ch\u1ea5t g\u00e2y \u0111au \u0111\u1ea7u v\u00e0 t\u1ed5n th\u01b0\u01a1ng t\u1ebf b\u00e0o khi h\u00edt ph\u1ea3i. T\u00ednh n\u0103ng v\u01b0\u1ee3t tr\u1ed9i: &#8211; T\u0103ng c\u01b0\u1eddng \u0111\u1ed9 \u0111\u00e0n [&hellip;]<\/p>\n","protected":false},"featured_media":4956,"comment_status":"open","ping_status":"closed","template":"","meta":{"_eb_attr":""},"product_cat":[54],"product_tag":[],"class_list":["post-4955","product","type-product","status-publish","has-post-thumbnail","hentry","product_cat-keo-sua"],"_links":{"self":[{"href":"https:\/\/www.phivutabletennis.com\/index.php\/wp-json\/wp\/v2\/product\/4955","targetHints":{"allow":["GET"]}}],"collection":[{"href":"https:\/\/www.phivutabletennis.com\/index.php\/wp-json\/wp\/v2\/product"}],"about":[{"href":"https:\/\/www.phivutabletennis.com\/index.php\/wp-json\/wp\/v2\/types\/product"}],"replies":[{"embeddable":true,"href":"https:\/\/www.phivutabletennis.com\/index.php\/wp-json\/wp\/v2\/comments?post=4955"}],"wp:featuredmedia":[{"embeddable":true,"href":"https:\/\/www.phivutabletennis.com\/index.php\/wp-json\/wp\/v2\/media\/4956"}],"wp:attachment":[{"href":"https:\/\/www.phivutabletennis.com\/index.php\/wp-json\/wp\/v2\/media?parent=4955"}],"wp:term":[{"taxonomy":"product_cat","embeddable":true,"href":"https:\/\/www.phivutabletennis.com\/index.php\/wp-json\/wp\/v2\/product_cat?post=4955"},{"taxonomy":"product_tag","embeddable":true,"href":"https:\/\/www.phivutabletennis.com\/index.php\/wp-json\/wp\/v2\/product_tag?post=4955"}],"curies":[{"name":"wp","href":"https:\/\/api.w.org\/{rel}","templated":true}]}}