{"id":4958,"date":"2024-09-15T23:35:14","date_gmt":"2024-09-15T16:35:14","guid":{"rendered":"https:\/\/www.phivutabletennis.com\/?post_type=product&#038;p=4958"},"modified":"2024-09-15T23:35:15","modified_gmt":"2024-09-15T16:35:15","slug":"keo-haifu-2024-260ml","status":"publish","type":"product","link":"https:\/\/www.phivutabletennis.com\/index.php\/product\/keo-haifu-2024-260ml\/","title":{"rendered":"Keo Haifu 2024 &#8211; 260ml"},"content":{"rendered":"<p>&#8211; Keo t\u0103ng l\u1ef1c HaiFu Dolphin ch\u00ednh h\u00e3ng \u0111\u01b0\u1ee3c s\u1ea3n su\u1ea5t b\u1eb1ng c\u00f4ng ngh\u1ec7 m\u1edbi<\/p>\n<p>&#8211; Keo Haifu t\u1ea1i Shop lu\u00f4n l\u00e0 s\u1ea3n ph\u1ea9m update m\u1edbi nh\u1ea5t c\u1ee7a h\u00e3ng s\u1ea3n xu\u1ea5t<\/p>\n<p>&#8211; C\u00f3 c\u1ecd l\u1edbn k\u00e8m theo trong lon keo<\/p>\n<p>&#8211; L\u00e0 lo\u1ea1i keo \u0111\u01b0\u1ee3c d\u00f9ng ph\u1ed5 bi\u1ebfn nh\u1ea5t \u1edf Vi\u1ec7t Nam hi\u1ec7n nay<\/p>\n<p>&#8211; Dung t\u00edch : 260 ml &#8211; lo\u1ea1i m\u1edbi nh\u1ea5t 2024<\/p>\n<p>Sau m\u1ed9t th\u1eddi gian s\u1eed d\u1ee5ng, b\u1ec1 m\u1eb7t nh\u1eefng chi\u1ebfc v\u1ee3t b\u00f3ng b\u00e0n c\u1ee7a b\u1ea1n c\u00f3 th\u1ec3 b\u1ecb bong, tr\u00f3c, \u1ea3nh h\u01b0\u1edfng t\u1edbi vi\u1ec7c ch\u01a1i b\u00f3ng v\u00e0 l\u00e0m m\u1ea5t t\u00ednh th\u1ea9m m\u1ef9 c\u1ee7a v\u1ee3t. Keo d\u00e1n v\u1ee3t b\u00f3ng b\u00e0n Haifu Penguin l\u00e0 m\u1ed9t gi\u1ea3i ph\u00e1p tuy\u1ec7t v\u1eddi cho b\u1ea1n. G\u1ed3m c\u00e1c th\u00e0nh ph\u1ea7n \u0111\u00e3 qua nghi\u00ean c\u1ee9u v\u00e0 th\u1eed nghi\u1ec7m k\u1ef9 l\u01b0\u1ee1ng, s\u1ea3n ph\u1ea9m c\u00f3 \u0111\u1ed9 d\u00ednh cao, gi\u00fap d\u00ednh ch\u1eb7t c\u00e1c v\u1ebft bong. Ngo\u00e0i ra, keo c\u00f2n c\u00f3 t\u00e1c d\u1ee5ng t\u0103ng l\u1ef1c, mang l\u1ea1i b\u1ec1 m\u1eb7t nh\u1eb5n, s\u00e1ng \u0111\u1eb9p cho v\u1ee3t.<\/p>\n","protected":false},"excerpt":{"rendered":"<p>&#8211; Keo t\u0103ng l\u1ef1c HaiFu Dolphin ch\u00ednh h\u00e3ng \u0111\u01b0\u1ee3c s\u1ea3n su\u1ea5t b\u1eb1ng c\u00f4ng ngh\u1ec7 m\u1edbi &#8211; Keo Haifu t\u1ea1i Shop lu\u00f4n l\u00e0 s\u1ea3n ph\u1ea9m update m\u1edbi nh\u1ea5t c\u1ee7a h\u00e3ng s\u1ea3n xu\u1ea5t &#8211; C\u00f3 c\u1ecd l\u1edbn k\u00e8m theo trong lon keo &#8211; L\u00e0 lo\u1ea1i keo \u0111\u01b0\u1ee3c d\u00f9ng ph\u1ed5 bi\u1ebfn nh\u1ea5t \u1edf Vi\u1ec7t Nam hi\u1ec7n nay &#8211; [&hellip;]<\/p>\n","protected":false},"featured_media":4959,"comment_status":"open","ping_status":"closed","template":"","meta":{"_eb_attr":""},"product_cat":[54],"product_tag":[],"class_list":["post-4958","product","type-product","status-publish","has-post-thumbnail","hentry","product_cat-keo-sua"],"_links":{"self":[{"href":"https:\/\/www.phivutabletennis.com\/index.php\/wp-json\/wp\/v2\/product\/4958","targetHints":{"allow":["GET"]}}],"collection":[{"href":"https:\/\/www.phivutabletennis.com\/index.php\/wp-json\/wp\/v2\/product"}],"about":[{"href":"https:\/\/www.phivutabletennis.com\/index.php\/wp-json\/wp\/v2\/types\/product"}],"replies":[{"embeddable":true,"href":"https:\/\/www.phivutabletennis.com\/index.php\/wp-json\/wp\/v2\/comments?post=4958"}],"wp:featuredmedia":[{"embeddable":true,"href":"https:\/\/www.phivutabletennis.com\/index.php\/wp-json\/wp\/v2\/media\/4959"}],"wp:attachment":[{"href":"https:\/\/www.phivutabletennis.com\/index.php\/wp-json\/wp\/v2\/media?parent=4958"}],"wp:term":[{"taxonomy":"product_cat","embeddable":true,"href":"https:\/\/www.phivutabletennis.com\/index.php\/wp-json\/wp\/v2\/product_cat?post=4958"},{"taxonomy":"product_tag","embeddable":true,"href":"https:\/\/www.phivutabletennis.com\/index.php\/wp-json\/wp\/v2\/product_tag?post=4958"}],"curies":[{"name":"wp","href":"https:\/\/api.w.org\/{rel}","templated":true}]}}