{"id":4961,"date":"2024-09-19T23:52:43","date_gmt":"2024-09-19T16:52:43","guid":{"rendered":"https:\/\/www.phivutabletennis.com\/?post_type=product&#038;p=4961"},"modified":"2024-09-19T23:52:44","modified_gmt":"2024-09-19T16:52:44","slug":"tenergy-19","status":"publish","type":"product","link":"https:\/\/www.phivutabletennis.com\/index.php\/product\/tenergy-19\/","title":{"rendered":"TENERGY 19"},"content":{"rendered":"<p class=\"p1\"><b>M\u1eb6T\u00a0V\u1ee2T BUTTERFLY\u00a0<\/b><strong>TENERGY 19<\/strong><\/p>\n<p class=\"p1\"><b>S\u1ea3n xu\u1ea5t t\u1ea1i Nh\u1eadt B\u1ea3n\u00a0<\/b><\/p>\n<p><strong>\u00a0<\/strong><strong><em>M\u1eb6T V\u1ee2T BUTTERFLY TENERGY 19 \u2013 S\u1ee8C M\u1ea0NH T\u00ccM KI\u1ebeM V\u00c0 GI\u1eee B\u00d3NG<\/em><\/strong><\/p>\n<p>Vi\u1ec7c k\u1ebft h\u1ee3p ch\u00e2n gai c\u00f3 \u0111\u01b0\u1eddng k\u00ednh nh\u1ecf, m\u1eadt \u0111\u1ed9 ch\u00e2n gai kh\u00edt gi\u00fap t\u0103ng s\u1ee9c m\u1ea1nh gi\u1eef b\u00f3ng. \u0110\u00e2y l\u00e0 th\u00e0nh qu\u1ea3 qua vi\u1ec7c ph\u00e2n t\u00edch, t\u00edch l\u0169y kinh nghi\u1ec7m trong c\u00e1c k\u1ebft qu\u1ea3 nghi\u00ean c\u1ee9u c\u1ee7a ch\u00fang t\u00f4i.<br \/>\nS\u1ef1 k\u1ebft h\u1ee3p m\u1eb7t sheet thi\u1ebft k\u1ebf h\u00ecnh d\u1ea1ng ch\u00e2n gai m\u1edbi v\u00e0 m\u1eb7t l\u00f3t c\u00f4ng ngh\u1ec7 b\u1ecdt kh\u00ed \u0111\u1eb7c tr\u01b0ng d\u00f2ng Tenergy, gi\u00fap th\u1eddi gian l\u01b0u b\u00f3ng l\u00e2u, ng\u01b0\u1eddi ch\u01a1i d\u1ec5 d\u00e0ng \u0111i\u1ec1u khi\u1ec3n \u0111\u1ed9ng t\u00e1c v\u00e0 th\u1ef1c hi\u1ec7n c\u00e1c c\u00fa \u0111\u00e1nh b\u00f3ng \u0111\u1ea7y uy l\u1ef1c \u0111\u1ec3 d\u00e0nh chi\u1ebfn th\u1eafng. H\u01a1n th\u1ebf n\u1eefa, c\u00f2n c\u00f3 th\u1ec3 m\u01b0\u1ee3n l\u1ef1c c\u1ee7a \u0111\u1ed1i ph\u01b0\u01a1ng, d\u1ec5 d\u00e0ng \u0111\u00f4i c\u00f4ng trong nh\u1eefng pha b\u00f3ng ti\u1ebfp theo.<\/p>\n<p><strong><em>TENERGY 19 \u2013 C\u01a0 H\u1ed8I TRONG T\u1ea6M TAY V\u1edaI S\u1ee8C M\u1ea0NH T\u1ea4N C\u00d4NG M\u1ea0NH M\u1ebc<\/em><\/strong><\/p>\n<p>\u203b \u0110\u1eb7c \u0111i\u1ec3m ch\u00e2n gai c\u1ee7a Tenergy 19:<\/p>\n<div class=\"text_exposed_show\">\n<p><img decoding=\"async\" src=\"https:\/\/bongban.asia\/image\/data\/BUTTERFLY\/mat-vot-lan\/feature_01.png\" alt=\"\" \/><\/p>\n<p>&#8211; M\u1eadt \u0111\u1ed9 ch\u00e2n gai kh\u00edt v\u00e0 nh\u1ecf<br \/>\n&#8211; N\u00e9t \u0111\u1eb7c tr\u01b0ng c\u1ee7a Tenergy 19 ch\u00e2n gai m\u00e3 s\u1ed1 No.219 so v\u1edbi c\u00e1c d\u00f2ng Tenergy kh\u00e1c l\u00e0 \u0111\u01b0\u1eddng k\u00ednh ch\u00e2n gai 1.5mm, nh\u1ecf h\u01a1n c\u00e1c d\u00f2ng Tenergy kh\u00e1c v\u00e0 n\u1eb1m trong gi\u1edbi h\u1ea1n \u0111i\u1ec1u ki\u1ec7n quy \u0111\u1ecbnh s\u1ea3n xu\u1ea5t c\u1ee7a lu\u1eadt b\u00f3ng b\u00e0n Th\u1ebf gi\u1edbi.<br \/>\n&#8211; Vi\u1ec7c ch\u1ecdn \u0111\u01b0\u1eddng k\u00ednh ch\u00e2n gai nh\u1ecf \u0111\u00e3 gi\u00fap h\u00e3ng Butterfly th\u00e0nh c\u00f4ng khi cho ra \u0111\u1eddi d\u00f2ng s\u1ea3n ph\u1ea9m Tenergy 19 c\u00f3 t\u00ednh n\u0103ng v\u01b0\u1ee3t tr\u1ed9i v\u1ec1 t\u1ed1c \u0111\u1ed9, \u0111\u1ed9 xo\u00e1y b\u00f3ng cao v\u00e0 \u0111\u00e3 \u0111\u0103ng k\u00fd b\u1eb1ng \u0111\u1ed9c quy\u1ec1n s\u00e1ng ch\u1ebf.<br \/>\n&#8211; T\u0103ng l\u1ef1c v\u1edbi h\u00ecnh d\u00e1ng ch\u00e2n gai nh\u1ecf.<br \/>\n&#8211; Nhi\u1ec1u th\u1eed nghi\u1ec7m \u0111\u00e3 ch\u1ee9ng minh r\u1eb1ng, vi\u1ec7c s\u1eed d\u1ee5ng ch\u00e2n gai m\u00e3 s\u1ed1 No.219 cho hi\u1ec7u su\u1ea5t t\u1ed1c \u0111\u1ed9 v\u00e0 \u0111\u1ed9 xo\u00e1y r\u1ea5t cao, \u0111\u1eb7c bi\u1ec7t khi t\u00e1c \u0111\u1ed9ng m\u1ed9t l\u1ef1c m\u1ea1nh l\u00ean n\u00f3.<\/p>\n<p>\u203b<em><strong>\u00a0T\u1ea1i sao vi\u1ec7c s\u1eed d\u1ee5ng ch\u00e2n gai m\u00e3 s\u1ed1 No.219 ph\u00e1t huy t\u1ed1i \u0111a hi\u1ec7u su\u1ea5t m\u1eb7t v\u1ee3t?<\/strong><\/em><\/p>\n<p>&#8211; Vi\u1ec7c n\u00e0y \u0111\u01b0\u1ee3c gi\u1ea3i th\u00edch r\u1eb1ng khi b\u00f3ng ti\u1ebfp x\u00fac v\u1edbi m\u1eb7t v\u1ee3t, b\u00f3ng \u0111\u01b0\u1ee3c l\u01b0u tr\u00ean m\u1eb7t v\u1ee3t v\u1edbi th\u1eddi gian l\u01b0u b\u00f3ng l\u00e2u,\u00a0\u0111\u1ed3ng th\u1eddi nh\u1edd s\u1ef1 k\u1ebft h\u1ee3p m\u1eb7t l\u00f3t c\u00f4ng ngh\u1ec7 b\u1ecdt kh\u00ed, m\u1ed9t l\u1ef1c \u0111\u1ea9y b\u1eb1ng l\u1ef1c t\u00e1c \u0111\u1ed9ng \u0111\u01b0\u1ee3c sinh ra, t\u00e1c \u0111\u1ed9ng ng\u01b0\u1ee3c v\u00e0o qu\u1ea3 b\u00f3ng.<\/p>\n<p><img decoding=\"async\" src=\"https:\/\/bongban.asia\/image\/data\/BUTTERFLY\/mat-vot-lan\/feature_02.gif\" alt=\"\" \/><\/p>\n<p>&#8211; Ch\u00e2n gai m\u00e3 s\u1ed1 No.219 c\u00f3 \u0111\u01b0\u1eddng k\u00ednh nh\u1ecf, l\u1ef1c \u0111\u1ea9y \u0111\u01b0\u1ee3c t\u1ea1o ra t\u1eebng ch\u00e2n gai nh\u1ecf, nh\u01b0ng do m\u1eadt \u0111\u1ed9 ch\u00e2n gai nhi\u1ec1u v\u00e0 kh\u00edt n\u00ean l\u1ef1c \u0111\u1ea9y \u0111\u01b0\u1ee3c sinh ra t\u1eeb nhi\u1ec1u ch\u00e2n gai n\u00e0y r\u1ea5t l\u1edbn. Ch\u00ednh nh\u1edd \u0111\u1eb7c \u0111i\u1ec3m n\u00e0y l\u1ef1c \u0111\u1ea9y sinh ra l\u1edbn, ng\u01b0\u1eddi s\u1edf h\u1eefu Tenergy 19 c\u00f3 th\u1ec3 m\u01b0\u1ee3n l\u1ef1c t\u1eeb \u0111\u1ed1i ph\u01b0\u01a1ng khi \u0111\u1ed1i ph\u01b0\u01a1ng ph\u00e1t l\u1ef1c, d\u1ec5 d\u00e0ng \u0111\u00f4i c\u00f4ng trong nh\u1eefng pha b\u00f3ng ti\u1ebfp theo.<\/p>\n<p>&#8211; M\u1eb7t v\u1ee3t v\u1edbi\u00a0\u0111\u01b0\u1eddng k\u00ednh\u00a0ch\u00e2n gai nh\u1ecf nh\u01b0 ch\u00e2n gai m\u00e3 s\u1ed1 No.219 r\u1ea5t d\u1ec5 b\u1ecb \u0111\u1ea3o n\u00ean khi b\u00f3ng ch\u1ea1m m\u1eb7t v\u1ee3t, b\u00f3ng kh\u00f4ng b\u1ecb tr\u01b0\u1ee3t m\u00e0 \u0111\u01b0\u1ee3c ch\u00e2n gai \u00f4m v\u00e0 gi\u1eef b\u00f3ng.<\/p>\n<p><img decoding=\"async\" src=\"https:\/\/bongban.asia\/image\/data\/BUTTERFLY\/mat-vot-lan\/feature_05.gif\" alt=\"\" \/><\/p>\n<p>\u203b\u00a0S\u1ef1 k\u1ebft h\u1ee3p tuy\u1ec7t v\u1eddi n\u00e0y gi\u00fap m\u1eb7t sheet kh\u00f4ng b\u1ecb tr\u01a1n v\u00e0 c\u00f3 th\u1ec3 gi\u1eef b\u00f3ng l\u00e2u h\u01a1n c\u00e1c lo\u1ea1i m\u1eb7t v\u1ee3t kh\u00e1c.<br \/>\n\u203b\u00a0Ch\u00eca kh\u00f3a c\u00f4ng ngh\u1ec7 m\u1edbi mang l\u1ea1i t\u00ednh n\u0103ng v\u01b0\u1ee3t tr\u1ed9i v\u1edbi hi\u1ec7u su\u1ea5t cao c\u1ee7a d\u00f2ng Tenergy 19.<\/p>\n<table border=\"0\" cellspacing=\"1\" cellpadding=\"1\">\n<tbody>\n<tr>\n<td>T\u1ed1c \u0111\u1ed9<\/td>\n<td>: 84<\/td>\n<\/tr>\n<tr>\n<td>\u0110\u00f4\u0323 xoa\u0301y<\/td>\n<td>: 75<\/td>\n<\/tr>\n<tr>\n<td>\u0110\u00f4\u0323 c\u01b0\u0301ng<\/td>\n<td>: 36<\/td>\n<\/tr>\n<tr>\n<td>Quy\u0303 \u0111a\u0323o bo\u0301ng<\/td>\n<td>: 78<\/td>\n<\/tr>\n<tr>\n<td>\u0110\u00f4\u0323 da\u0300y<\/td>\n<td>: 1.9 mm va\u0300 2.1 mm<\/td>\n<\/tr>\n<\/tbody>\n<\/table>\n<\/div>\n","protected":false},"excerpt":{"rendered":"<p>M\u1eb6T\u00a0V\u1ee2T BUTTERFLY\u00a0TENERGY 19 S\u1ea3n xu\u1ea5t t\u1ea1i Nh\u1eadt B\u1ea3n\u00a0 \u00a0M\u1eb6T V\u1ee2T BUTTERFLY TENERGY 19 \u2013 S\u1ee8C M\u1ea0NH T\u00ccM KI\u1ebeM V\u00c0 GI\u1eee B\u00d3NG Vi\u1ec7c k\u1ebft h\u1ee3p ch\u00e2n gai c\u00f3 \u0111\u01b0\u1eddng k\u00ednh nh\u1ecf, m\u1eadt \u0111\u1ed9 ch\u00e2n gai kh\u00edt gi\u00fap t\u0103ng s\u1ee9c m\u1ea1nh gi\u1eef b\u00f3ng. \u0110\u00e2y l\u00e0 th\u00e0nh qu\u1ea3 qua vi\u1ec7c ph\u00e2n t\u00edch, t\u00edch l\u0169y kinh nghi\u1ec7m trong c\u00e1c [&hellip;]<\/p>\n","protected":false},"featured_media":4963,"comment_status":"open","ping_status":"closed","template":"","meta":{"_eb_attr":""},"product_cat":[48,29],"product_tag":[],"class_list":["post-4961","product","type-product","status-publish","has-post-thumbnail","hentry","product_cat-butterfly-mv","product_cat-mat-vot"],"_links":{"self":[{"href":"https:\/\/www.phivutabletennis.com\/index.php\/wp-json\/wp\/v2\/product\/4961","targetHints":{"allow":["GET"]}}],"collection":[{"href":"https:\/\/www.phivutabletennis.com\/index.php\/wp-json\/wp\/v2\/product"}],"about":[{"href":"https:\/\/www.phivutabletennis.com\/index.php\/wp-json\/wp\/v2\/types\/product"}],"replies":[{"embeddable":true,"href":"https:\/\/www.phivutabletennis.com\/index.php\/wp-json\/wp\/v2\/comments?post=4961"}],"wp:featuredmedia":[{"embeddable":true,"href":"https:\/\/www.phivutabletennis.com\/index.php\/wp-json\/wp\/v2\/media\/4963"}],"wp:attachment":[{"href":"https:\/\/www.phivutabletennis.com\/index.php\/wp-json\/wp\/v2\/media?parent=4961"}],"wp:term":[{"taxonomy":"product_cat","embeddable":true,"href":"https:\/\/www.phivutabletennis.com\/index.php\/wp-json\/wp\/v2\/product_cat?post=4961"},{"taxonomy":"product_tag","embeddable":true,"href":"https:\/\/www.phivutabletennis.com\/index.php\/wp-json\/wp\/v2\/product_tag?post=4961"}],"curies":[{"name":"wp","href":"https:\/\/api.w.org\/{rel}","templated":true}]}}