{"id":499,"date":"2023-04-02T01:21:21","date_gmt":"2023-04-01T18:21:21","guid":{"rendered":"http:\/\/www.phivutabletennis.com\/?post_type=product&#038;p=499"},"modified":"2023-06-26T11:38:32","modified_gmt":"2023-06-26T04:38:32","slug":"good","status":"publish","type":"product","link":"https:\/\/www.phivutabletennis.com\/index.php\/product\/good\/","title":{"rendered":"Andro Good"},"content":{"rendered":"<div class=\"kvgmc6g5 cxmmr5t8 oygrvhab hcukyx3x c1et5uql ii04i59q\">\n<div dir=\"auto\">Andro GOOD &#8211; m\u1ed9t lo\u1ea1i cao su v\u1edbi c\u1ea3m gi\u00e1c \u0111\u00e1ng kinh ng\u1ea1c v\u00e0 kh\u1ea3 n\u0103ng ki\u1ec3m so\u00e1t tuy\u1ec7t v\u1eddi.<\/div>\n<\/div>\n<div class=\"cxmmr5t8 oygrvhab hcukyx3x c1et5uql o9v6fnle ii04i59q\">\n<div dir=\"auto\">\u0110\u01a1n gi\u1ea3n l\u00e0 GOOD.<\/div>\n<\/div>\n<div class=\"cxmmr5t8 oygrvhab hcukyx3x c1et5uql o9v6fnle ii04i59q\">\n<div dir=\"auto\">L\u1edbp l\u00f3t b\u1ecdt kh\u00ed v\u1edbi \u0111\u1ed9 c\u1ee9ng trung b\u00ecnh \u0111\u1ea3m b\u1ea3o s\u1ef1 c\u00e2n b\u1eb1ng tuy\u1ec7t v\u1eddi gi\u1eefa t\u1ed1c \u0111\u1ed9 v\u00e0 c\u1ea3m gi\u00e1c b\u00f3ng.<\/div>\n<\/div>\n<div class=\"cxmmr5t8 oygrvhab hcukyx3x c1et5uql o9v6fnle ii04i59q\">\n<div dir=\"auto\">Andro GOOD &#8211; \u0111\u01b0\u1ee3c ph\u00e1t tri\u1ec3n d\u00e0nh cho nh\u1eefng ng\u01b0\u1eddi ch\u01a1i c\u00f3 phong c\u00e1ch ch\u01a1i truy\u1ec1n th\u1ed1ng v\u00e0 nh\u1eefng ng\u01b0\u1eddi ch\u01a1i m\u1edbi b\u1eaft \u0111\u1ea7u l\u00e0m quen v\u1edbi b\u00f3ng b\u00e0n.<\/div>\n<\/div>\n","protected":false},"excerpt":{"rendered":"<p>Andro GOOD &#8211; m\u1ed9t lo\u1ea1i cao su v\u1edbi c\u1ea3m gi\u00e1c \u0111\u00e1ng kinh ng\u1ea1c v\u00e0 kh\u1ea3 n\u0103ng ki\u1ec3m so\u00e1t tuy\u1ec7t v\u1eddi. \u0110\u01a1n gi\u1ea3n l\u00e0 GOOD. L\u1edbp l\u00f3t b\u1ecdt kh\u00ed v\u1edbi \u0111\u1ed9 c\u1ee9ng trung b\u00ecnh \u0111\u1ea3m b\u1ea3o s\u1ef1 c\u00e2n b\u1eb1ng tuy\u1ec7t v\u1eddi gi\u1eefa t\u1ed1c \u0111\u1ed9 v\u00e0 c\u1ea3m gi\u00e1c b\u00f3ng. Andro GOOD &#8211; \u0111\u01b0\u1ee3c ph\u00e1t tri\u1ec3n d\u00e0nh cho [&hellip;]<\/p>\n","protected":false},"featured_media":500,"comment_status":"open","ping_status":"closed","template":"","meta":{"_eb_attr":""},"product_cat":[53,29,39],"product_tag":[],"class_list":["post-499","product","type-product","status-publish","has-post-thumbnail","hentry","product_cat-good","product_cat-mat-vot","product_cat-andro"],"_links":{"self":[{"href":"https:\/\/www.phivutabletennis.com\/index.php\/wp-json\/wp\/v2\/product\/499","targetHints":{"allow":["GET"]}}],"collection":[{"href":"https:\/\/www.phivutabletennis.com\/index.php\/wp-json\/wp\/v2\/product"}],"about":[{"href":"https:\/\/www.phivutabletennis.com\/index.php\/wp-json\/wp\/v2\/types\/product"}],"replies":[{"embeddable":true,"href":"https:\/\/www.phivutabletennis.com\/index.php\/wp-json\/wp\/v2\/comments?post=499"}],"wp:featuredmedia":[{"embeddable":true,"href":"https:\/\/www.phivutabletennis.com\/index.php\/wp-json\/wp\/v2\/media\/500"}],"wp:attachment":[{"href":"https:\/\/www.phivutabletennis.com\/index.php\/wp-json\/wp\/v2\/media?parent=499"}],"wp:term":[{"taxonomy":"product_cat","embeddable":true,"href":"https:\/\/www.phivutabletennis.com\/index.php\/wp-json\/wp\/v2\/product_cat?post=499"},{"taxonomy":"product_tag","embeddable":true,"href":"https:\/\/www.phivutabletennis.com\/index.php\/wp-json\/wp\/v2\/product_tag?post=499"}],"curies":[{"name":"wp","href":"https:\/\/api.w.org\/{rel}","templated":true}]}}