{"id":5037,"date":"2024-09-20T14:21:49","date_gmt":"2024-09-20T07:21:49","guid":{"rendered":"https:\/\/www.phivutabletennis.com\/?post_type=product&#038;p=5037"},"modified":"2024-09-20T14:21:50","modified_gmt":"2024-09-20T07:21:50","slug":"bst-dragon-warrior-green","status":"publish","type":"product","link":"https:\/\/www.phivutabletennis.com\/index.php\/product\/bst-dragon-warrior-green\/","title":{"rendered":"BST DRAGON WARRIOR GREEN"},"content":{"rendered":"<ul class=\"list-bullet1\">\n<li class=\"ace-line ace-line old-record-id-CDQudLmi1oUsX7xIXe1uhHnXsye\" data-list=\"bullet\">\n<div>Ch\u1ea5t v\u1ea3i thun m\u00e8 kim c\u01b0\u01a1ng v\u1edbi 95% Polyester v\u00e0 5% Spandex \u0111\u1ea3m b\u1ea3o \u0111\u1ed9 b\u1ec1n, gi\u1eef cho \u00e1o kh\u00f4ng nh\u0103n, co gi\u00e3n 4 chi\u1ec1u t\u1ed1t h\u01a1n.<\/div>\n<\/li>\n<li class=\"ace-line ace-line old-record-id-HxGxdUUr4oKV4Jxa6eeuW1QKs5f\" data-list=\"bullet\">\n<div>C\u00f4ng ngh\u1ec7 Quick-Dry (Nhanh kh\u00f4) s\u1ebd gi\u00fap \u00e1o kh\u00f4 nhanh v\u00e0 tho\u00e1t m\u1ed3 h\u00f4i t\u1ed1t h\u01a1n khi ch\u01a1i b\u00f3ng b\u00e0n.<\/div>\n<\/li>\n<li class=\"ace-line ace-line old-record-id-OdbLdQ0T2o2LMXxzEYIu7V7Jsuc\" data-list=\"bullet\">\n<div>C\u00f4ng ngh\u1ec7 Dry-Fit v\u1edbi kh\u1ea3 n\u0103ng th\u1ea5m h\u00fat m\u1ed3 h\u00f4i v\u01b0\u1ee3t tr\u1ed9i, duy tr\u00ec b\u1ec1 m\u1eb7t \u00e1o lu\u00f4n kh\u00f4 r\u00e1o v\u00e0 tho\u00e1ng m\u00e1t cho ng\u01b0\u1eddi m\u1eb7c trong qu\u00e1 tr\u00ecnh t\u1eadp b\u00f3ng.<\/div>\n<\/li>\n<li class=\"ace-line ace-line old-record-id-P2ONdDb98oW86yx6iGFujMtmsIg\" data-list=\"bullet\">\n<div>V\u1edbi 3 s\u1ef1 l\u1ef1a ch\u1ecdn m\u00e0u s\u1eafc (m\u00e0u \u0111\u1ecf, m\u00e0u \u0111en v\u00e0 m\u00e0u xanh l\u00e1), k\u1ebft h\u1ee3p v\u1edbi h\u1ecda ti\u1ebft h\u00ecnh r\u1ed3ng, mang l\u1ea1i s\u1ef1 may m\u1eafn, nh\u01b0ng c\u0169ng kh\u00f4ng k\u00e9m ph\u1ea7n sang tr\u1ecdng cho ng\u01b0\u1eddi m\u1eb7c. \u00c1o c\u0169ng ph\u00f9 h\u1ee3p cho c\u1ea3 nam l\u1eabn n\u1eef v\u00e0 \u0111a s\u1ed1 \u0111\u1ed9 tu\u1ed5i kh\u00e1c nhau.<\/div>\n<\/li>\n<\/ul>\n<div class=\"ace-line ace-line old-record-id-DzsMdKxrfo2loMxVvyNudi9Fsie\"><strong>TH\u00d4NG TIN M\u00d4 T\u1ea2:<\/strong><\/div>\n<ul class=\"list-bullet1\">\n<li class=\"ace-line ace-line old-record-id-U0ntdu6GvoefkIxJzMjuzBBqs8T\" data-list=\"bullet\">\n<div>Th\u01b0\u01a1ng hi\u1ec7u: VLOOP<\/div>\n<\/li>\n<li class=\"ace-line ace-line old-record-id-VkSfd1XwxoyZXrx6VXsuXba9sLh\" data-list=\"bullet\">\n<div>Xu\u1ea5t x\u1ee9: Vi\u1ec7t Nam<\/div>\n<\/li>\n<li class=\"ace-line ace-line old-record-id-Dl4Ud1LqzoYns3xmLOIuF1jZsJd\" data-list=\"bullet\">\n<div>Lo\u1ea1i s\u1ea3n ph\u1ea9m: \u00c1o thun ch\u1ea1y b\u1ed9 c\u1ed5 tr\u00f2n (kh\u00f4ng c\u1ed5)\/ \u00c1o singlet\/ \u00c1o Polo th\u1ec3 thao<\/div>\n<\/li>\n<li class=\"ace-line ace-line old-record-id-ZOZLd9DlcoRQ8yxKGwYuoC4psUd\" data-list=\"bullet\">\n<div>Ch\u1ea5t li\u1ec7u: m\u00e8 kim c\u01b0\u01a1ng<\/div>\n<\/li>\n<li class=\"ace-line ace-line old-record-id-UUa0dJwsZomJ5Bxw48tuLX51sgc\" data-list=\"bullet\">\n<div>C\u00f4ng ngh\u1ec7: Quick-Dry; Dry-Fit<\/div>\n<\/li>\n<li class=\"ace-line ace-line old-record-id-I6ibdN8lmoDzZbxEDXUuaTFDsGg\" data-list=\"bullet\">\n<div>M\u00e0u s\u1eafc: Xanh L\u00e1<\/div>\n<\/li>\n<\/ul>\n","protected":false},"excerpt":{"rendered":"<p>Ch\u1ea5t v\u1ea3i thun m\u00e8 kim c\u01b0\u01a1ng v\u1edbi 95% Polyester v\u00e0 5% Spandex \u0111\u1ea3m b\u1ea3o \u0111\u1ed9 b\u1ec1n, gi\u1eef cho \u00e1o kh\u00f4ng nh\u0103n, co gi\u00e3n 4 chi\u1ec1u t\u1ed1t h\u01a1n. C\u00f4ng ngh\u1ec7 Quick-Dry (Nhanh kh\u00f4) s\u1ebd gi\u00fap \u00e1o kh\u00f4 nhanh v\u00e0 tho\u00e1t m\u1ed3 h\u00f4i t\u1ed1t h\u01a1n khi ch\u01a1i b\u00f3ng b\u00e0n. C\u00f4ng ngh\u1ec7 Dry-Fit v\u1edbi kh\u1ea3 n\u0103ng th\u1ea5m h\u00fat [&hellip;]<\/p>\n","protected":false},"featured_media":5043,"comment_status":"open","ping_status":"closed","template":"","meta":{"_eb_attr":""},"product_cat":[34,36],"product_tag":[],"class_list":["post-5037","product","type-product","status-publish","has-post-thumbnail","hentry","product_cat-quan-ao","product_cat-vloop-quan-ao"],"_links":{"self":[{"href":"https:\/\/www.phivutabletennis.com\/index.php\/wp-json\/wp\/v2\/product\/5037","targetHints":{"allow":["GET"]}}],"collection":[{"href":"https:\/\/www.phivutabletennis.com\/index.php\/wp-json\/wp\/v2\/product"}],"about":[{"href":"https:\/\/www.phivutabletennis.com\/index.php\/wp-json\/wp\/v2\/types\/product"}],"replies":[{"embeddable":true,"href":"https:\/\/www.phivutabletennis.com\/index.php\/wp-json\/wp\/v2\/comments?post=5037"}],"wp:featuredmedia":[{"embeddable":true,"href":"https:\/\/www.phivutabletennis.com\/index.php\/wp-json\/wp\/v2\/media\/5043"}],"wp:attachment":[{"href":"https:\/\/www.phivutabletennis.com\/index.php\/wp-json\/wp\/v2\/media?parent=5037"}],"wp:term":[{"taxonomy":"product_cat","embeddable":true,"href":"https:\/\/www.phivutabletennis.com\/index.php\/wp-json\/wp\/v2\/product_cat?post=5037"},{"taxonomy":"product_tag","embeddable":true,"href":"https:\/\/www.phivutabletennis.com\/index.php\/wp-json\/wp\/v2\/product_tag?post=5037"}],"curies":[{"name":"wp","href":"https:\/\/api.w.org\/{rel}","templated":true}]}}