{"id":5046,"date":"2024-09-20T14:33:39","date_gmt":"2024-09-20T07:33:39","guid":{"rendered":"https:\/\/www.phivutabletennis.com\/?post_type=product&#038;p=5046"},"modified":"2024-09-20T14:33:41","modified_gmt":"2024-09-20T07:33:41","slug":"vloop-co-tron-mau-xanh-navy-bst-keep-moving","status":"publish","type":"product","link":"https:\/\/www.phivutabletennis.com\/index.php\/product\/vloop-co-tron-mau-xanh-navy-bst-keep-moving\/","title":{"rendered":"VLOOP C\u1ed5 Tr\u00f2n M\u00e0u Xanh Navy &#8211; BST KEEP MOVING"},"content":{"rendered":"<ul class=\"list-bullet1\">\n<li class=\"ace-line ace-line old-record-id-SlXGdxd7moqGomxsJk6unN5ns3t\" data-list=\"bullet\">\n<div>Ch\u1ea5t v\u1ea3i thun m\u00e8 kim c\u01b0\u01a1ng, v\u1edbi 95% Polyester v\u00e0 5% Spandex \u0111\u1ea3m b\u1ea3o \u0111\u1ed9 b\u1ec1n, t\u1ea1o s\u1ef1 tho\u1ea3i m\u00e1i cho ng\u01b0\u1eddi ch\u1ea1y b\u1ed9.<\/div>\n<\/li>\n<li class=\"ace-line ace-line old-record-id-XuvsdjBXtotTypx9zpYusEFbsIf\" data-list=\"bullet\">\n<div>C\u00f4ng ngh\u1ec7 QuickDry (Nhanh kh\u00f4) gi\u00fap \u00e1o kh\u00f4 nhanh v\u00e0 tho\u00e1t m\u1ed3 h\u00f4i t\u1ed1t h\u01a1n khi ch\u1ea1y.<\/div>\n<\/li>\n<li class=\"ace-line ace-line old-record-id-VFWfdXdNro7hwLxu6fSuK4XdsMc\" data-list=\"bullet\">\n<div>C\u00f4ng ngh\u1ec7 Dry-Fit v\u1edbi kh\u1ea3 n\u0103ng th\u1ea5m h\u00fat m\u1ed3 h\u00f4i v\u01b0\u1ee3t tr\u1ed9i, duy tr\u00ec b\u1ec1 m\u1eb7t \u00e1o lu\u00f4n kh\u00f4 r\u00e1o v\u00e0 tho\u00e1ng m\u00e1t cho ng\u01b0\u1eddi m\u1eb7c trong qu\u00e1 tr\u00ecnh ch\u1ea1y.<\/div>\n<\/li>\n<li class=\"ace-line ace-line old-record-id-UMT4d1oMWo8CjsxIu0Zu9Ljrs6g\" data-list=\"bullet\">\n<div>Thi\u1ebft k\u1ebf x\u1ebb t\u00e0, d\u1ec5 d\u00e0ng v\u1eadn \u0111\u1ed9ng, t\u1ea1o s\u1ef1 tho\u1ea3i m\u00e1i v\u00e0 t\u1eadp trung h\u01a1n trong qu\u00e1 tr\u00ecnh ch\u1ea1y c\u1ee7a m\u00ecnh.<\/div>\n<\/li>\n<li class=\"ace-line ace-line old-record-id-RCmQdXGjfonkS5xkkEhujmQSsBO\" data-list=\"bullet\">\n<div>V\u1edbi s\u1ef1 \u0111a d\u1ea1ng v\u1ec1 m\u00e0u s\u1eafc (xanh navy, xanh l\u00e1 v\u00e0 t\u00edm), ph\u00f9 h\u1ee3p v\u1edbi c\u1ea3 nam l\u1eabn n\u1eef v\u00e0 \u0111a s\u1ed1 \u0111\u1ed9 tu\u1ed5i kh\u00e1c nhau.<\/div>\n<\/li>\n<\/ul>\n<div data-page-id=\"KhIPdokxZoLNAAxDE8RuhcPJsJb\" data-docx-has-block-data=\"false\">\n<div class=\"ace-line ace-line old-record-id-DzsMdKxrfo2loMxVvyNudi9Fsie\"><strong>TH\u00d4NG TIN M\u00d4 T\u1ea2:<\/strong><\/div>\n<ul class=\"list-bullet1\">\n<li class=\"ace-line ace-line old-record-id-U0ntdu6GvoefkIxJzMjuzBBqs8T\" data-list=\"bullet\">\n<div>Th\u01b0\u01a1ng hi\u1ec7u: VLOOP<\/div>\n<\/li>\n<li class=\"ace-line ace-line old-record-id-VkSfd1XwxoyZXrx6VXsuXba9sLh\" data-list=\"bullet\">\n<div>Xu\u1ea5t x\u1ee9: Vi\u1ec7t Nam<\/div>\n<\/li>\n<li class=\"ace-line ace-line old-record-id-Dl4Ud1LqzoYns3xmLOIuF1jZsJd\" data-list=\"bullet\">\n<div>Lo\u1ea1i s\u1ea3n ph\u1ea9m: \u00c1o thun ch\u1ea1y b\u1ed9 c\u1ed5 tr\u00f2n (kh\u00f4ng c\u1ed5)<\/div>\n<\/li>\n<li class=\"ace-line ace-line old-record-id-ZOZLd9DlcoRQ8yxKGwYuoC4psUd\" data-list=\"bullet\">\n<div>Ch\u1ea5t li\u1ec7u: m\u00e8 kim c\u01b0\u01a1ng<\/div>\n<\/li>\n<li class=\"ace-line ace-line old-record-id-UUa0dJwsZomJ5Bxw48tuLX51sgc\" data-list=\"bullet\">\n<div>C\u00f4ng ngh\u1ec7: Quick-Dry; Dry-Fit<\/div>\n<\/li>\n<li class=\"ace-line ace-line old-record-id-I6ibdN8lmoDzZbxEDXUuaTFDsGg\" data-list=\"bullet\">\n<div>M\u00e0u s\u1eafc: Xanh navy<\/div>\n<\/li>\n<li class=\"ace-line ace-line old-record-id-HRhydckt4oWSlmxDyB4u1hJNsac\" data-list=\"bullet\">\n<div>Kh\u1ed1i l\u01b0\u1ee3ng: 100 gram<\/div>\n<\/li>\n<\/ul>\n<\/div>\n","protected":false},"excerpt":{"rendered":"<p>Ch\u1ea5t v\u1ea3i thun m\u00e8 kim c\u01b0\u01a1ng, v\u1edbi 95% Polyester v\u00e0 5% Spandex \u0111\u1ea3m b\u1ea3o \u0111\u1ed9 b\u1ec1n, t\u1ea1o s\u1ef1 tho\u1ea3i m\u00e1i cho ng\u01b0\u1eddi ch\u1ea1y b\u1ed9. C\u00f4ng ngh\u1ec7 QuickDry (Nhanh kh\u00f4) gi\u00fap \u00e1o kh\u00f4 nhanh v\u00e0 tho\u00e1t m\u1ed3 h\u00f4i t\u1ed1t h\u01a1n khi ch\u1ea1y. C\u00f4ng ngh\u1ec7 Dry-Fit v\u1edbi kh\u1ea3 n\u0103ng th\u1ea5m h\u00fat m\u1ed3 h\u00f4i v\u01b0\u1ee3t tr\u1ed9i, duy tr\u00ec [&hellip;]<\/p>\n","protected":false},"featured_media":5005,"comment_status":"open","ping_status":"closed","template":"","meta":{"_eb_attr":""},"product_cat":[87,34],"product_tag":[],"class_list":["post-5046","product","type-product","status-publish","has-post-thumbnail","hentry","product_cat-v-loop","product_cat-quan-ao"],"_links":{"self":[{"href":"https:\/\/www.phivutabletennis.com\/index.php\/wp-json\/wp\/v2\/product\/5046","targetHints":{"allow":["GET"]}}],"collection":[{"href":"https:\/\/www.phivutabletennis.com\/index.php\/wp-json\/wp\/v2\/product"}],"about":[{"href":"https:\/\/www.phivutabletennis.com\/index.php\/wp-json\/wp\/v2\/types\/product"}],"replies":[{"embeddable":true,"href":"https:\/\/www.phivutabletennis.com\/index.php\/wp-json\/wp\/v2\/comments?post=5046"}],"wp:featuredmedia":[{"embeddable":true,"href":"https:\/\/www.phivutabletennis.com\/index.php\/wp-json\/wp\/v2\/media\/5005"}],"wp:attachment":[{"href":"https:\/\/www.phivutabletennis.com\/index.php\/wp-json\/wp\/v2\/media?parent=5046"}],"wp:term":[{"taxonomy":"product_cat","embeddable":true,"href":"https:\/\/www.phivutabletennis.com\/index.php\/wp-json\/wp\/v2\/product_cat?post=5046"},{"taxonomy":"product_tag","embeddable":true,"href":"https:\/\/www.phivutabletennis.com\/index.php\/wp-json\/wp\/v2\/product_tag?post=5046"}],"curies":[{"name":"wp","href":"https:\/\/api.w.org\/{rel}","templated":true}]}}