{"id":5058,"date":"2024-09-20T15:35:16","date_gmt":"2024-09-20T08:35:16","guid":{"rendered":"https:\/\/www.phivutabletennis.com\/?post_type=product&#038;p=5058"},"modified":"2024-09-20T16:12:53","modified_gmt":"2024-09-20T09:12:53","slug":"bst-infinity-challenge","status":"publish","type":"product","link":"https:\/\/www.phivutabletennis.com\/index.php\/product\/bst-infinity-challenge\/","title":{"rendered":"BST INFINITY CHALLENGE"},"content":{"rendered":"<ul>\n<li>Ch\u1ea5t v\u1ea3i thun m\u00e8 kim c\u01b0\u01a1ng m\u1ecfng, nh\u1eb9 \u0111em \u0111\u1ebfn c\u1ea3m gi\u00e1c tho\u1ea3i m\u00e1i cho ng\u01b0\u1eddi m\u1eb7c.<\/li>\n<li>95% PE \u0111\u1ea3m b\u1ea3o \u0111\u1ed9 b\u1ec1n, kh\u00f4ng lo r\u00e1ch v\u00e0 gi\u00fap gi\u1eef cho chi\u1ebfc \u00e1o kh\u00f4ng nh\u0103n khi m\u1eb7c<\/li>\n<li>5% Spandex \u0111\u1ec3 gi\u00fap v\u1ea3i co gi\u00e3n 4 chi\u1ec1u t\u1ed1t h\u01a1n<\/li>\n<li>Nh\u1eefng v\u1ec7t m\u1ed3 h\u00f4i in \u0111\u1eadm tr\u00ean \u00e1o s\u1ebd nhanh ch\u00f3ng bi\u1ebfn m\u1ea5t nh\u1edd v\u00e0o c\u00f4ng ngh\u1ec7 QuickDry (nhanh kh\u00f4)<\/li>\n<li>C\u00f4ng ngh\u1ec7 Dry-Fit v\u1edbi kh\u1ea3 n\u0103ng th\u1ea5m h\u00fat m\u1ed3 h\u00f4i v\u01b0\u1ee3t tr\u1ed9i, duy tr\u00ec b\u1ec1 m\u1eb7t kh\u00f4 r\u00e1o v\u00e0 tho\u00e1ng m\u00e1t cho ng\u01b0\u1eddi m\u1eb7c trong qu\u00e1 tr\u00ecnh ho\u1ea1t \u0111\u1ed9ng th\u1ec3 thao.<\/li>\n<\/ul>\n<p>Th\u00f4ng tin m\u00f4 t\u1ea3:<\/p>\n<ul>\n<li>Th\u01b0\u01a1ng hi\u1ec7u: Vi\u1ec7t Nam<\/li>\n<li>Xu\u1ea5t x\u1ee9: Vi\u1ec7t Nam<\/li>\n<li>Lo\u1ea1i s\u1ea3n ph\u1ea9m: \u00c1o thun th\u1ec3 thao<\/li>\n<li>Ch\u1ea5t li\u1ec7u: m\u00e8 kim c\u01b0\u01a1ng<\/li>\n<li>C\u00f4ng ngh\u1ec7: Quick Dry, Dry Fit<\/li>\n<li>M\u00e0u s\u1eafc: Xanh l\u00e1<\/li>\n<\/ul>\n","protected":false},"excerpt":{"rendered":"<p>Ch\u1ea5t v\u1ea3i thun m\u00e8 kim c\u01b0\u01a1ng m\u1ecfng, nh\u1eb9 \u0111em \u0111\u1ebfn c\u1ea3m gi\u00e1c tho\u1ea3i m\u00e1i cho ng\u01b0\u1eddi m\u1eb7c. 95% PE \u0111\u1ea3m b\u1ea3o \u0111\u1ed9 b\u1ec1n, kh\u00f4ng lo r\u00e1ch v\u00e0 gi\u00fap gi\u1eef cho chi\u1ebfc \u00e1o kh\u00f4ng nh\u0103n khi m\u1eb7c 5% Spandex \u0111\u1ec3 gi\u00fap v\u1ea3i co gi\u00e3n 4 chi\u1ec1u t\u1ed1t h\u01a1n Nh\u1eefng v\u1ec7t m\u1ed3 h\u00f4i in \u0111\u1eadm tr\u00ean \u00e1o [&hellip;]<\/p>\n","protected":false},"featured_media":4976,"comment_status":"open","ping_status":"closed","template":"","meta":{"_eb_attr":""},"product_cat":[34,36],"product_tag":[],"class_list":["post-5058","product","type-product","status-publish","has-post-thumbnail","hentry","product_cat-quan-ao","product_cat-vloop-quan-ao"],"_links":{"self":[{"href":"https:\/\/www.phivutabletennis.com\/index.php\/wp-json\/wp\/v2\/product\/5058","targetHints":{"allow":["GET"]}}],"collection":[{"href":"https:\/\/www.phivutabletennis.com\/index.php\/wp-json\/wp\/v2\/product"}],"about":[{"href":"https:\/\/www.phivutabletennis.com\/index.php\/wp-json\/wp\/v2\/types\/product"}],"replies":[{"embeddable":true,"href":"https:\/\/www.phivutabletennis.com\/index.php\/wp-json\/wp\/v2\/comments?post=5058"}],"wp:featuredmedia":[{"embeddable":true,"href":"https:\/\/www.phivutabletennis.com\/index.php\/wp-json\/wp\/v2\/media\/4976"}],"wp:attachment":[{"href":"https:\/\/www.phivutabletennis.com\/index.php\/wp-json\/wp\/v2\/media?parent=5058"}],"wp:term":[{"taxonomy":"product_cat","embeddable":true,"href":"https:\/\/www.phivutabletennis.com\/index.php\/wp-json\/wp\/v2\/product_cat?post=5058"},{"taxonomy":"product_tag","embeddable":true,"href":"https:\/\/www.phivutabletennis.com\/index.php\/wp-json\/wp\/v2\/product_tag?post=5058"}],"curies":[{"name":"wp","href":"https:\/\/api.w.org\/{rel}","templated":true}]}}