{"id":5081,"date":"2024-09-29T21:00:02","date_gmt":"2024-09-29T14:00:02","guid":{"rendered":"https:\/\/www.phivutabletennis.com\/?post_type=product&#038;p=5081"},"modified":"2024-09-29T21:00:03","modified_gmt":"2024-09-29T14:00:03","slug":"giay-bong-ban-mizuno-wave-medal-sp5-trang-den","status":"publish","type":"product","link":"https:\/\/www.phivutabletennis.com\/index.php\/product\/giay-bong-ban-mizuno-wave-medal-sp5-trang-den\/","title":{"rendered":"GI\u00c0Y B\u00d3NG B\u00c0N MIZUNO WAVE MEDAL SP5 &#8211; Tr\u1eafng\/\u0110en"},"content":{"rendered":"<p><strong>GI\u00c0Y B\u00d3NG B\u00c0N MIZUNO WAVE MEDAL SP5<\/strong><\/p>\n<p>Gi\u00e0y b\u00f3ng b\u00e0n Mizuno Wave Medal SP5, c\u00f4ng ngh\u1ec7 n\u00fat v\u1eb7n BOA, gi\u1ea3m ch\u1ea5n hi\u1ec7u qu\u1ea3, form v\u1eeba v\u1eb7n<\/p>\n<p>Gi\u00e0y b\u00f3ng b\u00e0n Mizuno Wave Medal SP5 c\u00f9ng s\u1ef1 xu\u1ea5t hi\u1ec7n m\u1edbi l\u1ea1 v\u1edbi c\u00f4ng ngh\u1ec7 n\u00fat v\u1eb7n BOA, s\u1ebd mang \u0111\u1ebfn ng\u01b0\u1eddi ch\u01a1i b\u00f3ng b\u00e0n m\u1ed9t c\u1ea3m gi\u00e1c v\u1eeba v\u1eb7n, tho\u1ea3i m\u00e1i, gi\u1ea3m thi\u1ec3u t\u00ecnh tr\u1ea1ng \u0111au ch\u00e2n v\u00e0 gi\u00fap b\u1ea1n mang gi\u00e0y nhanh ch\u00f3ng khi kh\u00f4ng c\u1ea7n ph\u1ea3i th\u1eaft d\u00e2y.<\/p>\n<h1><strong>1\/ \u01afU \u0110I\u1ec2M N\u1ed4I B\u1eacT GI\u00c0Y B\u00d3NG B\u00c0N MIZUNO WAVE MEDAL SP5<\/strong><\/h1>\n<p>Form gi\u00e0y \u0111\u01b0\u01a1\u0323c Mizuno da\u0300y c\u00f4ng nghi\u00ean c\u01b0\u0301u va\u0300 pha\u0301t tri\u00ea\u0309n \u0111\u00ea\u0309 ph\u00f9 h\u1ee3p ho\u00e0n to\u00e0n v\u1edbi h\u00ecnh d\u00e1ng, k\u00edch th\u01b0\u1edbc b\u00e0n ch\u00e2n cu\u0309a ng\u01b0\u1eddi Ch\u00e2u \u00c1, \u0111\u1eb7c bi\u1ec7t l\u00e0 ng\u01b0\u1eddi Vi\u1ec7t Nam.<\/p>\n<p>H\u1ecda ti\u1ebft logo Mizuno tr\u1ea3i d\u00e0i tr\u00ean th\u00e2n gi\u00e0y b\u00f3ng b\u00e0n Mizuno Wave Medal SP5 mang \u0111\u1ebfn di\u1ec7n m\u1ea1o \u0111\u1ed9c \u0111\u00e1o v\u00e0 t\u0103ng \u0111\u1ed9 b\u1ec1n v\u01b0\u1ee3t th\u1eddi gian.<\/p>\n<h1><strong>2\/ 5 C\u00d4NG NGH\u00ca\u0323 \u0110\u01af\u01a0\u0323C A\u0301P DU\u0323NG TR\u00caN GI\u00c0Y B\u00d3NG B\u00c0N MIZUNO WAVE MEDAL SP5<\/strong><\/h1>\n<p>&#8211; Boa Fit System: C\u00f4ng ngh\u1ec7 cao c\u1ea5p c\u1ee7a Mizuno v\u1edbi c\u00e1c d\u00e2y ren chuy\u00ean d\u1ee5ng si\u00eau b\u1ec1n, gi\u00fap \u0111i\u1ec1u ch\u1ec9nh v\u1eeba v\u1eb7n v\u00e0 \u00f4m tr\u1ecdn b\u00e0n ch\u00e2n t\u1eeb ng\u00f3n ch\u00e2n \u0111\u1ebfn m\u1eaft c\u00e1 th\u00f4ng qua vi\u1ec7c v\u1eb7n n\u00fat linh ho\u1ea1t. Ng\u01b0\u1eddi mang gi\u00e0y kh\u00f4ng c\u1ea7n ph\u1ea3i th\u1eaft d\u00e2y, ch\u1ec9 c\u1ea7n v\u1eb7n n\u00fat \u0111\u1ec3 mang v\u00e0 th\u00e1o gi\u00e0y m\u1ed9t c\u00e1ch d\u1ec5 d\u00e0ng.<br \/>\n&#8211; Mizuno Wave: C\u00f4ng ngh\u1ec7 Wave \u0111\u1ed9c quy\u1ec1n c\u1ee7a Mizuno v\u1edbi l\u1edbp \u0111\u1ebf d\u1ea1ng s\u00f3ng, gi\u00fap ph\u00e2n t\u00e1n l\u1ef1c t\u00e1c \u0111\u1ed9ng ra to\u00e0n gi\u00e0y b\u00f3ng b\u00e0n Mizuno Wave Medal SP5, thay v\u00ec ch\u1ec9 t\u1eadp trung l\u1ef1c v\u00e0o g\u00f3t ch\u00e2n. \u0110\u1ed3ng th\u1eddi c\u00f4ng ngh\u1ec7 n\u00e0y c\u0169ng \u0111\u1ea3m b\u1ea3o s\u1ef1 \u1ed5n \u0111\u1ecbnh v\u00e0 an to\u00e0n cho ng\u01b0\u1eddi ch\u01a1i.<br \/>\n&#8211; AP+ (Advanced Plus): L\u1edbp \u0111\u1ec7m AP+ \u00eam a\u0301i \u0111\u01b0\u01a1\u0323c \u0111\u0103\u0323t \u01a1\u0309 \u0111\u00ea\u0301 gi\u00e0y b\u00f3ng b\u00e0n Mizuno Wave Medal SP5 k\u1ebft h\u1ee3p c\u00f9ng Mizuno Wave gi\u00fap gi\u1ea3m thi\u1ec3u \u00e1p l\u1ef1c l\u00ean x\u01b0\u01a1ng va\u0300 c\u00e1c kh\u1edbp ch\u00e2n, mang \u0111\u00ea\u0301n s\u01b0\u0323 thoa\u0309i ma\u0301i \u0111\u00ea\u0309 b\u1ea1n t\u1eadp trung thi \u0111\u00e2\u0301u va\u0300 th\u1ef1c hi\u1ec7n ca\u0301c pha t\u00e2\u0301n c\u00f4ng ma\u0303n nha\u0303n.<br \/>\n&#8211; U4icX: \u0110\u1ebf gi\u1eefa \u0111\u01b0\u1ee3c n\u00e2ng c\u1ea5p v\u1edbi ch\u1ea5t li\u1ec7u si\u00eau nh\u1eb9 k\u1ebft h\u1ee3p cu\u0300ng Pownce &#8211; m\u1ed9t l\u1edbp \u0111\u1ec7m m\u1ec1m m\u1ecbn \u0111\u01b0\u1ee3c \u0111\u1eb7t \u1edf \u0111\u1ebf gi\u00e0y, h\u1ed7 tr\u1ee3 t\u1ed1i \u0111a cho nh\u1eefng c\u00fa b\u1eadt nh\u1ea3y.<br \/>\n&#8211; D &#8211; Flex Groove: C\u00e1c r\u00e3nh \u0111\u01b0\u1ee3c thi\u1ebft k\u1ebf u\u1ed1n cong theo h\u01b0\u1edbng ch\u00e9o \u0111\u1eb7c bi\u1ec7t \u1edf ph\u1ea7n gi\u1eefa \u0111\u1ebf co\u0301 ta\u0301c du\u0323ng gia\u0309m c\u0103ng th\u0103\u0309ng va\u0300 a\u0301p l\u01b0\u0323c cho x\u01b0\u01a1ng, kh\u01a1\u0301p ch\u00e2n.<br \/>\n&#8211; XG Rubber: Cao su XG \u0111\u01b0\u1ee3c \u00e1p d\u1ee5ng \u1edf m\u1eb7t ngo\u00e0i c\u1ee7a \u0111\u1ebf gi\u00e0y b\u00f3ng b\u00e0n Mizuno Wave Medal SP5, b\u1ec1n b\u1ec9 v\u00e0 gi\u00fap b\u00e1m s\u00e2n c\u1ef1c t\u1ed1t.<br \/>\nV\u1edbi thi\u1ebft k\u1ebf n\u00fat v\u1eb7n \u0111\u1eb7c bi\u1ec7t, m\u1eabu gi\u00e0y b\u00f3ng b\u00e0n Mizuno Wave Medal SP5 kh\u00f4ng ch\u1ec9 mang l\u1ea1i tr\u1ea3i nghi\u1ec7m m\u1edbi l\u1ea1 v\u00e0 \u0111\u1ed9c \u0111\u00e1o, m\u00e0 c\u00f2n t\u1ea1o c\u1ea3m gi\u00e1c nh\u01b0 b\u1ea1n \u0111ang ch\u01a1i th\u1ec3 thao tr\u00ean ch\u00ednh \u0111\u00f4i ch\u00e2n tr\u1ea7n c\u1ee7a m\u00ecnh. S\u1ea3n ph\u1ea9m l\u00e0 tr\u1ee3 th\u1ee7 \u0111\u1eafc l\u1ef1c cho b\u1ea1n trong t\u1eebng pha xoay ng\u01b0\u1eddi \u0111\u1ed5i h\u01b0\u1edbng khi ch\u01a1i b\u00f3ng b\u00e0n.<\/p>\n<h2><strong>3\/ B\u1ea2NG T\u00cdNH SIZE GI\u00c0Y B\u00d3NG B\u00c0N MIZUNO WAVE MEDAL SP5<\/strong><\/h2>\n<p>Tham kh\u1ea3o size gi\u00e0y b\u00f3ng b\u00e0n Mizuno Wave Medal SP5<\/p>\n<p><img loading=\"lazy\" decoding=\"async\" src=\"https:\/\/lh7-us.googleusercontent.com\/jfRe-nEz6-P9o5iTrOcarNKGkiwHdy9-6l7TecK96ATp4tCrrt0kp6Z5cQcIR68mkw6SJCodNq89NmVkPvMsdrJdVya7oXDeYOJ-RZzrMXEDYRAYQ5XskLBhoUJNquKsTq84QwRhMnmiQ2bBQLXOOHw\" width=\"250\" height=\"225\" \/><\/p>\n<h2><strong>4\/ TH\u00d4NG TIN S\u1ea2N PH\u1ea8M GI\u00c0Y B\u00d3NG B\u00c0N MIZUNO WAVE MEDAL SP5<\/strong><\/h2>\n<p>&#8211; T\u00ean s\u1ea3n ph\u1ea9m: Gi\u00e0y b\u00f3ng b\u00e0n Mizuno Wave Medal SP5.<br \/>\n&#8211; Th\u01b0\u01a1ng hi\u1ec7u: Mizuno.<\/p>\n<h2><strong>5\/ CH\u00cdNH S\u00c1CH B\u1ea2O H\u00c0NH GI\u00c0Y B\u00d3NG B\u00c0N MIZUNO WAVE MEDAL SP5<\/strong><\/h2>\n<p>&#8211; S\u1ea3n ph\u1ea9m \u0111\u01b0\u1ee3c b\u1ea3o h\u00e0nh 3 th\u00e1ng.<\/p>\n<p><strong>GI\u00c0Y B\u00d3NG B\u00c0N MIZUNO WAVE MEDAL SP5<\/strong><\/p>\n<p>Gi\u00e0y b\u00f3ng b\u00e0n Mizuno Wave Medal SP5, c\u00f4ng ngh\u1ec7 n\u00fat v\u1eb7n BOA, gi\u1ea3m ch\u1ea5n hi\u1ec7u qu\u1ea3, form v\u1eeba v\u1eb7n<\/p>\n<p>Gi\u00e0y b\u00f3ng b\u00e0n Mizuno Wave Medal SP5 c\u00f9ng s\u1ef1 xu\u1ea5t hi\u1ec7n m\u1edbi l\u1ea1 v\u1edbi c\u00f4ng ngh\u1ec7 n\u00fat v\u1eb7n BOA, s\u1ebd mang \u0111\u1ebfn ng\u01b0\u1eddi ch\u01a1i b\u00f3ng b\u00e0n m\u1ed9t c\u1ea3m gi\u00e1c v\u1eeba v\u1eb7n, tho\u1ea3i m\u00e1i, gi\u1ea3m thi\u1ec3u t\u00ecnh tr\u1ea1ng \u0111au ch\u00e2n v\u00e0 gi\u00fap b\u1ea1n mang gi\u00e0y nhanh ch\u00f3ng khi kh\u00f4ng c\u1ea7n ph\u1ea3i th\u1eaft d\u00e2y.<\/p>\n<h1><strong>1\/ \u01afU \u0110I\u1ec2M N\u1ed4I B\u1eacT GI\u00c0Y B\u00d3NG B\u00c0N MIZUNO WAVE MEDAL SP5<\/strong><\/h1>\n<p>Form gi\u00e0y \u0111\u01b0\u01a1\u0323c Mizuno da\u0300y c\u00f4ng nghi\u00ean c\u01b0\u0301u va\u0300 pha\u0301t tri\u00ea\u0309n \u0111\u00ea\u0309 ph\u00f9 h\u1ee3p ho\u00e0n to\u00e0n v\u1edbi h\u00ecnh d\u00e1ng, k\u00edch th\u01b0\u1edbc b\u00e0n ch\u00e2n cu\u0309a ng\u01b0\u1eddi Ch\u00e2u \u00c1, \u0111\u1eb7c bi\u1ec7t l\u00e0 ng\u01b0\u1eddi Vi\u1ec7t Nam.<\/p>\n<p>H\u1ecda ti\u1ebft logo Mizuno tr\u1ea3i d\u00e0i tr\u00ean th\u00e2n gi\u00e0y b\u00f3ng b\u00e0n Mizuno Wave Medal SP5 mang \u0111\u1ebfn di\u1ec7n m\u1ea1o \u0111\u1ed9c \u0111\u00e1o v\u00e0 t\u0103ng \u0111\u1ed9 b\u1ec1n v\u01b0\u1ee3t th\u1eddi gian.<\/p>\n<h1><strong>2\/ 5 C\u00d4NG NGH\u00ca\u0323 \u0110\u01af\u01a0\u0323C A\u0301P DU\u0323NG TR\u00caN GI\u00c0Y B\u00d3NG B\u00c0N MIZUNO WAVE MEDAL SP5<\/strong><\/h1>\n<p>&#8211; Boa Fit System: C\u00f4ng ngh\u1ec7 cao c\u1ea5p c\u1ee7a Mizuno v\u1edbi c\u00e1c d\u00e2y ren chuy\u00ean d\u1ee5ng si\u00eau b\u1ec1n, gi\u00fap \u0111i\u1ec1u ch\u1ec9nh v\u1eeba v\u1eb7n v\u00e0 \u00f4m tr\u1ecdn b\u00e0n ch\u00e2n t\u1eeb ng\u00f3n ch\u00e2n \u0111\u1ebfn m\u1eaft c\u00e1 th\u00f4ng qua vi\u1ec7c v\u1eb7n n\u00fat linh ho\u1ea1t. Ng\u01b0\u1eddi mang gi\u00e0y kh\u00f4ng c\u1ea7n ph\u1ea3i th\u1eaft d\u00e2y, ch\u1ec9 c\u1ea7n v\u1eb7n n\u00fat \u0111\u1ec3 mang v\u00e0 th\u00e1o gi\u00e0y m\u1ed9t c\u00e1ch d\u1ec5 d\u00e0ng.<br \/>\n&#8211; Mizuno Wave: C\u00f4ng ngh\u1ec7 Wave \u0111\u1ed9c quy\u1ec1n c\u1ee7a Mizuno v\u1edbi l\u1edbp \u0111\u1ebf d\u1ea1ng s\u00f3ng, gi\u00fap ph\u00e2n t\u00e1n l\u1ef1c t\u00e1c \u0111\u1ed9ng ra to\u00e0n gi\u00e0y b\u00f3ng b\u00e0n Mizuno Wave Medal SP5, thay v\u00ec ch\u1ec9 t\u1eadp trung l\u1ef1c v\u00e0o g\u00f3t ch\u00e2n. \u0110\u1ed3ng th\u1eddi c\u00f4ng ngh\u1ec7 n\u00e0y c\u0169ng \u0111\u1ea3m b\u1ea3o s\u1ef1 \u1ed5n \u0111\u1ecbnh v\u00e0 an to\u00e0n cho ng\u01b0\u1eddi ch\u01a1i.<br \/>\n&#8211; AP+ (Advanced Plus): L\u1edbp \u0111\u1ec7m AP+ \u00eam a\u0301i \u0111\u01b0\u01a1\u0323c \u0111\u0103\u0323t \u01a1\u0309 \u0111\u00ea\u0301 gi\u00e0y b\u00f3ng b\u00e0n Mizuno Wave Medal SP5 k\u1ebft h\u1ee3p c\u00f9ng Mizuno Wave gi\u00fap gi\u1ea3m thi\u1ec3u \u00e1p l\u1ef1c l\u00ean x\u01b0\u01a1ng va\u0300 c\u00e1c kh\u1edbp ch\u00e2n, mang \u0111\u00ea\u0301n s\u01b0\u0323 thoa\u0309i ma\u0301i \u0111\u00ea\u0309 b\u1ea1n t\u1eadp trung thi \u0111\u00e2\u0301u va\u0300 th\u1ef1c hi\u1ec7n ca\u0301c pha t\u00e2\u0301n c\u00f4ng ma\u0303n nha\u0303n.<br \/>\n&#8211; U4icX: \u0110\u1ebf gi\u1eefa \u0111\u01b0\u1ee3c n\u00e2ng c\u1ea5p v\u1edbi ch\u1ea5t li\u1ec7u si\u00eau nh\u1eb9 k\u1ebft h\u1ee3p cu\u0300ng Pownce &#8211; m\u1ed9t l\u1edbp \u0111\u1ec7m m\u1ec1m m\u1ecbn \u0111\u01b0\u1ee3c \u0111\u1eb7t \u1edf \u0111\u1ebf gi\u00e0y, h\u1ed7 tr\u1ee3 t\u1ed1i \u0111a cho nh\u1eefng c\u00fa b\u1eadt nh\u1ea3y.<br \/>\n&#8211; D &#8211; Flex Groove: C\u00e1c r\u00e3nh \u0111\u01b0\u1ee3c thi\u1ebft k\u1ebf u\u1ed1n cong theo h\u01b0\u1edbng ch\u00e9o \u0111\u1eb7c bi\u1ec7t \u1edf ph\u1ea7n gi\u1eefa \u0111\u1ebf co\u0301 ta\u0301c du\u0323ng gia\u0309m c\u0103ng th\u0103\u0309ng va\u0300 a\u0301p l\u01b0\u0323c cho x\u01b0\u01a1ng, kh\u01a1\u0301p ch\u00e2n.<br \/>\n&#8211; XG Rubber: Cao su XG \u0111\u01b0\u1ee3c \u00e1p d\u1ee5ng \u1edf m\u1eb7t ngo\u00e0i c\u1ee7a \u0111\u1ebf gi\u00e0y b\u00f3ng b\u00e0n Mizuno Wave Medal SP5, b\u1ec1n b\u1ec9 v\u00e0 gi\u00fap b\u00e1m s\u00e2n c\u1ef1c t\u1ed1t.<br \/>\nV\u1edbi thi\u1ebft k\u1ebf n\u00fat v\u1eb7n \u0111\u1eb7c bi\u1ec7t, m\u1eabu gi\u00e0y b\u00f3ng b\u00e0n Mizuno Wave Medal SP5 kh\u00f4ng ch\u1ec9 mang l\u1ea1i tr\u1ea3i nghi\u1ec7m m\u1edbi l\u1ea1 v\u00e0 \u0111\u1ed9c \u0111\u00e1o, m\u00e0 c\u00f2n t\u1ea1o c\u1ea3m gi\u00e1c nh\u01b0 b\u1ea1n \u0111ang ch\u01a1i th\u1ec3 thao tr\u00ean ch\u00ednh \u0111\u00f4i ch\u00e2n tr\u1ea7n c\u1ee7a m\u00ecnh. S\u1ea3n ph\u1ea9m l\u00e0 tr\u1ee3 th\u1ee7 \u0111\u1eafc l\u1ef1c cho b\u1ea1n trong t\u1eebng pha xoay ng\u01b0\u1eddi \u0111\u1ed5i h\u01b0\u1edbng khi ch\u01a1i b\u00f3ng b\u00e0n.<\/p>\n<h2><strong>3\/ B\u1ea2NG T\u00cdNH SIZE GI\u00c0Y B\u00d3NG B\u00c0N MIZUNO WAVE MEDAL SP5<\/strong><\/h2>\n<p>Tham kh\u1ea3o size gi\u00e0y b\u00f3ng b\u00e0n Mizuno Wave Medal SP5<\/p>\n<p><img loading=\"lazy\" decoding=\"async\" src=\"https:\/\/lh7-us.googleusercontent.com\/jfRe-nEz6-P9o5iTrOcarNKGkiwHdy9-6l7TecK96ATp4tCrrt0kp6Z5cQcIR68mkw6SJCodNq89NmVkPvMsdrJdVya7oXDeYOJ-RZzrMXEDYRAYQ5XskLBhoUJNquKsTq84QwRhMnmiQ2bBQLXOOHw\" width=\"250\" height=\"225\" \/><\/p>\n<h2><strong>4\/ TH\u00d4NG TIN S\u1ea2N PH\u1ea8M GI\u00c0Y B\u00d3NG B\u00c0N MIZUNO WAVE MEDAL SP5<\/strong><\/h2>\n<p>&#8211; T\u00ean s\u1ea3n ph\u1ea9m: Gi\u00e0y b\u00f3ng b\u00e0n Mizuno Wave Medal SP5.<br \/>\n&#8211; Th\u01b0\u01a1ng hi\u1ec7u: Mizuno.<\/p>\n<h2><strong>5\/ CH\u00cdNH S\u00c1CH B\u1ea2O H\u00c0NH GI\u00c0Y B\u00d3NG B\u00c0N MIZUNO WAVE MEDAL SP5<\/strong><\/h2>\n<p>&#8211; S\u1ea3n ph\u1ea9m \u0111\u01b0\u1ee3c b\u1ea3o h\u00e0nh 3 th\u00e1ng.<\/p>\n","protected":false},"excerpt":{"rendered":"<p>GI\u00c0Y B\u00d3NG B\u00c0N MIZUNO WAVE MEDAL SP5 Gi\u00e0y b\u00f3ng b\u00e0n Mizuno Wave Medal SP5, c\u00f4ng ngh\u1ec7 n\u00fat v\u1eb7n BOA, gi\u1ea3m ch\u1ea5n hi\u1ec7u qu\u1ea3, form v\u1eeba v\u1eb7n Gi\u00e0y b\u00f3ng b\u00e0n Mizuno Wave Medal SP5 c\u00f9ng s\u1ef1 xu\u1ea5t hi\u1ec7n m\u1edbi l\u1ea1 v\u1edbi c\u00f4ng ngh\u1ec7 n\u00fat v\u1eb7n BOA, s\u1ebd mang \u0111\u1ebfn ng\u01b0\u1eddi ch\u01a1i b\u00f3ng b\u00e0n m\u1ed9t c\u1ea3m gi\u00e1c [&hellip;]<\/p>\n","protected":false},"featured_media":5079,"comment_status":"open","ping_status":"closed","template":"","meta":{"_eb_attr":""},"product_cat":[59,62],"product_tag":[],"class_list":["post-5081","product","type-product","status-publish","has-post-thumbnail","hentry","product_cat-giay-vo","product_cat-mizuno-giay"],"_links":{"self":[{"href":"https:\/\/www.phivutabletennis.com\/index.php\/wp-json\/wp\/v2\/product\/5081","targetHints":{"allow":["GET"]}}],"collection":[{"href":"https:\/\/www.phivutabletennis.com\/index.php\/wp-json\/wp\/v2\/product"}],"about":[{"href":"https:\/\/www.phivutabletennis.com\/index.php\/wp-json\/wp\/v2\/types\/product"}],"replies":[{"embeddable":true,"href":"https:\/\/www.phivutabletennis.com\/index.php\/wp-json\/wp\/v2\/comments?post=5081"}],"wp:featuredmedia":[{"embeddable":true,"href":"https:\/\/www.phivutabletennis.com\/index.php\/wp-json\/wp\/v2\/media\/5079"}],"wp:attachment":[{"href":"https:\/\/www.phivutabletennis.com\/index.php\/wp-json\/wp\/v2\/media?parent=5081"}],"wp:term":[{"taxonomy":"product_cat","embeddable":true,"href":"https:\/\/www.phivutabletennis.com\/index.php\/wp-json\/wp\/v2\/product_cat?post=5081"},{"taxonomy":"product_tag","embeddable":true,"href":"https:\/\/www.phivutabletennis.com\/index.php\/wp-json\/wp\/v2\/product_tag?post=5081"}],"curies":[{"name":"wp","href":"https:\/\/api.w.org\/{rel}","templated":true}]}}