{"id":5095,"date":"2024-09-29T21:12:09","date_gmt":"2024-09-29T14:12:09","guid":{"rendered":"https:\/\/www.phivutabletennis.com\/?post_type=product&#038;p=5095"},"modified":"2024-09-29T21:12:10","modified_gmt":"2024-09-29T14:12:10","slug":"wave-medal-7-trang-den-vang","status":"publish","type":"product","link":"https:\/\/www.phivutabletennis.com\/index.php\/product\/wave-medal-7-trang-den-vang\/","title":{"rendered":"WAVE MEDAL 7 &#8211; Tr\u1eafng\/\u0110en\/V\u00e0ng"},"content":{"rendered":"<p>V\u1edbi s\u1ef1 tr\u1edf l\u1ea1i m\u1edbi nh\u1ea5t trong cu\u1ed1i n\u0103m 2023,<strong>\u00a0Wave Medal 7<\/strong>\u00a0l\u00e0 m\u1eabu gi\u00e0y n\u1eb1m trong ph\u00e2n kh\u00fac gi\u00e0y b\u00f3ng b\u00e0n cao c\u1ea5p c\u1ee7a Mizuno \u0111\u01b0\u1ee3c h\u1ed9i t\u1ee5 t\u1ea5t c\u1ea3 nh\u1eefng c\u00f4ng ngh\u1ec7 cao c\u1ea5p \u1edf phi\u00ean b\u1ea3n tr\u01b0\u1edbc, Mizuno c\u00f2n n\u00e2ng c\u1ea5p th\u00eam \u1edf nhi\u1ec1u b\u1ed9 ph\u1eadn quan tr\u1ecdng gi\u00fap\u00a0<strong>Wave Medal 7<\/strong>\u00a0tr\u1edf th\u00e0nh m\u1eabu gi\u00e0y b\u00f3ng b\u00e0n to\u00e0n di\u1ec7n h\u01a1n bao gi\u1edd h\u1ebft.<\/p>\n<p>C\u1ea3i ti\u1ebfn ho\u00e0n to\u00e0n m\u1edbi n\u1eb1m \u1edf l\u1edbp \u0111\u1ebf\u00a0<strong>FOAM WAVE<\/strong>\u00a0c\u1ee7a Mizuno cung c\u1ea5p kh\u1ea3 n\u0103ng gi\u1ea3m ch\u1ea5n v\u00e0 \u0111\u1ed9 \u1ed5n \u0111\u1ecbnh c\u1ef1c k\u00ec cao, ph\u1ea7n logo trong su\u1ed1t \u0111\u01b0\u1ee3c gia c\u1ed1 mang l\u1ea1i s\u1ef1 b\u1ec1n b\u1ec9 v\u00e0 m\u1ed9t di\u1ec7n m\u1ea1o \u0111\u1ea7y m\u1edbi m\u1ebb. Trang b\u1ecb th\u00eam l\u1edbp \u0111\u1ec7m \u0111\u01b0\u1ee3c \u0111\u1eb7t hai b\u00ean h\u00f4ng gi\u00e0y, kh\u00f4ng gi\u1ed1ng v\u1edbi b\u1ea5t k\u1ef3 lo\u1ea1i gi\u00e0y b\u00f3ng b\u00e0n n\u00e0o kh\u00e1c c\u1ee7a Mizuno tr\u01b0\u1edbc \u0111\u00e2y. \u0110i\u1ec1u n\u00e0y h\u1ed7 tr\u1ee3 cho ng\u01b0\u1eddi ch\u01a1i di chuy\u1ec3n \u1ed5n \u0111\u1ecbnh trong su\u1ed1t c\u1ea3 tr\u1eadn \u0111\u1ea5u.<\/p>\n<p>Nh\u1eefng c\u00f4ng ngh\u1ec7 cao c\u1ea5p \u0111\u01b0\u1ee3c Mizuno cho n\u00e2ng c\u1ea5p m\u1edbi nh\u1ea5t \u1edf\u00a0<strong>Wave Medal 7<\/strong>:<\/p>\n<p>\u2705\u00a0<strong>Mizuno Wave<\/strong>: C\u1ea5u tr\u00fac \u0111\u1ebf m\u1edbi \u0111\u01b0\u1ee3c k\u1ebft h\u1ee3p v\u1edbi ch\u1ea5t li\u1ec7u Foam c\u00f3 h\u00ecnh l\u01b0\u1ee3n s\u00f3ng mang l\u1ea1i kh\u1ea3 n\u0103ng gi\u1ea3m ch\u1ea5n v\u00e0 \u0111\u1ed9 \u1ed5n \u0111\u1ecbnh \u0111\u1ed3ng th\u1eddi t\u1ea1o n\u00ean c\u1ea3m gi\u00e1c nh\u1eb9 nh\u00e0ng t\u1ed1i \u0111a khi ti\u1ebfp x\u00fac v\u1edbi m\u1eb7t s\u00e2n. H\u1ea1n ch\u1ebf g\u00e2y ra ch\u1ea5n th\u01b0\u01a1ng kh\u00f4ng \u0111\u00e1ng c\u00f3.<\/p>\n<p>\u2705\u00a0<strong>AP+<\/strong>: M\u1ed9t l\u1edbp \u0111\u1ec7m nh\u1eb9 c\u00f3 \u0111\u1ed9 \u0111\u00e0n h\u1ed3i r\u1ea5t t\u1ed1t \u0111\u01b0\u1ee3c \u0111\u1eb7t \u1edf \u0111\u1ebf gi\u00e0y, gi\u1ea3m ch\u1ea5n hi\u1ec7u qu\u1ea3 v\u00e0 mang l\u1ea1i s\u1ef1 tho\u1ea3i m\u00e1i trong t\u1eebng b\u01b0\u1edbc di chuy\u1ec3n.<\/p>\n<p>\u2705\u00a0<strong>Mizuno Intercool<\/strong>: H\u1ec7 th\u1ed1ng l\u1ed7 tho\u00e1ng kh\u00ed \u1edf \u0111\u1ebf gi\u00e0y gi\u00fap ng\u01b0\u1eddi \u0111i lu\u00f4n c\u1ea3m th\u1ea5y kh\u00f4 tho\u00e1ng, tho\u1ea3i m\u00e1i.<\/p>\n<p>\u2705\u00a0<strong>XG Rubber<\/strong>: Cao su XG \u0111\u01b0\u1ee3c \u00e1p d\u1ee5ng \u1edf m\u1eb7t ngo\u00e0i c\u1ee7a \u0111\u1ebf gi\u00e0y, b\u1ec1n b\u1ec9 v\u00e0 gi\u00fap b\u00e1m s\u00e2n c\u1ef1c t\u1ed1t.<\/p>\n<p>\u2705\u00a0<strong>SR Touch<\/strong>: M\u1ed9t v\u1eadt li\u1ec7u \u0111\u1ec7m nh\u1eb9 ti\u00ean ti\u1ebfn c\u1ee7a Mizuno c\u00f3 \u0111\u1ed9 \u0111\u00e0n h\u1ed3i c\u1ef1c t\u1ed1t, h\u1ea5p thu l\u1ef1c hi\u1ec7u qu\u1ea3, h\u1ed7 tr\u1ee3 t\u1ed1i \u0111a cho c\u00e1c pha di chuy\u1ec3n kh\u00f3 c\u1ee7a c\u00e1c V\u0110V.<\/p>\n<p>\u0110\u00e2y ch\u1eafc ch\u1eafn l\u00e0 \u0111\u00f4i gi\u00e0y b\u00f3ng b\u00e0n c\u00f3 nhi\u1ec1u t\u00ednh n\u0103ng tuy\u1ec7t v\u1eddi, ho\u00e0n h\u1ea3o ph\u00f9 h\u1ee3p v\u1edbi nh\u1eefng ng\u01b0\u1eddi ch\u01a1i \u1edf m\u1ee9c trung b\u00ecnh v\u00e0 kh\u00e1 t\u1ed1t, \u0111ang t\u00ecm ki\u1ebfm cho m\u00ecnh m\u1eabu gi\u00e0y c\u00f3 th\u1ec3 h\u1ed7 tr\u1ee3 trong nh\u1eefng b\u01b0\u1edbc ch\u1ea1y \u1ed5n \u0111\u1ecbnh v\u1edbi tr\u1ecdng l\u01b0\u1ee3ng v\u00f4 c\u00f9ng nh\u1eb9 nh\u00e0ng. B\u00ean c\u1ea1nh \u0111\u00f3, thi\u1ebft k\u1ebf b\u1eaft m\u1eaft v\u1edbi nh\u1eefng \u0111\u01b0\u1eddng l\u01b0\u1ee3n s\u00f3ng s\u1ebd l\u00e0 \u0111i\u1ec3m nh\u1ea5n th\u1eddi trang \u1ea5n t\u01b0\u1ee3ng m\u00e0 b\u1ea5t k\u1ef3 tay v\u1ee3t n\u00e0o c\u0169ng s\u1ebd y\u1ebfu th\u00edch m\u1eabu gi\u00e0y n\u00e0y.<\/p>\n<p>H\u00e3y \u0111\u00edch th\u00e2n tr\u1ea3i nghi\u1ec7m \u0111\u1ec3 c\u1ea3m nh\u1eadn \u0111\u01b0\u1ee3c s\u1ef1 cao c\u1ea5p v\u00e0 to\u00e0n di\u1ec7n \u1edf phi\u00ean\u00a0<strong>Wave Medal 7<\/strong>\u00a0ngay nh\u00e9 !<\/p>\n","protected":false},"excerpt":{"rendered":"<p>V\u1edbi s\u1ef1 tr\u1edf l\u1ea1i m\u1edbi nh\u1ea5t trong cu\u1ed1i n\u0103m 2023,\u00a0Wave Medal 7\u00a0l\u00e0 m\u1eabu gi\u00e0y n\u1eb1m trong ph\u00e2n kh\u00fac gi\u00e0y b\u00f3ng b\u00e0n cao c\u1ea5p c\u1ee7a Mizuno \u0111\u01b0\u1ee3c h\u1ed9i t\u1ee5 t\u1ea5t c\u1ea3 nh\u1eefng c\u00f4ng ngh\u1ec7 cao c\u1ea5p \u1edf phi\u00ean b\u1ea3n tr\u01b0\u1edbc, Mizuno c\u00f2n n\u00e2ng c\u1ea5p th\u00eam \u1edf nhi\u1ec1u b\u1ed9 ph\u1eadn quan tr\u1ecdng gi\u00fap\u00a0Wave Medal 7\u00a0tr\u1edf th\u00e0nh m\u1eabu [&hellip;]<\/p>\n","protected":false},"featured_media":5091,"comment_status":"open","ping_status":"closed","template":"","meta":{"_eb_attr":""},"product_cat":[59,62],"product_tag":[],"class_list":["post-5095","product","type-product","status-publish","has-post-thumbnail","hentry","product_cat-giay-vo","product_cat-mizuno-giay"],"_links":{"self":[{"href":"https:\/\/www.phivutabletennis.com\/index.php\/wp-json\/wp\/v2\/product\/5095","targetHints":{"allow":["GET"]}}],"collection":[{"href":"https:\/\/www.phivutabletennis.com\/index.php\/wp-json\/wp\/v2\/product"}],"about":[{"href":"https:\/\/www.phivutabletennis.com\/index.php\/wp-json\/wp\/v2\/types\/product"}],"replies":[{"embeddable":true,"href":"https:\/\/www.phivutabletennis.com\/index.php\/wp-json\/wp\/v2\/comments?post=5095"}],"wp:featuredmedia":[{"embeddable":true,"href":"https:\/\/www.phivutabletennis.com\/index.php\/wp-json\/wp\/v2\/media\/5091"}],"wp:attachment":[{"href":"https:\/\/www.phivutabletennis.com\/index.php\/wp-json\/wp\/v2\/media?parent=5095"}],"wp:term":[{"taxonomy":"product_cat","embeddable":true,"href":"https:\/\/www.phivutabletennis.com\/index.php\/wp-json\/wp\/v2\/product_cat?post=5095"},{"taxonomy":"product_tag","embeddable":true,"href":"https:\/\/www.phivutabletennis.com\/index.php\/wp-json\/wp\/v2\/product_tag?post=5095"}],"curies":[{"name":"wp","href":"https:\/\/api.w.org\/{rel}","templated":true}]}}