{"id":5115,"date":"2024-10-01T22:57:50","date_gmt":"2024-10-01T15:57:50","guid":{"rendered":"https:\/\/www.phivutabletennis.com\/?post_type=product&#038;p=5115"},"modified":"2024-10-05T21:34:41","modified_gmt":"2024-10-05T14:34:41","slug":"ao-butterfly-elistar11-shirt-coral-pink","status":"publish","type":"product","link":"https:\/\/www.phivutabletennis.com\/index.php\/product\/ao-butterfly-elistar11-shirt-coral-pink\/","title":{"rendered":"\u00c1O BUTTERFLY ELISTAR11 SHIRT CORAL PINK"},"content":{"rendered":"<p><strong>ELISTAR11 SHIRT &#8211; s\u1ea3n ph\u1ea9m ch\u1ea5t L\u01af\u1ee2NG \u0110\u01af\u1ee2C TUY\u1ec2N CH\u1eccN T\u00c0I TR\u1ee2 CHO C\u00c1C V\u1eacN \u0110\u1ed8NG VI\u00caN \u0110\u1ea0I GIA \u0110\u00ccNH BUTTERFLY.<br \/>\nS\u1ef0 K\u1ebeT H\u1ee2P HO\u00c0N H\u1ea2O GI\u1eeeA CH\u1ea4T LI\u1ec6U V\u00c0 C\u00d4NG NGH\u1ec6 B\u1ea2O V\u1ec6 M\u00d4I TR\u01af\u1edcNG<\/strong><\/p>\n<p>Thi\u1ebft k\u1ebf unisex ph\u00f9 h\u1ee3p m\u1ecdi \u0111\u1ed1i t\u01b0\u1ee3ng nam n\u1eef, v\u1edbi nhi\u1ec1u l\u1ef1a ch\u1ecdn gi\u00fap b\u1ea1n t\u1ef1 tin th\u1ec3 hi\u1ec7n trong m\u1ed7i tr\u1eadn \u0111\u1ea5u.<br \/>\nELISTAR11 SHIRT &#8211; s\u1ea3n ph\u1ea9m nh\u1eadp kh\u1ea9u ch\u00ednh h\u00e3ng, \u0111\u01b0\u1ee3c ch\u1ee9ng nh\u1eadn h\u1ee3p chu\u1ea9n v\u1ec1 \u0111o l\u01b0\u1eddng ch\u1ea5t l\u01b0\u1ee3ng may m\u1eb7c, \u0111\u01b0\u1ee3c b\u1ea3o \u0111\u1ea3m b\u1eb1ng tem CR tr\u00ean m\u1ed7i s\u1ea3n ph\u1ea9m v\u00e0 c\u00f4ng b\u1ed1 t\u1ea1i S\u1edf C\u00f4ng Th\u01b0\u01a1ng TP.HCM.<br \/>\nS\u1edf h\u1eefu ngay ELISTAR11 SHIRT \u0111\u1ec3 tr\u1ea3i nghi\u1ec7m s\u1ef1 tho\u1ea3i m\u00e1i v\u00e0 phong c\u00e1ch trong m\u1ed7i bu\u1ed5i t\u1eadp luy\u1ec7n v\u00e0 thi \u0111\u1ea5u c\u1ee7a b\u1ea1n.<\/p>\n<p><strong><br \/>\nH\u00c0NG CH\u00cdNH H\u00c3NG BUTTERFLY S\u1ea2N XU\u1ea4T T\u1ea0I NH\u00c0 M\u00c1Y NH\u1eacT B\u1ea2N<\/strong><\/p>\n","protected":false},"excerpt":{"rendered":"<p>ELISTAR11 SHIRT &#8211; s\u1ea3n ph\u1ea9m ch\u1ea5t L\u01af\u1ee2NG \u0110\u01af\u1ee2C TUY\u1ec2N CH\u1eccN T\u00c0I TR\u1ee2 CHO C\u00c1C V\u1eacN \u0110\u1ed8NG VI\u00caN \u0110\u1ea0I GIA \u0110\u00ccNH BUTTERFLY. S\u1ef0 K\u1ebeT H\u1ee2P HO\u00c0N H\u1ea2O GI\u1eeeA CH\u1ea4T LI\u1ec6U V\u00c0 C\u00d4NG NGH\u1ec6 B\u1ea2O V\u1ec6 M\u00d4I TR\u01af\u1edcNG Thi\u1ebft k\u1ebf unisex ph\u00f9 h\u1ee3p m\u1ecdi \u0111\u1ed1i t\u01b0\u1ee3ng nam n\u1eef, v\u1edbi nhi\u1ec1u l\u1ef1a ch\u1ecdn gi\u00fap b\u1ea1n t\u1ef1 tin th\u1ec3 [&hellip;]<\/p>\n","protected":false},"featured_media":5103,"comment_status":"open","ping_status":"closed","template":"","meta":{"_eb_attr":""},"product_cat":[193,34],"product_tag":[],"class_list":["post-5115","product","type-product","status-publish","has-post-thumbnail","hentry","product_cat-butterfly","product_cat-quan-ao"],"_links":{"self":[{"href":"https:\/\/www.phivutabletennis.com\/index.php\/wp-json\/wp\/v2\/product\/5115","targetHints":{"allow":["GET"]}}],"collection":[{"href":"https:\/\/www.phivutabletennis.com\/index.php\/wp-json\/wp\/v2\/product"}],"about":[{"href":"https:\/\/www.phivutabletennis.com\/index.php\/wp-json\/wp\/v2\/types\/product"}],"replies":[{"embeddable":true,"href":"https:\/\/www.phivutabletennis.com\/index.php\/wp-json\/wp\/v2\/comments?post=5115"}],"wp:featuredmedia":[{"embeddable":true,"href":"https:\/\/www.phivutabletennis.com\/index.php\/wp-json\/wp\/v2\/media\/5103"}],"wp:attachment":[{"href":"https:\/\/www.phivutabletennis.com\/index.php\/wp-json\/wp\/v2\/media?parent=5115"}],"wp:term":[{"taxonomy":"product_cat","embeddable":true,"href":"https:\/\/www.phivutabletennis.com\/index.php\/wp-json\/wp\/v2\/product_cat?post=5115"},{"taxonomy":"product_tag","embeddable":true,"href":"https:\/\/www.phivutabletennis.com\/index.php\/wp-json\/wp\/v2\/product_tag?post=5115"}],"curies":[{"name":"wp","href":"https:\/\/api.w.org\/{rel}","templated":true}]}}