{"id":5118,"date":"2024-10-01T23:05:23","date_gmt":"2024-10-01T16:05:23","guid":{"rendered":"https:\/\/www.phivutabletennis.com\/?post_type=product&#038;p=5118"},"modified":"2024-10-05T21:34:15","modified_gmt":"2024-10-05T14:34:15","slug":"quan-butterfly-half-pants-black","status":"publish","type":"product","link":"https:\/\/www.phivutabletennis.com\/index.php\/product\/quan-butterfly-half-pants-black\/","title":{"rendered":"QU\u1ea6N BUTTERFLY HALF PANTS BLACK"},"content":{"rendered":"<p>&nbsp;<\/p>\n<p><strong>QU\u1ea6N BUTTERFLY BTY HALF PANTS D\u1ec4 D\u00c0NG CHUY\u1ec2N \u0110\u1ed4I GI\u1eeeA TRANG PH\u1ee4C TH\u1ec2 THAO SANG TRANG PH\u1ee4C TH\u01af\u1edcNG NG\u00c0Y<\/strong><\/p>\n<p>Qu\u1ea7n short Butterfly form d\u00e0i ch\u1ea5t li\u1ec7u m\u1ec1m m\u1ea1i, co d\u00e3n\u200b<\/p>\n<p>\u200bFrom qu\u1ea7n d\u00e0i v\u1edbi ch\u1ea5t li\u1ec7u v\u1ea3i nh\u1eb9, co gi\u00e3n t\u1ed1t v\u00e0 m\u1ec1m m\u1ea1i khi ti\u1ebfp x\u00fac v\u1edbi da.<br \/>\nL\u1ef1a ch\u1ecdn t\u1ed1i \u01b0u cho ng\u01b0\u1eddi ch\u01a1i th\u00edch form d\u00e0i, \u0111\u1ed3ng th\u1eddi c\u00f3 th\u1ec3 m\u1eb7c khi ra ngo\u00e0i.\u200b<\/p>\n<p>S\u1ea3n ph\u1ea9m nh\u1eadp kh\u1ea9u ch\u00ednh h\u00e3ng, c\u00f3 ch\u1ee9ng nh\u1eadn h\u1ee3p chu\u1ea9n, h\u1ee3p quy v\u1ec1 \u0111o l\u01b0\u1eddng ch\u1ea5t l\u01b0\u1ee3ng may m\u1eb7c, \u0111\u01b0\u1ee3c th\u1ec3 hi\u1ec7n b\u1eb1ng tem CR tr\u00ean m\u1ed7i s\u1ea3n ph\u1ea9m v\u00e0 c\u00f4ng b\u1ed1 t\u1ea1i S\u1edf C\u00f4ng Th\u01b0\u01a1ng TP.HCM.<\/p>\n<p><strong>H\u00c0NG CH\u00cdNH H\u00c3NG BUTTERFLY S\u1ea2N XU\u1ea4T T\u1ea0I TRUNG QU\u1ed0C\u00a0&#8211; MADE IN CHINA<\/p>\n<p><\/strong><\/p>\n","protected":false},"excerpt":{"rendered":"<p>&nbsp; QU\u1ea6N BUTTERFLY BTY HALF PANTS D\u1ec4 D\u00c0NG CHUY\u1ec2N \u0110\u1ed4I GI\u1eeeA TRANG PH\u1ee4C TH\u1ec2 THAO SANG TRANG PH\u1ee4C TH\u01af\u1edcNG NG\u00c0Y Qu\u1ea7n short Butterfly form d\u00e0i ch\u1ea5t li\u1ec7u m\u1ec1m m\u1ea1i, co d\u00e3n\u200b \u200bFrom qu\u1ea7n d\u00e0i v\u1edbi ch\u1ea5t li\u1ec7u v\u1ea3i nh\u1eb9, co gi\u00e3n t\u1ed1t v\u00e0 m\u1ec1m m\u1ea1i khi ti\u1ebfp x\u00fac v\u1edbi da. L\u1ef1a ch\u1ecdn t\u1ed1i \u01b0u cho [&hellip;]<\/p>\n","protected":false},"featured_media":5114,"comment_status":"open","ping_status":"closed","template":"","meta":{"_eb_attr":""},"product_cat":[193,34],"product_tag":[],"class_list":["post-5118","product","type-product","status-publish","has-post-thumbnail","hentry","product_cat-butterfly","product_cat-quan-ao"],"_links":{"self":[{"href":"https:\/\/www.phivutabletennis.com\/index.php\/wp-json\/wp\/v2\/product\/5118","targetHints":{"allow":["GET"]}}],"collection":[{"href":"https:\/\/www.phivutabletennis.com\/index.php\/wp-json\/wp\/v2\/product"}],"about":[{"href":"https:\/\/www.phivutabletennis.com\/index.php\/wp-json\/wp\/v2\/types\/product"}],"replies":[{"embeddable":true,"href":"https:\/\/www.phivutabletennis.com\/index.php\/wp-json\/wp\/v2\/comments?post=5118"}],"wp:featuredmedia":[{"embeddable":true,"href":"https:\/\/www.phivutabletennis.com\/index.php\/wp-json\/wp\/v2\/media\/5114"}],"wp:attachment":[{"href":"https:\/\/www.phivutabletennis.com\/index.php\/wp-json\/wp\/v2\/media?parent=5118"}],"wp:term":[{"taxonomy":"product_cat","embeddable":true,"href":"https:\/\/www.phivutabletennis.com\/index.php\/wp-json\/wp\/v2\/product_cat?post=5118"},{"taxonomy":"product_tag","embeddable":true,"href":"https:\/\/www.phivutabletennis.com\/index.php\/wp-json\/wp\/v2\/product_tag?post=5118"}],"curies":[{"name":"wp","href":"https:\/\/api.w.org\/{rel}","templated":true}]}}