{"id":5120,"date":"2024-10-01T23:07:52","date_gmt":"2024-10-01T16:07:52","guid":{"rendered":"https:\/\/www.phivutabletennis.com\/?post_type=product&#038;p=5120"},"modified":"2024-10-05T21:33:55","modified_gmt":"2024-10-05T14:33:55","slug":"ao-b-elistar11-t-shirt-black","status":"publish","type":"product","link":"https:\/\/www.phivutabletennis.com\/index.php\/product\/ao-b-elistar11-t-shirt-black\/","title":{"rendered":"\u00c1O BUTTERFLY ELISTAR11 T SHIRT BLACK"},"content":{"rendered":"<p><strong>THI\u1ebeT K\u1ebe L\u1ea4Y \u00dd T\u01af\u1edeNG PH\u1ed0I M\u00c0U T\u1eea \u00c1O\u00a0ELISTAR11 SHIRT<\/strong><\/p>\n<p>Elister11 T-shirt \u2013 M\u00e0u s\u1eafc th\u00edch h\u1ee3p cho c\u1ea3 nam v\u00e0 n\u1eef.<br \/>\nH\u00e0ng ch\u00ednh h\u00e3ng s\u1ea3n xu\u1ea5t t\u1ea1i Nh\u1eadt gi\u00e1 c\u1ea1nh tranh.<\/p>\n<p>Thi\u1ebft k\u1ebf c\u1ed5 tr\u00f2n \u0111\u01a1n gi\u1ea3n v\u1edbi line tay \u00e1o v\u00e0 logo th\u01b0\u01a1ng hi\u1ec7u c\u00f9ng m\u00e0u l\u00e0m \u0111i\u1ec3m nh\u1ea5n c\u00f9ng ch\u1ea5t li\u1ec7u v\u1ea3i 100% polyester h\u00fat tho\u00e1t m\u1ed3 h\u00f4i t\u1ed1t, kh\u1ea3 n\u0103ng co d\u00e3n v\u01b0\u1ee3t b\u1eadc gi\u00fap b\u1ea1n lu\u00f4n th\u00f4ng tho\u00e1ng v\u00e0 tho\u1ea3i m\u00e1i.<\/p>\n<p>S\u1ea3n ph\u1ea9m nh\u1eadp kh\u1ea9u ch\u00ednh h\u00e3ng, c\u00f3 ch\u1ee9ng nh\u1eadn h\u1ee3p chu\u1ea9n, h\u1ee3p quy v\u1ec1 \u0111o l\u01b0\u1eddng ch\u1ea5t l\u01b0\u1ee3ng may m\u1eb7c, \u0111\u01b0\u1ee3c th\u1ec3 hi\u1ec7n b\u1eb1ng tem CR tr\u00ean m\u1ed7i s\u1ea3n ph\u1ea9m v\u00e0 c\u00f4ng b\u1ed1 t\u1ea1i S\u1edf C\u00f4ng Th\u01b0\u01a1ng TP.HCM.<\/p>\n<p><strong>H\u00c0NG CH\u00cdNH H\u00c3NG BUTTERFLY S\u1ea2N XU\u1ea4T T\u1ea0I NH\u1eacT B\u1ea2N &#8211; MADE IN JAPAN<\/strong><\/p>\n","protected":false},"excerpt":{"rendered":"<p>THI\u1ebeT K\u1ebe L\u1ea4Y \u00dd T\u01af\u1edeNG PH\u1ed0I M\u00c0U T\u1eea \u00c1O\u00a0ELISTAR11 SHIRT Elister11 T-shirt \u2013 M\u00e0u s\u1eafc th\u00edch h\u1ee3p cho c\u1ea3 nam v\u00e0 n\u1eef. H\u00e0ng ch\u00ednh h\u00e3ng s\u1ea3n xu\u1ea5t t\u1ea1i Nh\u1eadt gi\u00e1 c\u1ea1nh tranh. Thi\u1ebft k\u1ebf c\u1ed5 tr\u00f2n \u0111\u01a1n gi\u1ea3n v\u1edbi line tay \u00e1o v\u00e0 logo th\u01b0\u01a1ng hi\u1ec7u c\u00f9ng m\u00e0u l\u00e0m \u0111i\u1ec3m nh\u1ea5n c\u00f9ng ch\u1ea5t li\u1ec7u v\u1ea3i [&hellip;]<\/p>\n","protected":false},"featured_media":5106,"comment_status":"open","ping_status":"closed","template":"","meta":{"_eb_attr":""},"product_cat":[193,34],"product_tag":[],"class_list":["post-5120","product","type-product","status-publish","has-post-thumbnail","hentry","product_cat-butterfly","product_cat-quan-ao"],"_links":{"self":[{"href":"https:\/\/www.phivutabletennis.com\/index.php\/wp-json\/wp\/v2\/product\/5120","targetHints":{"allow":["GET"]}}],"collection":[{"href":"https:\/\/www.phivutabletennis.com\/index.php\/wp-json\/wp\/v2\/product"}],"about":[{"href":"https:\/\/www.phivutabletennis.com\/index.php\/wp-json\/wp\/v2\/types\/product"}],"replies":[{"embeddable":true,"href":"https:\/\/www.phivutabletennis.com\/index.php\/wp-json\/wp\/v2\/comments?post=5120"}],"wp:featuredmedia":[{"embeddable":true,"href":"https:\/\/www.phivutabletennis.com\/index.php\/wp-json\/wp\/v2\/media\/5106"}],"wp:attachment":[{"href":"https:\/\/www.phivutabletennis.com\/index.php\/wp-json\/wp\/v2\/media?parent=5120"}],"wp:term":[{"taxonomy":"product_cat","embeddable":true,"href":"https:\/\/www.phivutabletennis.com\/index.php\/wp-json\/wp\/v2\/product_cat?post=5120"},{"taxonomy":"product_tag","embeddable":true,"href":"https:\/\/www.phivutabletennis.com\/index.php\/wp-json\/wp\/v2\/product_tag?post=5120"}],"curies":[{"name":"wp","href":"https:\/\/api.w.org\/{rel}","templated":true}]}}