{"id":5123,"date":"2024-10-01T23:10:29","date_gmt":"2024-10-01T16:10:29","guid":{"rendered":"https:\/\/www.phivutabletennis.com\/?post_type=product&#038;p=5123"},"modified":"2024-10-05T21:33:28","modified_gmt":"2024-10-05T14:33:28","slug":"ao-b-eneel-t-shirt-black-blue","status":"publish","type":"product","link":"https:\/\/www.phivutabletennis.com\/index.php\/product\/ao-b-eneel-t-shirt-black-blue\/","title":{"rendered":"\u00c1O BUTTERFLY ENEEL T SHIRT BLACK\/BLUE"},"content":{"rendered":"<p><strong>THO\u1ea2I\u00a0M\u00c1I-T\u1ef0 TIN \u0110I\u1ec0U TUY\u1ec6T V\u1edcI ENEEL T-SHIRT MANG L\u1ea0I<\/strong><\/p>\n<p>H\u00e0ng ch\u00ednh h\u00e3ng s\u1ea3n xu\u1ea5t t\u1ea1i Nh\u1eadt gi\u00e1 c\u1ea1nh tranh.<br \/>\nC\u00f4ng ngh\u1ec7 ti\u1ebfn ti\u1ebfn \u0111\u1eb7c t\u00ednh h\u00fat tho\u00e1t m\u1ed3 h\u00f4i nhanh v\u01b0\u1ee3t tr\u1ed9i, ch\u1ea5t li\u1ec7u v\u1ea3i t\u1ed1t v\u00e0 m\u1ec1m m\u1ea1i khi ti\u1ebfp x\u00fac v\u1edbi da.<\/p>\n<p>S\u1ea3n ph\u1ea9m nh\u1eadp kh\u1ea9u ch\u00ednh h\u00e3ng, c\u00f3 ch\u1ee9ng nh\u1eadn h\u1ee3p chu\u1ea9n, h\u1ee3p quy v\u1ec1 \u0111o l\u01b0\u1eddng ch\u1ea5t l\u01b0\u1ee3ng may m\u1eb7c, \u0111\u01b0\u1ee3c th\u1ec3 hi\u1ec7n b\u1eb1ng tem CR tr\u00ean m\u1ed7i s\u1ea3n ph\u1ea9m v\u00e0 c\u00f4ng b\u1ed1 t\u1ea1i S\u1edf C\u00f4ng Th\u01b0\u01a1ng TP.HCM.<\/p>\n<p><strong>H\u00c0NG CH\u00cdNH H\u00c3NG BUTTERFLY S\u1ea2N XU\u1ea4T T\u1ea0I NH\u1eacT B\u1ea2N<\/strong><strong>&#8211; MADE IN JAPAN<\/strong><\/p>\n","protected":false},"excerpt":{"rendered":"<p>THO\u1ea2I\u00a0M\u00c1I-T\u1ef0 TIN \u0110I\u1ec0U TUY\u1ec6T V\u1edcI ENEEL T-SHIRT MANG L\u1ea0I H\u00e0ng ch\u00ednh h\u00e3ng s\u1ea3n xu\u1ea5t t\u1ea1i Nh\u1eadt gi\u00e1 c\u1ea1nh tranh. C\u00f4ng ngh\u1ec7 ti\u1ebfn ti\u1ebfn \u0111\u1eb7c t\u00ednh h\u00fat tho\u00e1t m\u1ed3 h\u00f4i nhanh v\u01b0\u1ee3t tr\u1ed9i, ch\u1ea5t li\u1ec7u v\u1ea3i t\u1ed1t v\u00e0 m\u1ec1m m\u1ea1i khi ti\u1ebfp x\u00fac v\u1edbi da. S\u1ea3n ph\u1ea9m nh\u1eadp kh\u1ea9u ch\u00ednh h\u00e3ng, c\u00f3 ch\u1ee9ng nh\u1eadn h\u1ee3p chu\u1ea9n, [&hellip;]<\/p>\n","protected":false},"featured_media":5112,"comment_status":"open","ping_status":"closed","template":"","meta":{"_eb_attr":""},"product_cat":[193,34],"product_tag":[],"class_list":["post-5123","product","type-product","status-publish","has-post-thumbnail","hentry","product_cat-butterfly","product_cat-quan-ao"],"_links":{"self":[{"href":"https:\/\/www.phivutabletennis.com\/index.php\/wp-json\/wp\/v2\/product\/5123","targetHints":{"allow":["GET"]}}],"collection":[{"href":"https:\/\/www.phivutabletennis.com\/index.php\/wp-json\/wp\/v2\/product"}],"about":[{"href":"https:\/\/www.phivutabletennis.com\/index.php\/wp-json\/wp\/v2\/types\/product"}],"replies":[{"embeddable":true,"href":"https:\/\/www.phivutabletennis.com\/index.php\/wp-json\/wp\/v2\/comments?post=5123"}],"wp:featuredmedia":[{"embeddable":true,"href":"https:\/\/www.phivutabletennis.com\/index.php\/wp-json\/wp\/v2\/media\/5112"}],"wp:attachment":[{"href":"https:\/\/www.phivutabletennis.com\/index.php\/wp-json\/wp\/v2\/media?parent=5123"}],"wp:term":[{"taxonomy":"product_cat","embeddable":true,"href":"https:\/\/www.phivutabletennis.com\/index.php\/wp-json\/wp\/v2\/product_cat?post=5123"},{"taxonomy":"product_tag","embeddable":true,"href":"https:\/\/www.phivutabletennis.com\/index.php\/wp-json\/wp\/v2\/product_tag?post=5123"}],"curies":[{"name":"wp","href":"https:\/\/api.w.org\/{rel}","templated":true}]}}