{"id":5128,"date":"2024-10-01T23:14:54","date_gmt":"2024-10-01T16:14:54","guid":{"rendered":"https:\/\/www.phivutabletennis.com\/?post_type=product&#038;p=5128"},"modified":"2024-10-05T21:32:25","modified_gmt":"2024-10-05T14:32:25","slug":"ao-b-maltil-t-shirt-navy-pink","status":"publish","type":"product","link":"https:\/\/www.phivutabletennis.com\/index.php\/product\/ao-b-maltil-t-shirt-navy-pink\/","title":{"rendered":"\u00c1O BUTTERFLY MALTIL T SHIRT NAVY\/PINK"},"content":{"rendered":"<p><strong>THI\u1ebeT K\u1ebe \u0110\u01af\u1ee2C TUY\u1ec2N CH\u1eccN T\u00c0I TR\u1ee2 CHO C\u00c1C V\u1eacN \u0110\u1ed8NG VI\u00caN \u0110\u1ea0I GIA \u0110\u00ccNH BUTTERFLY.<\/strong><\/p>\n<p><strong>\u00c1O MALTIL T-SHIRT \u2013 THI\u1ebeT \u0110\u01a0N GI\u1ea2N TI\u1ec6N D\u1ee4NG<br \/>\n\u00c1O T\u1eacP LUY\u1ec6N TH\u1ec2 THAO TH\u1ea4M H\u00daT M\u1ed2 H\u00d4I LINH HO\u1ea0T CHUY\u1ec2N \u0110\u1ed4I GI\u1eeeA TRANG PH\u1ee4C TH\u1ec2 THAO V\u00c0 TRUNG PH\u1ee4C TH\u01af\u1edcNG NG\u00c0Y<\/strong><\/p>\n<p>C\u01a1 h\u1ed9i s\u1edf h\u1eefu \u00e1o ch\u00ednh h\u00e3ng MALTIL T-SHIRT\u00a0 th\u01b0\u01a1ng hi\u1ec7u Butterfly, gi\u00e1 canh tr\u1ea1nh<\/p>\n<p>Chi\u1ebfc \u00e1o t\u1eadp thi\u1ebft k\u1ebf \u0111\u01a1n gi\u1ea3n, tho\u1ea3i m\u00e1i khi t\u1eadp luy\u1ec7n v\u00e0 c\u0169ng c\u00f3 th\u1ec3 s\u1eed d\u1ee5ng nh\u01b0 m\u1ed9t chi\u1ebfc \u00e1o b\u00ecnh th\u01b0\u1eddng khi ra ngo\u00e0i.<\/p>\n<p>Ch\u1ea5t li\u1ec7u 100% polyester\/B-DRY* gi\u00fap \u00e1o h\u00fat n\u01b0\u1edbc t\u1ed1t v\u00e0 kh\u00f4 nhanh, mang l\u1ea1i c\u1ea3m gi\u00e1c tho\u1ea3i m\u00e1i cho ng\u01b0\u1eddi m\u1eb7c.<\/p>\n<p>S\u1ea3n ph\u1ea9m nh\u1eadp kh\u1ea9u ch\u00ednh h\u00e3ng, c\u00f3 ch\u1ee9ng nh\u1eadn h\u1ee3p chu\u1ea9n, h\u1ee3p quy v\u1ec1 \u0111o l\u01b0\u1eddng ch\u1ea5t l\u01b0\u1ee3ng may m\u1eb7c, \u0111\u01b0\u1ee3c th\u1ec3 hi\u1ec7n b\u1eb1ng tem CR tr\u00ean m\u1ed7i s\u1ea3n ph\u1ea9m v\u00e0 c\u00f4ng b\u1ed1 t\u1ea1i S\u1edf C\u00f4ng Th\u01b0\u01a1ng TP.HCM.<\/p>\n<p><strong>H\u00c0NG CH\u00cdNH H\u00c3NG BUTTERFLY S\u1ea2N XU\u1ea4T T\u1ea0I TRUNG QU\u1ed0C\u00a0<\/strong><\/p>\n","protected":false},"excerpt":{"rendered":"<p>THI\u1ebeT K\u1ebe \u0110\u01af\u1ee2C TUY\u1ec2N CH\u1eccN T\u00c0I TR\u1ee2 CHO C\u00c1C V\u1eacN \u0110\u1ed8NG VI\u00caN \u0110\u1ea0I GIA \u0110\u00ccNH BUTTERFLY. \u00c1O MALTIL T-SHIRT \u2013 THI\u1ebeT \u0110\u01a0N GI\u1ea2N TI\u1ec6N D\u1ee4NG \u00c1O T\u1eacP LUY\u1ec6N TH\u1ec2 THAO TH\u1ea4M H\u00daT M\u1ed2 H\u00d4I LINH HO\u1ea0T CHUY\u1ec2N \u0110\u1ed4I GI\u1eeeA TRANG PH\u1ee4C TH\u1ec2 THAO V\u00c0 TRUNG PH\u1ee4C TH\u01af\u1edcNG NG\u00c0Y C\u01a1 h\u1ed9i s\u1edf h\u1eefu \u00e1o ch\u00ednh h\u00e3ng [&hellip;]<\/p>\n","protected":false},"featured_media":5107,"comment_status":"open","ping_status":"closed","template":"","meta":{"_eb_attr":""},"product_cat":[193,34],"product_tag":[],"class_list":["post-5128","product","type-product","status-publish","has-post-thumbnail","hentry","product_cat-butterfly","product_cat-quan-ao"],"_links":{"self":[{"href":"https:\/\/www.phivutabletennis.com\/index.php\/wp-json\/wp\/v2\/product\/5128","targetHints":{"allow":["GET"]}}],"collection":[{"href":"https:\/\/www.phivutabletennis.com\/index.php\/wp-json\/wp\/v2\/product"}],"about":[{"href":"https:\/\/www.phivutabletennis.com\/index.php\/wp-json\/wp\/v2\/types\/product"}],"replies":[{"embeddable":true,"href":"https:\/\/www.phivutabletennis.com\/index.php\/wp-json\/wp\/v2\/comments?post=5128"}],"wp:featuredmedia":[{"embeddable":true,"href":"https:\/\/www.phivutabletennis.com\/index.php\/wp-json\/wp\/v2\/media\/5107"}],"wp:attachment":[{"href":"https:\/\/www.phivutabletennis.com\/index.php\/wp-json\/wp\/v2\/media?parent=5128"}],"wp:term":[{"taxonomy":"product_cat","embeddable":true,"href":"https:\/\/www.phivutabletennis.com\/index.php\/wp-json\/wp\/v2\/product_cat?post=5128"},{"taxonomy":"product_tag","embeddable":true,"href":"https:\/\/www.phivutabletennis.com\/index.php\/wp-json\/wp\/v2\/product_tag?post=5128"}],"curies":[{"name":"wp","href":"https:\/\/api.w.org\/{rel}","templated":true}]}}