{"id":5144,"date":"2024-10-01T23:21:59","date_gmt":"2024-10-01T16:21:59","guid":{"rendered":"https:\/\/www.phivutabletennis.com\/?post_type=product&#038;p=5144"},"modified":"2024-10-05T21:32:15","modified_gmt":"2024-10-05T14:32:15","slug":"ao-b-minalea-shirt-ladies-blue","status":"publish","type":"product","link":"https:\/\/www.phivutabletennis.com\/index.php\/product\/ao-b-minalea-shirt-ladies-blue\/","title":{"rendered":"\u00c1O B MINALEA SHIRT LADIES BLUE"},"content":{"rendered":"<p><strong>MINALEA S\u1ef0 H\u00c0I H\u00d2A C\u1ee6A H\u1eccA TI\u1ebeT \u0110A M\u00c0U &#8211;\u00a0<\/strong><strong>FORM N\u1eee\u00a0<\/strong><br \/>\n<strong>\u00c1o MINALEA\u00a0<\/strong>&#8211; s\u1ef1 k\u1ebft h\u1ee3p ho\u00e0n h\u1ea3o gi\u1eefa phong c\u00e1ch v\u00e0 hi\u1ec7u su\u1ea5t!<\/p>\n<p>C\u00e1c hoa v\u0103n h\u00ecnh vu\u00f4ng chuy\u1ec3n nhi\u1ec1u m\u00e0u s\u1eafc kh\u00e1c nhau \u0111\u01b0\u1ee3c k\u1ebft h\u1ee3p m\u1ed9t c\u00e1ch h\u00e0i ho\u00e0 t\u00f4n l\u00ean v\u1ebb \u0111\u1eb9p tinh t\u1ebf.<br \/>\nTh\u00e2n c\u1ed5 ph\u00eda sau c\u0169ng \u0111\u01b0\u1ee3c x\u1ebb V gi\u00fap ph\u1ea7n c\u1ed5 v\u00e0 vai tr\u1edf n\u00ean c\u00e2n \u0111\u1ed1i h\u01a1n.<br \/>\n\u00c1o MINALEA s\u1ea3n xu\u1ea5t t\u1ea1i Nh\u1eadt, \u0111\u01b0\u1ee3c trao chu\u1ed1t trong t\u1eebng \u00fd t\u01b0\u1edfng thi\u1ebft k\u1ebf, m\u00e0u s\u1eafc \u1ea5n t\u01b0\u1ee3ng ch\u1eafc ch\u1eafn gi\u00fap b\u1ea1n n\u1ed5i b\u1eadt tr\u00ean s\u00e2n.<br \/>\n\u0110\u1eb7c bi\u1ec7t, ch\u1ea5t li\u1ec7u 100% polyester h\u00fat tho\u00e1t m\u1ed3 h\u00f4i t\u1ed1t v\u00e0 kh\u00f4 nhanh, co d\u00e3n \u0111a chi\u1ec1u, mang l\u1ea1i c\u1ea3m gi\u00e1c tho\u1ea3i m\u00e1i v\u00e0 linh ho\u1ea1t khi m\u1eb7c.<\/p>\n<p>\u0110\u1eebng b\u1ecf l\u1ee1 c\u01a1 h\u1ed9i s\u1edf h\u1eefu, \u0111\u1eb7t h\u00e0ng ngay h\u00f4m nay v\u00e0 tr\u1ea3i nghi\u1ec7m s\u1ef1 kh\u00e1c bi\u1ec7t!<\/p>\n<p><strong>H\u00c0NG CH\u00cdNH H\u00c3NG BUTTERFLY S\u1ea2N XU\u1ea4T T\u1ea0I NH\u00c0 M\u00c1Y NH\u1eacT B\u1ea2N<\/strong><\/p>\n","protected":false},"excerpt":{"rendered":"<p>MINALEA S\u1ef0 H\u00c0I H\u00d2A C\u1ee6A H\u1eccA TI\u1ebeT \u0110A M\u00c0U &#8211;\u00a0FORM N\u1eee\u00a0 \u00c1o MINALEA\u00a0&#8211; s\u1ef1 k\u1ebft h\u1ee3p ho\u00e0n h\u1ea3o gi\u1eefa phong c\u00e1ch v\u00e0 hi\u1ec7u su\u1ea5t! C\u00e1c hoa v\u0103n h\u00ecnh vu\u00f4ng chuy\u1ec3n nhi\u1ec1u m\u00e0u s\u1eafc kh\u00e1c nhau \u0111\u01b0\u1ee3c k\u1ebft h\u1ee3p m\u1ed9t c\u00e1ch h\u00e0i ho\u00e0 t\u00f4n l\u00ean v\u1ebb \u0111\u1eb9p tinh t\u1ebf. Th\u00e2n c\u1ed5 ph\u00eda sau c\u0169ng \u0111\u01b0\u1ee3c x\u1ebb [&hellip;]<\/p>\n","protected":false},"featured_media":5130,"comment_status":"open","ping_status":"closed","template":"","meta":{"_eb_attr":""},"product_cat":[193,34],"product_tag":[],"class_list":["post-5144","product","type-product","status-publish","has-post-thumbnail","hentry","product_cat-butterfly","product_cat-quan-ao"],"_links":{"self":[{"href":"https:\/\/www.phivutabletennis.com\/index.php\/wp-json\/wp\/v2\/product\/5144","targetHints":{"allow":["GET"]}}],"collection":[{"href":"https:\/\/www.phivutabletennis.com\/index.php\/wp-json\/wp\/v2\/product"}],"about":[{"href":"https:\/\/www.phivutabletennis.com\/index.php\/wp-json\/wp\/v2\/types\/product"}],"replies":[{"embeddable":true,"href":"https:\/\/www.phivutabletennis.com\/index.php\/wp-json\/wp\/v2\/comments?post=5144"}],"wp:featuredmedia":[{"embeddable":true,"href":"https:\/\/www.phivutabletennis.com\/index.php\/wp-json\/wp\/v2\/media\/5130"}],"wp:attachment":[{"href":"https:\/\/www.phivutabletennis.com\/index.php\/wp-json\/wp\/v2\/media?parent=5144"}],"wp:term":[{"taxonomy":"product_cat","embeddable":true,"href":"https:\/\/www.phivutabletennis.com\/index.php\/wp-json\/wp\/v2\/product_cat?post=5144"},{"taxonomy":"product_tag","embeddable":true,"href":"https:\/\/www.phivutabletennis.com\/index.php\/wp-json\/wp\/v2\/product_tag?post=5144"}],"curies":[{"name":"wp","href":"https:\/\/api.w.org\/{rel}","templated":true}]}}