{"id":5149,"date":"2024-10-01T23:28:48","date_gmt":"2024-10-01T16:28:48","guid":{"rendered":"https:\/\/www.phivutabletennis.com\/?post_type=product&#038;p=5149"},"modified":"2024-10-05T21:31:22","modified_gmt":"2024-10-05T14:31:22","slug":"ao-b-pelsedo-shirt-navy","status":"publish","type":"product","link":"https:\/\/www.phivutabletennis.com\/index.php\/product\/ao-b-pelsedo-shirt-navy\/","title":{"rendered":"\u00c1O B PELSEDO SHIRT NAVY"},"content":{"rendered":"<p><strong>THI\u1ebeT K\u1ebe \u0110\u01af\u1ee2C TUY\u1ec2N CH\u1eccN T\u00c0I TR\u1ee2 CHO C\u00c1C V\u1eacN \u0110\u1ed8NG VI\u00caN \u0110\u1ea0I GIA \u0110\u00ccNH BUTTERFLY.<\/strong><\/p>\n<p><strong>\u00c1O PELSEDO \u2013 Team phong c\u00e1ch<\/strong><\/p>\n<p>B\u1ea1n \u0111ang t\u00ecm ki\u1ebfm chi\u1ebfc \u00e1o ch\u1ea5t l\u01b0\u1ee3ng ch\u00ednh h\u00e3ng, \u0111a d\u1ea1ng v\u1ec1 m\u00e0u s\u1eafc.<br \/>\n\u0110\u1eebng b\u1ecf l\u1ee1 c\u01a1 h\u1ed9i s\u1edf h\u1eefu \u00e1o PELSEDO t\u1eeb th\u01b0\u01a1ng hi\u1ec7u Butterfly<br \/>\nCh\u1ea5t li\u1ec7u 100% polyester\/B-DRY* h\u00fat tho\u00e1t m\u1ed3 t\u1ed1t v\u00e0 kh\u00f4 nhanh, mang l\u1ea1i c\u1ea3m gi\u00e1c tho\u1ea3i m\u00e1i khi m\u1eb7c.<\/p>\n<p>S\u1ea3n ph\u1ea9m nh\u1eadp kh\u1ea9u ch\u00ednh h\u00e3ng, c\u00f3 ch\u1ee9ng nh\u1eadn h\u1ee3p chu\u1ea9n, h\u1ee3p quy v\u1ec1 \u0111o l\u01b0\u1eddng ch\u1ea5t l\u01b0\u1ee3ng may m\u1eb7c, \u0111\u01b0\u1ee3c th\u1ec3 hi\u1ec7n b\u1eb1ng tem CR tr\u00ean m\u1ed7i s\u1ea3n ph\u1ea9m v\u00e0 c\u00f4ng b\u1ed1 t\u1ea1i S\u1edf C\u00f4ng Th\u01b0\u01a1ng TP.HCM.<\/p>\n<p><strong>H\u00c0NG CH\u00cdNH H\u00c3NG BUTTERFLY S\u1ea2N XU\u1ea4T T\u1ea0I\u00a0<\/strong><strong>TRUNG QU\u1ed0C &#8211; MADE IN CHINA<\/strong><\/p>\n","protected":false},"excerpt":{"rendered":"<p>THI\u1ebeT K\u1ebe \u0110\u01af\u1ee2C TUY\u1ec2N CH\u1eccN T\u00c0I TR\u1ee2 CHO C\u00c1C V\u1eacN \u0110\u1ed8NG VI\u00caN \u0110\u1ea0I GIA \u0110\u00ccNH BUTTERFLY. \u00c1O PELSEDO \u2013 Team phong c\u00e1ch B\u1ea1n \u0111ang t\u00ecm ki\u1ebfm chi\u1ebfc \u00e1o ch\u1ea5t l\u01b0\u1ee3ng ch\u00ednh h\u00e3ng, \u0111a d\u1ea1ng v\u1ec1 m\u00e0u s\u1eafc. \u0110\u1eebng b\u1ecf l\u1ee1 c\u01a1 h\u1ed9i s\u1edf h\u1eefu \u00e1o PELSEDO t\u1eeb th\u01b0\u01a1ng hi\u1ec7u Butterfly Ch\u1ea5t li\u1ec7u 100% polyester\/B-DRY* h\u00fat [&hellip;]<\/p>\n","protected":false},"featured_media":5133,"comment_status":"open","ping_status":"closed","template":"","meta":{"_eb_attr":""},"product_cat":[193,34],"product_tag":[],"class_list":["post-5149","product","type-product","status-publish","has-post-thumbnail","hentry","product_cat-butterfly","product_cat-quan-ao"],"_links":{"self":[{"href":"https:\/\/www.phivutabletennis.com\/index.php\/wp-json\/wp\/v2\/product\/5149","targetHints":{"allow":["GET"]}}],"collection":[{"href":"https:\/\/www.phivutabletennis.com\/index.php\/wp-json\/wp\/v2\/product"}],"about":[{"href":"https:\/\/www.phivutabletennis.com\/index.php\/wp-json\/wp\/v2\/types\/product"}],"replies":[{"embeddable":true,"href":"https:\/\/www.phivutabletennis.com\/index.php\/wp-json\/wp\/v2\/comments?post=5149"}],"wp:featuredmedia":[{"embeddable":true,"href":"https:\/\/www.phivutabletennis.com\/index.php\/wp-json\/wp\/v2\/media\/5133"}],"wp:attachment":[{"href":"https:\/\/www.phivutabletennis.com\/index.php\/wp-json\/wp\/v2\/media?parent=5149"}],"wp:term":[{"taxonomy":"product_cat","embeddable":true,"href":"https:\/\/www.phivutabletennis.com\/index.php\/wp-json\/wp\/v2\/product_cat?post=5149"},{"taxonomy":"product_tag","embeddable":true,"href":"https:\/\/www.phivutabletennis.com\/index.php\/wp-json\/wp\/v2\/product_tag?post=5149"}],"curies":[{"name":"wp","href":"https:\/\/api.w.org\/{rel}","templated":true}]}}