{"id":5152,"date":"2024-10-01T23:31:25","date_gmt":"2024-10-01T16:31:25","guid":{"rendered":"https:\/\/www.phivutabletennis.com\/?post_type=product&#038;p=5152"},"modified":"2024-10-05T21:30:48","modified_gmt":"2024-10-05T14:30:48","slug":"ao-b-reseine-shirt-navy","status":"publish","type":"product","link":"https:\/\/www.phivutabletennis.com\/index.php\/product\/ao-b-reseine-shirt-navy\/","title":{"rendered":"\u00c1O B RESEINE SHIRT NAVY"},"content":{"rendered":"<p><strong>\u00c1O RESEINE \u2013 S\u1eafc m\u00e0u t\u01b0\u01a1i tr\u1ebb, gi\u00e1 t\u1ed1t. Ch\u1ecdn l\u1ef1a ho\u00e0n h\u1ea3o cho Team c\u1ee7a b\u1ea1n!\u00a0<\/strong><\/p>\n<p>Ch\u1ea5t li\u1ec7u 100% polyester\/B-DRY* h\u00fat tho\u00e1t m\u1ed3 t\u1ed1t v\u00e0 kh\u00f4 nhanh, mang l\u1ea1i c\u1ea3m gi\u00e1c tho\u1ea3i m\u00e1i khi m\u1eb7c.<\/p>\n<p>* C\u00f4ng ngh\u1ec7 B\u2019Dry \u0111\u01b0\u1ee3c k\u1ebft h\u1ee3p nh\u1eb1m t\u1ed1i \u0111a h\u00f3a hi\u1ec7u su\u1ea5t th\u1ea5m h\u00fat m\u1ed3 h\u00f4i c\u1ee7a v\u1ea3i, m\u1ed3 h\u00f4i \u0111\u01b0\u1ee3c th\u1ea5m t\u1eeb b\u00ean trong, lan ra di\u1ec7n r\u1ed9ng v\u00e0 tho\u00e1t ra ngo\u00e0i nhanh ch\u00f3ng mang l\u1ea1i c\u1ea3m gi\u00e1c v\u1eeba v\u1eb7n tho\u1ea3i m\u00e1i. V\u1edbi kh\u1ea3 n\u0103ng h\u00fat tho\u00e1t n\u01b0\u1edbc tuy\u1ec7t v\u1eddi n\u00e0y, c\u01a1 th\u1ec3 lu\u00f4n gi\u1eef \u0111\u01b0\u1ee3c tr\u1ea1ng th\u00e1i th\u00f4ng tho\u00e1ng khi v\u1eadn \u0111\u1ed9ng<\/p>\n<p>S\u1ea3n ph\u1ea9m nh\u1eadp kh\u1ea9u ch\u00ednh h\u00e3ng, c\u00f3 ch\u1ee9ng nh\u1eadn h\u1ee3p chu\u1ea9n, h\u1ee3p quy v\u1ec1 \u0111o l\u01b0\u1eddng ch\u1ea5t l\u01b0\u1ee3ng may m\u1eb7c, \u0111\u01b0\u1ee3c th\u1ec3 hi\u1ec7n b\u1eb1ng tem CR tr\u00ean m\u1ed7i s\u1ea3n ph\u1ea9m v\u00e0 c\u00f4ng b\u1ed1 t\u1ea1i S\u1edf C\u00f4ng Th\u01b0\u01a1ng TP.HCM.<\/p>\n<p><strong>H\u00c0NG CH\u00cdNH H\u00c3NG BUTTERFLY S\u1ea2N XU\u1ea4T\u00a0<\/strong><strong>TRUNG QU\u1ed0C &#8211; MADE IN CHINA<\/strong><\/p>\n","protected":false},"excerpt":{"rendered":"<p>\u00c1O RESEINE \u2013 S\u1eafc m\u00e0u t\u01b0\u01a1i tr\u1ebb, gi\u00e1 t\u1ed1t. Ch\u1ecdn l\u1ef1a ho\u00e0n h\u1ea3o cho Team c\u1ee7a b\u1ea1n!\u00a0 Ch\u1ea5t li\u1ec7u 100% polyester\/B-DRY* h\u00fat tho\u00e1t m\u1ed3 t\u1ed1t v\u00e0 kh\u00f4 nhanh, mang l\u1ea1i c\u1ea3m gi\u00e1c tho\u1ea3i m\u00e1i khi m\u1eb7c. * C\u00f4ng ngh\u1ec7 B\u2019Dry \u0111\u01b0\u1ee3c k\u1ebft h\u1ee3p nh\u1eb1m t\u1ed1i \u0111a h\u00f3a hi\u1ec7u su\u1ea5t th\u1ea5m h\u00fat m\u1ed3 h\u00f4i c\u1ee7a v\u1ea3i, [&hellip;]<\/p>\n","protected":false},"featured_media":5143,"comment_status":"open","ping_status":"closed","template":"","meta":{"_eb_attr":""},"product_cat":[193,34],"product_tag":[],"class_list":["post-5152","product","type-product","status-publish","has-post-thumbnail","hentry","product_cat-butterfly","product_cat-quan-ao"],"_links":{"self":[{"href":"https:\/\/www.phivutabletennis.com\/index.php\/wp-json\/wp\/v2\/product\/5152","targetHints":{"allow":["GET"]}}],"collection":[{"href":"https:\/\/www.phivutabletennis.com\/index.php\/wp-json\/wp\/v2\/product"}],"about":[{"href":"https:\/\/www.phivutabletennis.com\/index.php\/wp-json\/wp\/v2\/types\/product"}],"replies":[{"embeddable":true,"href":"https:\/\/www.phivutabletennis.com\/index.php\/wp-json\/wp\/v2\/comments?post=5152"}],"wp:featuredmedia":[{"embeddable":true,"href":"https:\/\/www.phivutabletennis.com\/index.php\/wp-json\/wp\/v2\/media\/5143"}],"wp:attachment":[{"href":"https:\/\/www.phivutabletennis.com\/index.php\/wp-json\/wp\/v2\/media?parent=5152"}],"wp:term":[{"taxonomy":"product_cat","embeddable":true,"href":"https:\/\/www.phivutabletennis.com\/index.php\/wp-json\/wp\/v2\/product_cat?post=5152"},{"taxonomy":"product_tag","embeddable":true,"href":"https:\/\/www.phivutabletennis.com\/index.php\/wp-json\/wp\/v2\/product_tag?post=5152"}],"curies":[{"name":"wp","href":"https:\/\/api.w.org\/{rel}","templated":true}]}}