{"id":5154,"date":"2024-10-01T23:33:04","date_gmt":"2024-10-01T16:33:04","guid":{"rendered":"https:\/\/www.phivutabletennis.com\/?post_type=product&#038;p=5154"},"modified":"2024-10-05T21:30:27","modified_gmt":"2024-10-05T14:30:27","slug":"ao-b-selasia-ladies-purple-yellow","status":"publish","type":"product","link":"https:\/\/www.phivutabletennis.com\/index.php\/product\/ao-b-selasia-ladies-purple-yellow\/","title":{"rendered":"\u00c1O B SELASIA LADIES PURPLE\/YELLOW"},"content":{"rendered":"<p><strong>S\u1eb4N S\u00c0NG CHO M\u1eccI TH\u00c1CH TH\u1ee8C &#8211;\u00a0\u00c1o SELASIA form n\u1eef<\/strong><\/p>\n<p>M\u00e0u\u00a0s\u1eafc\u00a0t\u01b0\u01a1i tr\u1ebb kh\u00f4ng ch\u1ec9 l\u00e0m b\u1ea1n n\u1ed5i b\u1eadt tr\u00ean s\u00e2n b\u00f3ng m\u00e0 c\u00f2n gi\u00fap b\u1ea1n t\u1ef1 tin th\u1ec3 hi\u1ec7n phong c\u00e1ch.<\/p>\n<p>Form n\u1eef c\u00f9ng ch\u1ea5t li\u1ec7u v\u1ea3i 100% polyester v\u1edbi kh\u1ea3 n\u0103ng h\u00fat tho\u00e1t m\u1ed3 h\u00f4i t\u1ed1t v\u00e0 kh\u00f4 nhanh.<\/p>\n<p>S\u1ea3n ph\u1ea9m nh\u1eadp kh\u1ea9u ch\u00ednh h\u00e3ng, c\u00f3 ch\u1ee9ng nh\u1eadn h\u1ee3p chu\u1ea9n, h\u1ee3p quy v\u1ec1 \u0111o l\u01b0\u1eddng ch\u1ea5t l\u01b0\u1ee3ng may m\u1eb7c, \u0111\u01b0\u1ee3c th\u1ec3 hi\u1ec7n b\u1eb1ng tem CR tr\u00ean m\u1ed7i s\u1ea3n ph\u1ea9m v\u00e0 c\u00f4ng b\u1ed1 t\u1ea1i S\u1edf C\u00f4ng Th\u01b0\u01a1ng TP.HCM.<\/p>\n<p><strong>H\u00c0NG CH\u00cdNH H\u00c3NG BUTTERFLY S\u1ea2N XU\u1ea4T T\u1ea0I NH\u1eacT B\u1ea2N &#8211; MADE IN JAPAN<\/strong><\/p>\n","protected":false},"excerpt":{"rendered":"<p>S\u1eb4N S\u00c0NG CHO M\u1eccI TH\u00c1CH TH\u1ee8C &#8211;\u00a0\u00c1o SELASIA form n\u1eef M\u00e0u\u00a0s\u1eafc\u00a0t\u01b0\u01a1i tr\u1ebb kh\u00f4ng ch\u1ec9 l\u00e0m b\u1ea1n n\u1ed5i b\u1eadt tr\u00ean s\u00e2n b\u00f3ng m\u00e0 c\u00f2n gi\u00fap b\u1ea1n t\u1ef1 tin th\u1ec3 hi\u1ec7n phong c\u00e1ch. Form n\u1eef c\u00f9ng ch\u1ea5t li\u1ec7u v\u1ea3i 100% polyester v\u1edbi kh\u1ea3 n\u0103ng h\u00fat tho\u00e1t m\u1ed3 h\u00f4i t\u1ed1t v\u00e0 kh\u00f4 nhanh. S\u1ea3n ph\u1ea9m nh\u1eadp kh\u1ea9u ch\u00ednh [&hellip;]<\/p>\n","protected":false},"featured_media":5138,"comment_status":"open","ping_status":"closed","template":"","meta":{"_eb_attr":""},"product_cat":[193,34],"product_tag":[],"class_list":["post-5154","product","type-product","status-publish","has-post-thumbnail","hentry","product_cat-butterfly","product_cat-quan-ao"],"_links":{"self":[{"href":"https:\/\/www.phivutabletennis.com\/index.php\/wp-json\/wp\/v2\/product\/5154","targetHints":{"allow":["GET"]}}],"collection":[{"href":"https:\/\/www.phivutabletennis.com\/index.php\/wp-json\/wp\/v2\/product"}],"about":[{"href":"https:\/\/www.phivutabletennis.com\/index.php\/wp-json\/wp\/v2\/types\/product"}],"replies":[{"embeddable":true,"href":"https:\/\/www.phivutabletennis.com\/index.php\/wp-json\/wp\/v2\/comments?post=5154"}],"wp:featuredmedia":[{"embeddable":true,"href":"https:\/\/www.phivutabletennis.com\/index.php\/wp-json\/wp\/v2\/media\/5138"}],"wp:attachment":[{"href":"https:\/\/www.phivutabletennis.com\/index.php\/wp-json\/wp\/v2\/media?parent=5154"}],"wp:term":[{"taxonomy":"product_cat","embeddable":true,"href":"https:\/\/www.phivutabletennis.com\/index.php\/wp-json\/wp\/v2\/product_cat?post=5154"},{"taxonomy":"product_tag","embeddable":true,"href":"https:\/\/www.phivutabletennis.com\/index.php\/wp-json\/wp\/v2\/product_tag?post=5154"}],"curies":[{"name":"wp","href":"https:\/\/api.w.org\/{rel}","templated":true}]}}