{"id":5166,"date":"2024-10-01T23:40:59","date_gmt":"2024-10-01T16:40:59","guid":{"rendered":"https:\/\/www.phivutabletennis.com\/?post_type=product&#038;p=5166"},"modified":"2024-10-05T21:28:44","modified_gmt":"2024-10-05T14:28:44","slug":"ao-butterfly-chinh-hang-extera-t-shirt-navy-rose","status":"publish","type":"product","link":"https:\/\/www.phivutabletennis.com\/index.php\/product\/ao-butterfly-chinh-hang-extera-t-shirt-navy-rose\/","title":{"rendered":"\u00c1O BUTTERFLY CH\u00cdNH H\u00c3NG EXTERA T-SHIRT NAVY ROSE"},"content":{"rendered":"<p><strong>H\u00c0NG CH\u00cdNH H\u00c3NG BUTTERFLY S\u1ea2N XU\u1ea4T T\u1ea0I NH\u1eacT B\u1ea2N &#8211; MADE IN JAPAN<\/strong><\/p>\n<ul dir=\"ltr\">\n<li>Thi\u00ea\u0301t k\u00ea\u0301: \u00c1o thun (unisex)<\/li>\n<li>M\u00e0u s\u1eafc:\u00a0Green, Blue, Purple, Rose<\/li>\n<li>Ch\u1ea5t li\u1ec7u:\u00a0100% Polyester<\/li>\n<li>Xu\u1ea5t x\u1ee9: Nh\u1eadt B\u1ea3n<\/li>\n<\/ul>\n<p>S\u1ef1 k\u1ebft h\u1ee3p gi\u1eef hai th\u01b0\u01a1ng hi\u1ec7u Butterfly Nh\u1eadt B\u1ea3n v\u00e0 Unichia<br \/>\nCh\u1ea5t li\u1ec7u v\u1ea3i cao c\u1ea5p h\u00fat tho\u00e1t m\u1ed3 h\u00f4i hi\u1ec7u qu\u1ea3 \u0111\u01b0\u1ee3c cung c\u1ea5p b\u1edfi nh\u00e0 s\u1ea3n xu\u1ea5t Unichia h\u00e0ng \u0111\u1ea7u Nh\u1eadt B\u1ea3n, k\u1ebft h\u1ee3p c\u00f9ng c\u00f4ng ngh\u1ec7 ti\u00ean ti\u1ebfn v\u1edbi s\u1ef1 gi\u00e1m s\u00e1t ch\u1ea5t l\u01b0\u1ee3ng b\u1edfi c\u00f4ng ty Butterfly.<br \/>\nThi\u00ea\u0301t k\u1ebf m\u00e0u s\u1eafc n\u0103ng \u0111\u1ed9ng, form unisex ph\u00f9 h\u1ee3p v\u1edbi m\u1ecdi \u0111\u1ed1i t\u01b0\u1ee3ng y\u00eau th\u00edch s\u1ef1 tho\u1ea3i m\u00e1i.<br \/>\nS\u1ea3n ph\u1ea9m nh\u1eadp kh\u1ea9u ch\u00ednh h\u00e3ng, c\u00f3 ch\u1ee9ng nh\u1eadn h\u1ee3p chu\u1ea9n, h\u1ee3p quy v\u1ec1 \u0111o l\u01b0\u1eddng ch\u1ea5t l\u01b0\u1ee3ng may m\u1eb7c, \u0111\u01b0\u1ee3c th\u1ec3 hi\u1ec7n b\u1eb1ng tem QR tr\u00ean m\u1ed7i s\u1ea3n ph\u1ea9m v\u00e0 c\u00f4ng b\u1ed1 t\u1ea1i S\u1edf C\u00f4ng Th\u01b0\u01a1ng TP.HCM.<\/p>\n","protected":false},"excerpt":{"rendered":"<p>H\u00c0NG CH\u00cdNH H\u00c3NG BUTTERFLY S\u1ea2N XU\u1ea4T T\u1ea0I NH\u1eacT B\u1ea2N &#8211; MADE IN JAPAN Thi\u00ea\u0301t k\u00ea\u0301: \u00c1o thun (unisex) M\u00e0u s\u1eafc:\u00a0Green, Blue, Purple, Rose Ch\u1ea5t li\u1ec7u:\u00a0100% Polyester Xu\u1ea5t x\u1ee9: Nh\u1eadt B\u1ea3n S\u1ef1 k\u1ebft h\u1ee3p gi\u1eef hai th\u01b0\u01a1ng hi\u1ec7u Butterfly Nh\u1eadt B\u1ea3n v\u00e0 Unichia Ch\u1ea5t li\u1ec7u v\u1ea3i cao c\u1ea5p h\u00fat tho\u00e1t m\u1ed3 h\u00f4i hi\u1ec7u qu\u1ea3 \u0111\u01b0\u1ee3c cung [&hellip;]<\/p>\n","protected":false},"featured_media":5163,"comment_status":"open","ping_status":"closed","template":"","meta":{"_eb_attr":""},"product_cat":[193,34],"product_tag":[],"class_list":["post-5166","product","type-product","status-publish","has-post-thumbnail","hentry","product_cat-butterfly","product_cat-quan-ao"],"_links":{"self":[{"href":"https:\/\/www.phivutabletennis.com\/index.php\/wp-json\/wp\/v2\/product\/5166","targetHints":{"allow":["GET"]}}],"collection":[{"href":"https:\/\/www.phivutabletennis.com\/index.php\/wp-json\/wp\/v2\/product"}],"about":[{"href":"https:\/\/www.phivutabletennis.com\/index.php\/wp-json\/wp\/v2\/types\/product"}],"replies":[{"embeddable":true,"href":"https:\/\/www.phivutabletennis.com\/index.php\/wp-json\/wp\/v2\/comments?post=5166"}],"wp:featuredmedia":[{"embeddable":true,"href":"https:\/\/www.phivutabletennis.com\/index.php\/wp-json\/wp\/v2\/media\/5163"}],"wp:attachment":[{"href":"https:\/\/www.phivutabletennis.com\/index.php\/wp-json\/wp\/v2\/media?parent=5166"}],"wp:term":[{"taxonomy":"product_cat","embeddable":true,"href":"https:\/\/www.phivutabletennis.com\/index.php\/wp-json\/wp\/v2\/product_cat?post=5166"},{"taxonomy":"product_tag","embeddable":true,"href":"https:\/\/www.phivutabletennis.com\/index.php\/wp-json\/wp\/v2\/product_tag?post=5166"}],"curies":[{"name":"wp","href":"https:\/\/api.w.org\/{rel}","templated":true}]}}