{"id":5168,"date":"2024-10-01T23:51:11","date_gmt":"2024-10-01T16:51:11","guid":{"rendered":"https:\/\/www.phivutabletennis.com\/?post_type=product&#038;p=5168"},"modified":"2024-10-01T23:51:12","modified_gmt":"2024-10-01T16:51:12","slug":"ao-bong-ban-andro-2024-mau-do","status":"publish","type":"product","link":"https:\/\/www.phivutabletennis.com\/index.php\/product\/ao-bong-ban-andro-2024-mau-do\/","title":{"rendered":"\u00c1o b\u00f3ng b\u00e0n Andro 2024 (M\u00e0u \u0110\u1ecf)"},"content":{"rendered":"<p><strong>\u00c1o ch\u00ednh h\u00e3ng Andro t\u1eeb \u0110\u1ee9c d\u00e0nh cho c\u00e1c qu\u00fd t\u1ed9c.<\/strong><\/p>\n<p><strong>H\u00ecnh \u1ea3nh \u00e1o b\u00f3ng b\u00e0n Andro 2024 (M\u00e0u \u0110\u1ecf)<\/strong><\/p>\n<p><img decoding=\"async\" src=\"https:\/\/file.hstatic.net\/200000896585\/file\/ao-bong-ban-andro-2024-mau-do_grande.jpg\" \/><\/p>\n<p><img decoding=\"async\" src=\"https:\/\/file.hstatic.net\/200000896585\/file\/ao-bong-ban-andro-2024-mau-do-2_grande.jpg\" \/><\/p>\n<p><img decoding=\"async\" src=\"https:\/\/file.hstatic.net\/200000896585\/file\/ao-bong-ban-andro-2024-mau-do-1_grande.jpg\" \/><\/p>\n","protected":false},"excerpt":{"rendered":"<p>\u00c1o ch\u00ednh h\u00e3ng Andro t\u1eeb \u0110\u1ee9c d\u00e0nh cho c\u00e1c qu\u00fd t\u1ed9c. H\u00ecnh \u1ea3nh \u00e1o b\u00f3ng b\u00e0n Andro 2024 (M\u00e0u \u0110\u1ecf)<\/p>\n","protected":false},"featured_media":5171,"comment_status":"open","ping_status":"closed","template":"","meta":{"_eb_attr":""},"product_cat":[45,34],"product_tag":[],"class_list":["post-5168","product","type-product","status-publish","has-post-thumbnail","hentry","product_cat-andro-quan-ao","product_cat-quan-ao"],"_links":{"self":[{"href":"https:\/\/www.phivutabletennis.com\/index.php\/wp-json\/wp\/v2\/product\/5168","targetHints":{"allow":["GET"]}}],"collection":[{"href":"https:\/\/www.phivutabletennis.com\/index.php\/wp-json\/wp\/v2\/product"}],"about":[{"href":"https:\/\/www.phivutabletennis.com\/index.php\/wp-json\/wp\/v2\/types\/product"}],"replies":[{"embeddable":true,"href":"https:\/\/www.phivutabletennis.com\/index.php\/wp-json\/wp\/v2\/comments?post=5168"}],"wp:featuredmedia":[{"embeddable":true,"href":"https:\/\/www.phivutabletennis.com\/index.php\/wp-json\/wp\/v2\/media\/5171"}],"wp:attachment":[{"href":"https:\/\/www.phivutabletennis.com\/index.php\/wp-json\/wp\/v2\/media?parent=5168"}],"wp:term":[{"taxonomy":"product_cat","embeddable":true,"href":"https:\/\/www.phivutabletennis.com\/index.php\/wp-json\/wp\/v2\/product_cat?post=5168"},{"taxonomy":"product_tag","embeddable":true,"href":"https:\/\/www.phivutabletennis.com\/index.php\/wp-json\/wp\/v2\/product_tag?post=5168"}],"curies":[{"name":"wp","href":"https:\/\/api.w.org\/{rel}","templated":true}]}}