{"id":518,"date":"2023-04-03T00:39:03","date_gmt":"2023-04-02T17:39:03","guid":{"rendered":"http:\/\/www.phivutabletennis.com\/?post_type=product&#038;p=518"},"modified":"2024-09-20T00:13:02","modified_gmt":"2024-09-19T17:13:02","slug":"dhs-50ml","status":"publish","type":"product","link":"https:\/\/www.phivutabletennis.com\/index.php\/product\/dhs-50ml\/","title":{"rendered":"DHS 50ml"},"content":{"rendered":"<p>&#8211; Model: AG 04<\/p>\n<p>&#8211; H\u00e3ng s\u1ea3n xu\u1ea5t : DHS<\/p>\n<p>&#8211; Xu\u1ea5t x\u1ee9 : Ch\u00ednh h\u00e3ng &#8211; CHINA<\/p>\n<p>&#8211; \u0110\u00e2y l\u00e0 keo v\u00f4 c\u01a1 ( kh\u00f4ng t\u0103ng l\u1ef1c ) c\u00f3 \u0111\u1ed9 \u0111\u1eadm \u0111\u1eb7c khi qu\u00e9t t\u1ea1o m\u00e0ng m\u1ecfng, \u0111\u00e0n h\u1ed3i t\u1ed1t, nhanh kh\u00f4, m\u1ecbn, kh\u00f4ng g\u00e2y h\u1ea1i ( b\u1ecb t\u01b0\u1edbc g\u1ed7 ) cho c\u1ed1t v\u1ee3t, d\u1ec5 d\u00e0ng lo\u1ea1i b\u1ecf keo d\u01b0.<\/p>\n<p>&#8211; \u0110\u1eb7c bi\u1ec7t kh\u00f4ng b\u1ecb v\u00f3n, n\u1ed5i h\u1ed9t nh\u01b0 m\u1ed9t s\u1ed1 lo\u1ea1i keo kh\u00e1c.<\/p>\n<p>&#8211; Gi\u00e1 th\u00e0nh h\u1ee3p l\u00fd<\/p>\n<p>&#8211; C\u00f3 nhi\u1ec1u phi\u00ean b\u1ea3n \u0111\u1ec3 ch\u1ecdn l\u1ef1a 50-98-200-500 ml<\/p>\n","protected":false},"excerpt":{"rendered":"<p>&#8211; Model: AG 04 &#8211; H\u00e3ng s\u1ea3n xu\u1ea5t : DHS &#8211; Xu\u1ea5t x\u1ee9 : Ch\u00ednh h\u00e3ng &#8211; CHINA &#8211; \u0110\u00e2y l\u00e0 keo v\u00f4 c\u01a1 ( kh\u00f4ng t\u0103ng l\u1ef1c ) c\u00f3 \u0111\u1ed9 \u0111\u1eadm \u0111\u1eb7c khi qu\u00e9t t\u1ea1o m\u00e0ng m\u1ecfng, \u0111\u00e0n h\u1ed3i t\u1ed1t, nhanh kh\u00f4, m\u1ecbn, kh\u00f4ng g\u00e2y h\u1ea1i ( b\u1ecb t\u01b0\u1edbc g\u1ed7 ) cho c\u1ed1t v\u1ee3t, [&hellip;]<\/p>\n","protected":false},"featured_media":519,"comment_status":"open","ping_status":"closed","template":"","meta":{"_eb_attr":""},"product_cat":[54],"product_tag":[],"class_list":["post-518","product","type-product","status-publish","has-post-thumbnail","hentry","product_cat-keo-sua"],"_links":{"self":[{"href":"https:\/\/www.phivutabletennis.com\/index.php\/wp-json\/wp\/v2\/product\/518","targetHints":{"allow":["GET"]}}],"collection":[{"href":"https:\/\/www.phivutabletennis.com\/index.php\/wp-json\/wp\/v2\/product"}],"about":[{"href":"https:\/\/www.phivutabletennis.com\/index.php\/wp-json\/wp\/v2\/types\/product"}],"replies":[{"embeddable":true,"href":"https:\/\/www.phivutabletennis.com\/index.php\/wp-json\/wp\/v2\/comments?post=518"}],"wp:featuredmedia":[{"embeddable":true,"href":"https:\/\/www.phivutabletennis.com\/index.php\/wp-json\/wp\/v2\/media\/519"}],"wp:attachment":[{"href":"https:\/\/www.phivutabletennis.com\/index.php\/wp-json\/wp\/v2\/media?parent=518"}],"wp:term":[{"taxonomy":"product_cat","embeddable":true,"href":"https:\/\/www.phivutabletennis.com\/index.php\/wp-json\/wp\/v2\/product_cat?post=518"},{"taxonomy":"product_tag","embeddable":true,"href":"https:\/\/www.phivutabletennis.com\/index.php\/wp-json\/wp\/v2\/product_tag?post=518"}],"curies":[{"name":"wp","href":"https:\/\/api.w.org\/{rel}","templated":true}]}}