{"id":5199,"date":"2024-10-02T23:55:01","date_gmt":"2024-10-02T16:55:01","guid":{"rendered":"https:\/\/www.phivutabletennis.com\/?post_type=product&#038;p=5199"},"modified":"2024-10-02T23:55:02","modified_gmt":"2024-10-02T16:55:02","slug":"vloop-galaxy-pro-2","status":"publish","type":"product","link":"https:\/\/www.phivutabletennis.com\/index.php\/product\/vloop-galaxy-pro-2\/","title":{"rendered":"VLOOP Galaxy Pro"},"content":{"rendered":"<p>VLOOP l\u00e0 th\u01b0\u01a1ng hi\u1ec7u th\u1eddi trang th\u1ec3 thao \u0111\u1ebfn t\u1eeb Vi\u1ec7t Nam<br \/>\nVinh d\u1ef1 l\u00e0 nh\u00e0 t\u00e0i tr\u1ee3 trang ph\u1ee5c cho \u0110\u1ed9i tuy\u1ec3n B\u00f3ng b\u00e0n Vi\u1ec7t Nam tham gia SEA Games 32<br \/>\nASIAD 19, Olympic 2024 c\u00f9ng c\u00e1c gi\u1ea3i \u0111\u1ea5u th\u1ec3 thao trong v\u00e0 ngo\u00e0i n\u01b0\u1edbc kh\u00e1c<br \/>\nTH\u00d4NG TIN CHUNG BST GALAXY PRO:<br \/>\n&#8211; \u00c1o th\u1ec3 thao Galaxy Pro l\u1ea5y c\u1ea3m h\u1ee9ng t\u1eeb v\u0169 tr\u1ee5 v\u00e0 s\u1ef1 huy\u1ec1n b\u00ed c\u1ee7a n\u00f3 trong m\u1eaft c\u1ee7a con ng\u01b0\u1eddi.<br \/>\n&#8211; \u00c1o thun th\u1ec3 thao VLOOP Galaxy Pro s\u1eed d\u1ee5ng ch\u1ea5t v\u1ea3i cao c\u1ea5p, 95% Polyester v\u00e0 5% Spandex mang l\u1ea1i s\u1ef1 tho\u1ea3i m\u00e1i cho ng\u01b0\u1eddi m\u1eb7c khi ch\u01a1i th\u1ec3 thao &#8211; C\u00f4ng ngh\u1ec7 Dry Fit v\u00e0 Quick Dry, kh\u1ea3 n\u0103ng th\u1ea5m h\u00fat m\u1ed3 h\u00f4i c\u1ef1c t\u1ed1t, t\u1ea1o s\u1ef1 tho\u00e1ng kh\u00ed, gi\u00fap \u00e1o kh\u00f4 nhanh h\u01a1n khi ho\u1ea1t \u0111\u1ed9ng v\u1edbi c\u01b0\u1eddng \u0111\u1ed9 cao. &#8211; \u0110a d\u1ea1ng v\u1ec1 m\u00e0u s\u1eafc, tho\u1ea3i m\u00e1i l\u1ef1a ch\u1ecdn \u00e1o thun th\u1ec3 thao y\u00eau th\u00edch, t\u1ea1o \u0111\u1ed9ng l\u1ef1c chinh ph\u1ee5c th\u1eed th\u00e1ch c\u1ee7a b\u1ea3n th\u00e2n.<br \/>\n&#8211; \u00c1o Polo th\u1ec3 thao Galaxy Pro c\u00f3 th\u1ec3 d\u00f9ng tham gia nhi\u1ec1u m\u00f4n th\u1ec3 thao kh\u00e1c nhau nh\u01b0 b\u00f3ng b\u00e0n, c\u1ea7u l\u00f4ng, pickleball,&#8230;<\/p>\n<p>H\u01af\u1edaNG D\u1eaaN B\u1ea2O QU\u1ea2N:<br \/>\n&#8211; C\u00f3 th\u1ec3 gi\u1eb7t b\u1eb1ng m\u00e1y<br \/>\n&#8211; L\u1ed9n ng\u01b0\u1ee3c s\u1ea3n ph\u1ea9m khi gi\u1eb7t<br \/>\n&#8211; N\u00ean ph\u01a1i trong b\u00f3ng m\u00e1t<br \/>\n&#8211; Kh\u00f4ng ng\u00e2m qu\u00e1 l\u00e2u b\u1eb1ng ch\u1ea5t t\u1ea9y m\u1ea1nh<br \/>\n&#8211; Tr\u00e1nh \u1ee7i v\u1edbi nhi\u1ec7t \u0111\u1ed9 cao<\/p>\n<p>CH\u00cdNH S\u00c1CH \u0110\u1ed4I TR\u1ea2: S\u1ea3n ph\u1ea9m ch\u1ec9 c\u00f3 th\u1ec3 \u0111\u01b0\u01a1c \u0111\u1ed5i tr\u1ea3 khi g\u1eb7p c\u00e1c l\u1ed7i sau \u0111\u00e2y:<br \/>\n+ Giao sai m\u1eabu, size + L\u1ed7i do nh\u00e0 s\u1ea3n xu\u1ea5t<br \/>\n+ L\u1ed7i trong qu\u00e1 tr\u00ecnh \u0111\u00f3ng g\u00f3i, v\u1eadn chuy\u1ec3n<br \/>\nL\u01b0u \u00fd: N\u1ebfu kh\u00e1ch h\u00e0ng c\u00f3 nhu c\u1ea7u \u0111\u1ed5i tr\u1ea3 v\u00e0 kh\u00f4ng n\u1eb1m trong c\u00e1c tr\u01b0\u1eddng h\u1ee3p tr\u00ean th\u00ec khi \u0111\u1ed5i tr\u1ea3 kh\u00e1ch h\u00e0ng s\u1ebd ch\u1ecbu ph\u00ed ship 2 \u0111\u1ea7u khi th\u1ef1c hi\u1ec7n \u0111\u1ed5i tr\u1ea3.<\/p>\n","protected":false},"excerpt":{"rendered":"<p>VLOOP l\u00e0 th\u01b0\u01a1ng hi\u1ec7u th\u1eddi trang th\u1ec3 thao \u0111\u1ebfn t\u1eeb Vi\u1ec7t Nam Vinh d\u1ef1 l\u00e0 nh\u00e0 t\u00e0i tr\u1ee3 trang ph\u1ee5c cho \u0110\u1ed9i tuy\u1ec3n B\u00f3ng b\u00e0n Vi\u1ec7t Nam tham gia SEA Games 32 ASIAD 19, Olympic 2024 c\u00f9ng c\u00e1c gi\u1ea3i \u0111\u1ea5u th\u1ec3 thao trong v\u00e0 ngo\u00e0i n\u01b0\u1edbc kh\u00e1c TH\u00d4NG TIN CHUNG BST GALAXY PRO: &#8211; \u00c1o [&hellip;]<\/p>\n","protected":false},"featured_media":5187,"comment_status":"open","ping_status":"closed","template":"","meta":{"_eb_attr":""},"product_cat":[87,34],"product_tag":[],"class_list":["post-5199","product","type-product","status-publish","has-post-thumbnail","hentry","product_cat-v-loop","product_cat-quan-ao"],"_links":{"self":[{"href":"https:\/\/www.phivutabletennis.com\/index.php\/wp-json\/wp\/v2\/product\/5199","targetHints":{"allow":["GET"]}}],"collection":[{"href":"https:\/\/www.phivutabletennis.com\/index.php\/wp-json\/wp\/v2\/product"}],"about":[{"href":"https:\/\/www.phivutabletennis.com\/index.php\/wp-json\/wp\/v2\/types\/product"}],"replies":[{"embeddable":true,"href":"https:\/\/www.phivutabletennis.com\/index.php\/wp-json\/wp\/v2\/comments?post=5199"}],"wp:featuredmedia":[{"embeddable":true,"href":"https:\/\/www.phivutabletennis.com\/index.php\/wp-json\/wp\/v2\/media\/5187"}],"wp:attachment":[{"href":"https:\/\/www.phivutabletennis.com\/index.php\/wp-json\/wp\/v2\/media?parent=5199"}],"wp:term":[{"taxonomy":"product_cat","embeddable":true,"href":"https:\/\/www.phivutabletennis.com\/index.php\/wp-json\/wp\/v2\/product_cat?post=5199"},{"taxonomy":"product_tag","embeddable":true,"href":"https:\/\/www.phivutabletennis.com\/index.php\/wp-json\/wp\/v2\/product_tag?post=5199"}],"curies":[{"name":"wp","href":"https:\/\/api.w.org\/{rel}","templated":true}]}}