{"id":524,"date":"2023-04-03T00:44:34","date_gmt":"2023-04-02T17:44:34","guid":{"rendered":"http:\/\/www.phivutabletennis.com\/?post_type=product&#038;p=524"},"modified":"2023-04-03T00:44:35","modified_gmt":"2023-04-02T17:44:35","slug":"andro-turbo-fix-50ml","status":"publish","type":"product","link":"https:\/\/www.phivutabletennis.com\/index.php\/product\/andro-turbo-fix-50ml\/","title":{"rendered":"Andro Turbo Fix 50ml"},"content":{"rendered":"<p>Keo s\u1eefa Turbo Fix l\u00e0 s\u1ea3n ph\u1ea9m chuy\u00ean d\u1ee5ng cho c\u00e1c c\u1ea7u th\u1ee7 b\u00f3ng b\u00e0n chuy\u00ean nghi\u1ec7p, L\u00e0 d\u00f2ng keo ko t\u0103ng l\u1ef1c chuy\u00ean ph\u1ee5c v\u1ee5 cho \u0111\u1ed9i tuy\u1ec3n.<\/p>\n<p>C\u00f4ng D\u1ee5ng: Keo Turbo Fix c\u00f3 \u0111\u1ed9 k\u1ebft d\u00ednh c\u1ef1c t\u1ed1t, ch\u1ed1ng co cho c\u00e1c m\u1eb7t v\u1ee3t &#8230;.<\/p>\n<p>S\u1eed D\u1ee5ng: l\u1eafc \u0111\u1ec1u tr\u01b0\u1edbc khi b\u00f4i keo, b\u00f3p nh\u1eb9 v\u00e0o h\u1ed9p r\u1ed3i qu\u00e9t \u0111\u1ec1u l\u00ean b\u1ec1 m\u1eb7t c\u1ed1t v\u1ee3t v\u00e0 m\u1eb7t v\u1ee3t, \u0111\u1ee3i kh\u00f4 h\u1eb3n r\u1ed3i d\u00e1n.<\/p>\n<p>L\u00e0 lo\u1ea1i keo \u0111\u01b0\u1ee3c d\u00f9ng \u0111\u1ec3 d\u00e1n nh\u1eefng m\u1eb7t v\u1ee3t th\u1ebf h\u1ec7 m\u1edbi nh\u01b0 Tenergy &#8211; Butterfly\u00a0 , Hexer &#8211; Andro, Acuda &#8211; Donic &#8230;<\/p>\n<p>S\u1ea3n ph\u1ea9m \u0111\u01b0\u1ee3c t\u1eb7ng k\u00e8m 10 m\u00fat \u0111\u1ec3 d\u00e1n keo &#8211; Dung l\u01b0\u1ee3ng 50ml<\/p>\n","protected":false},"excerpt":{"rendered":"<p>Keo s\u1eefa Turbo Fix l\u00e0 s\u1ea3n ph\u1ea9m chuy\u00ean d\u1ee5ng cho c\u00e1c c\u1ea7u th\u1ee7 b\u00f3ng b\u00e0n chuy\u00ean nghi\u1ec7p, L\u00e0 d\u00f2ng keo ko t\u0103ng l\u1ef1c chuy\u00ean ph\u1ee5c v\u1ee5 cho \u0111\u1ed9i tuy\u1ec3n. C\u00f4ng D\u1ee5ng: Keo Turbo Fix c\u00f3 \u0111\u1ed9 k\u1ebft d\u00ednh c\u1ef1c t\u1ed1t, ch\u1ed1ng co cho c\u00e1c m\u1eb7t v\u1ee3t &#8230;. S\u1eed D\u1ee5ng: l\u1eafc \u0111\u1ec1u tr\u01b0\u1edbc khi b\u00f4i keo, [&hellip;]<\/p>\n","protected":false},"featured_media":525,"comment_status":"open","ping_status":"closed","template":"","meta":{"_eb_attr":""},"product_cat":[54],"product_tag":[],"class_list":["post-524","product","type-product","status-publish","has-post-thumbnail","hentry","product_cat-keo-sua"],"_links":{"self":[{"href":"https:\/\/www.phivutabletennis.com\/index.php\/wp-json\/wp\/v2\/product\/524","targetHints":{"allow":["GET"]}}],"collection":[{"href":"https:\/\/www.phivutabletennis.com\/index.php\/wp-json\/wp\/v2\/product"}],"about":[{"href":"https:\/\/www.phivutabletennis.com\/index.php\/wp-json\/wp\/v2\/types\/product"}],"replies":[{"embeddable":true,"href":"https:\/\/www.phivutabletennis.com\/index.php\/wp-json\/wp\/v2\/comments?post=524"}],"wp:featuredmedia":[{"embeddable":true,"href":"https:\/\/www.phivutabletennis.com\/index.php\/wp-json\/wp\/v2\/media\/525"}],"wp:attachment":[{"href":"https:\/\/www.phivutabletennis.com\/index.php\/wp-json\/wp\/v2\/media?parent=524"}],"wp:term":[{"taxonomy":"product_cat","embeddable":true,"href":"https:\/\/www.phivutabletennis.com\/index.php\/wp-json\/wp\/v2\/product_cat?post=524"},{"taxonomy":"product_tag","embeddable":true,"href":"https:\/\/www.phivutabletennis.com\/index.php\/wp-json\/wp\/v2\/product_tag?post=524"}],"curies":[{"name":"wp","href":"https:\/\/api.w.org\/{rel}","templated":true}]}}