{"id":528,"date":"2023-04-03T00:59:16","date_gmt":"2023-04-02T17:59:16","guid":{"rendered":"http:\/\/www.phivutabletennis.com\/?post_type=product&#038;p=528"},"modified":"2023-04-03T01:14:30","modified_gmt":"2023-04-02T18:14:30","slug":"gai-dai-rasant-chaos","status":"publish","type":"product","link":"https:\/\/www.phivutabletennis.com\/index.php\/product\/gai-dai-rasant-chaos\/","title":{"rendered":"Andro Rasanter Chaos"},"content":{"rendered":"<p>M\u1eb7t v\u1ee3t gai ph\u1ea3n xo\u00e1y Rasant Chaos l\u00e0 b\u1ea3n n\u00e2ng c\u1ea5p c\u1ee7a gai Chaos m\u1ed9t trong nh\u1eefng s\u1ea3n ph\u1ea9m mang t\u00ednh b\u1ea3n s\u1eafc c\u1ee7a h\u00e3ng Andro.<\/p>\n<p>\u0110\u00e2y l\u00e0 m\u1ed9t trong nh\u1eefng m\u1eb7t gai th\u1ee7 c\u00f3 kh\u1ea3 n\u0103ng ph\u1ea3n c\u00f4ng t\u1ed1t nh\u1ea5t! N\u1ebfu b\u1ea1n thi\u00ean v\u1ec1 ph\u00f2ng th\u1ee7 \u0111\u01a1n thu\u1ea7n, l\u1ea5y kh\u1ea3 n\u0103ng ph\u1ea3n xo\u00e1y \u0111\u1ec3 l\u00e0m th\u1ebf m\u1ea1nh th\u00ec b\u1ea1n d\u00f9ng mi\u1ebfng Chaos kh\u00f4ng l\u00f3t OX. C\u00f2n n\u1ebfu b\u1ea1n mu\u1ed1n ph\u1ea3n c\u00f4ng s\u1eafc n\u00e9t h\u01a1n v\u00e0 mu\u1ed1n tung nh\u1eefng \u0111\u00f2n \u0111\u00e1nh hi\u1ec3m v\u1ec1 ph\u00eda \u0111\u00f4i ph\u01b0\u01a1ng th\u00ec m\u1eb7t gai c\u00f3 l\u00f3t 0.5 v\u00e0 1.2 h\u1ed7 tr\u1ee3 t\u1ed1t cho kh\u1ea3 n\u0103ng t\u1ea5n c\u00f4ng c\u1ee7a b\u1ea1n.<\/p>\n<p>B\u00f3ng b\u00e0n l\u00e0 b\u1ed9 m\u00f4n \u0111\u00f2i h\u1ecfi ph\u1ea3i li\u00ean t\u1ee5c di chuy\u1ec3n v\u1ec1 ph\u00eda tr\u01b0\u1edbc, v\u00ec v\u1eady gi\u1eef \u0111\u01b0\u1ee3c nh\u1ecbp di chuy\u1ec3n l\u00e0 m\u1ed9t th\u00e1ch th\u1ee9c r\u1ea5t l\u1edbn, \u0111\u1eb7c bi\u1ec7t \u0111\u1ed1i v\u1edbi ng\u01b0\u1eddi ch\u01a1i c\u00f3 l\u1ed1i \u0111\u00e1nh ph\u00f2ng th\u1ee7. N\u1eafm b\u1eaft \u0111\u01b0\u1ee3c \u0111i\u1ec1u n\u00e0y, Andro RASANT CHAOS \u0111\u00e3 v\u00e0 \u0111ang \u0111\u01b0\u1ee3c ph\u00e1t tri\u1ec3n \u0111\u1ec3 \u0111\u00e1p \u1ee9ng nh\u1eefng mong \u0111\u1ee3i c\u1ee7a h\u1ecd \u0111\u1eb7c bi\u1ec7t l\u00e0 \u0111\u1eb7c t\u00ednh: bi\u1ebfn ho\u00e1. Andro RASANT CHAOS l\u00e0 d\u00f2ng gai d\u00e0i \u0111\u01b0\u1ee3c ph\u00e1t tri\u1ec3n d\u00e0nh cho ng\u01b0\u1eddi ch\u01a1i ph\u00f2ng th\u1ee7 c\u00f3 l\u1ed1i \u0111\u00e1nh bi\u1ebfn h\u00f3a v\u00e0 hi\u1ec3m. Do h\u00ecnh d\u1ea1ng c\u1ee7a gai d\u00e0i v\u00e0 nh\u1ecf n\u00ean \u0111\u1ea3m b\u1ea3o \u0111\u1ed9 ki\u1ec3m so\u00e1t tuy\u1ec7t v\u1eddi, trong khi b\u1ec1 m\u1eb7t gai t\u1ea1o n\u00ean m\u1ed9t c\u01a1 s\u1edf ho\u00e0n h\u1ea3o khi tr\u1ea3 xo\u00e1y. Ngo\u00e0i ra, nh\u1edd c\u00f4ng ngh\u1ec7 l\u00f3t th\u00f4ng minh v\u1edbi hi\u1ec7u \u1ee9ng TENSOR t\u00edch h\u1ee3p n\u00ean Andro RASANT CHAOS d\u00f9ng \u0111\u01b0\u1ee3c cho c\u1ea3 ng\u01b0\u1eddi ch\u01a1i c\u00f3 l\u1ed1i \u0111\u00e1nh t\u1ea5n c\u00f4ng m\u1ed9t c\u00e1ch hi\u1ec7u qu\u1ea3 nh\u1ea5t.<\/p>\n<p>C\u00f3 th\u1ec3 n\u00f3i Andro RASANT CHAOS l\u00e0 d\u00f2ng gai d\u00e0i ho\u00e0n ch\u1ec9nh nh\u1ea5t hi\u1ec7n nay v\u00ec c\u00f3 th\u1ec3 s\u1eed d\u1ee5ng t\u1ea5t c\u1ea3 k\u1ef9 thu\u1eadt nh\u01b0 block b\u00f3ng trong b\u00e0n c\u0169ng nh\u01b0 \u0111\u1ec3 ph\u00f2ng th\u1ee7 xa b\u00e0n, ngo\u00e0i ra, t\u1ea5n c\u00f4ng c\u0169ng c\u1ef1c k\u1ef3 hi\u1ec7u qu\u1ea3.<\/p>\n","protected":false},"excerpt":{"rendered":"<p>M\u1eb7t v\u1ee3t gai ph\u1ea3n xo\u00e1y Rasant Chaos l\u00e0 b\u1ea3n n\u00e2ng c\u1ea5p c\u1ee7a gai Chaos m\u1ed9t trong nh\u1eefng s\u1ea3n ph\u1ea9m mang t\u00ednh b\u1ea3n s\u1eafc c\u1ee7a h\u00e3ng Andro. \u0110\u00e2y l\u00e0 m\u1ed9t trong nh\u1eefng m\u1eb7t gai th\u1ee7 c\u00f3 kh\u1ea3 n\u0103ng ph\u1ea3n c\u00f4ng t\u1ed1t nh\u1ea5t! N\u1ebfu b\u1ea1n thi\u00ean v\u1ec1 ph\u00f2ng th\u1ee7 \u0111\u01a1n thu\u1ea7n, l\u1ea5y kh\u1ea3 n\u0103ng ph\u1ea3n xo\u00e1y \u0111\u1ec3 [&hellip;]<\/p>\n","protected":false},"featured_media":529,"comment_status":"open","ping_status":"closed","template":"","meta":{"_eb_attr":""},"product_cat":[55,56,29,39],"product_tag":[],"class_list":["post-528","product","type-product","status-publish","has-post-thumbnail","hentry","product_cat-gai","product_cat-gai-dai","product_cat-mat-vot","product_cat-andro"],"_links":{"self":[{"href":"https:\/\/www.phivutabletennis.com\/index.php\/wp-json\/wp\/v2\/product\/528","targetHints":{"allow":["GET"]}}],"collection":[{"href":"https:\/\/www.phivutabletennis.com\/index.php\/wp-json\/wp\/v2\/product"}],"about":[{"href":"https:\/\/www.phivutabletennis.com\/index.php\/wp-json\/wp\/v2\/types\/product"}],"replies":[{"embeddable":true,"href":"https:\/\/www.phivutabletennis.com\/index.php\/wp-json\/wp\/v2\/comments?post=528"}],"wp:featuredmedia":[{"embeddable":true,"href":"https:\/\/www.phivutabletennis.com\/index.php\/wp-json\/wp\/v2\/media\/529"}],"wp:attachment":[{"href":"https:\/\/www.phivutabletennis.com\/index.php\/wp-json\/wp\/v2\/media?parent=528"}],"wp:term":[{"taxonomy":"product_cat","embeddable":true,"href":"https:\/\/www.phivutabletennis.com\/index.php\/wp-json\/wp\/v2\/product_cat?post=528"},{"taxonomy":"product_tag","embeddable":true,"href":"https:\/\/www.phivutabletennis.com\/index.php\/wp-json\/wp\/v2\/product_tag?post=528"}],"curies":[{"name":"wp","href":"https:\/\/api.w.org\/{rel}","templated":true}]}}