{"id":5313,"date":"2024-10-04T14:13:42","date_gmt":"2024-10-04T07:13:42","guid":{"rendered":"https:\/\/www.phivutabletennis.com\/?post_type=product&#038;p=5313"},"modified":"2024-10-04T17:13:06","modified_gmt":"2024-10-04T10:13:06","slug":"dhs-hurricane-3-tinh-lot-xanh-2-2-mm","status":"publish","type":"product","link":"https:\/\/www.phivutabletennis.com\/index.php\/product\/dhs-hurricane-3-tinh-lot-xanh-2-2-mm\/","title":{"rendered":"DHS Hurricane 3 T\u1ec9nh th\u01b0\u1eddng l\u00f3t cam 2.2 mm : 38-39-40-41 \u0111\u1ed9"},"content":{"rendered":"<p>Ch\u1ec9 c\u00f3 M\u00e0u \u0110en<\/p>\n<p>\u0110\u1ed8 : 39 , 40, 41<\/p>\n","protected":false},"excerpt":{"rendered":"<p>Ch\u1ec9 c\u00f3 M\u00e0u \u0110en \u0110\u1ed8 : 39 , 40, 41<\/p>\n","protected":false},"featured_media":5361,"comment_status":"open","ping_status":"closed","template":"","meta":{"_eb_attr":""},"product_cat":[172,29],"product_tag":[],"class_list":["post-5313","product","type-product","status-publish","has-post-thumbnail","hentry","product_cat-mat-tau","product_cat-mat-vot"],"_links":{"self":[{"href":"https:\/\/www.phivutabletennis.com\/index.php\/wp-json\/wp\/v2\/product\/5313","targetHints":{"allow":["GET"]}}],"collection":[{"href":"https:\/\/www.phivutabletennis.com\/index.php\/wp-json\/wp\/v2\/product"}],"about":[{"href":"https:\/\/www.phivutabletennis.com\/index.php\/wp-json\/wp\/v2\/types\/product"}],"replies":[{"embeddable":true,"href":"https:\/\/www.phivutabletennis.com\/index.php\/wp-json\/wp\/v2\/comments?post=5313"}],"wp:featuredmedia":[{"embeddable":true,"href":"https:\/\/www.phivutabletennis.com\/index.php\/wp-json\/wp\/v2\/media\/5361"}],"wp:attachment":[{"href":"https:\/\/www.phivutabletennis.com\/index.php\/wp-json\/wp\/v2\/media?parent=5313"}],"wp:term":[{"taxonomy":"product_cat","embeddable":true,"href":"https:\/\/www.phivutabletennis.com\/index.php\/wp-json\/wp\/v2\/product_cat?post=5313"},{"taxonomy":"product_tag","embeddable":true,"href":"https:\/\/www.phivutabletennis.com\/index.php\/wp-json\/wp\/v2\/product_tag?post=5313"}],"curies":[{"name":"wp","href":"https:\/\/api.w.org\/{rel}","templated":true}]}}