{"id":5318,"date":"2024-10-04T14:15:23","date_gmt":"2024-10-04T07:15:23","guid":{"rendered":"https:\/\/www.phivutabletennis.com\/?post_type=product&#038;p=5318"},"modified":"2024-10-04T17:12:58","modified_gmt":"2024-10-04T10:12:58","slug":"dhs-hurricane-3-tinh-lot-cam","status":"publish","type":"product","link":"https:\/\/www.phivutabletennis.com\/index.php\/product\/dhs-hurricane-3-tinh-lot-cam\/","title":{"rendered":"DHS Hurricane 3 T\u1ec9nh th\u01b0\u1eddng l\u00f3t xanh 2.2mm : 39-40-41 \u0111\u1ed9"},"content":{"rendered":"<p>M\u00e0u s\u1eafc : M\u00e0u \u0110en , M\u00e0u \u0111\u1ecf<\/p>\n<p>\u0110\u1ed8: 39, 40, 41<\/p>\n","protected":false},"excerpt":{"rendered":"<p>M\u00e0u s\u1eafc : M\u00e0u \u0110en , M\u00e0u \u0111\u1ecf \u0110\u1ed8: 39, 40, 41<\/p>\n","protected":false},"featured_media":5360,"comment_status":"open","ping_status":"closed","template":"","meta":{"_eb_attr":""},"product_cat":[172,29],"product_tag":[],"class_list":["post-5318","product","type-product","status-publish","has-post-thumbnail","hentry","product_cat-mat-tau","product_cat-mat-vot"],"_links":{"self":[{"href":"https:\/\/www.phivutabletennis.com\/index.php\/wp-json\/wp\/v2\/product\/5318","targetHints":{"allow":["GET"]}}],"collection":[{"href":"https:\/\/www.phivutabletennis.com\/index.php\/wp-json\/wp\/v2\/product"}],"about":[{"href":"https:\/\/www.phivutabletennis.com\/index.php\/wp-json\/wp\/v2\/types\/product"}],"replies":[{"embeddable":true,"href":"https:\/\/www.phivutabletennis.com\/index.php\/wp-json\/wp\/v2\/comments?post=5318"}],"wp:featuredmedia":[{"embeddable":true,"href":"https:\/\/www.phivutabletennis.com\/index.php\/wp-json\/wp\/v2\/media\/5360"}],"wp:attachment":[{"href":"https:\/\/www.phivutabletennis.com\/index.php\/wp-json\/wp\/v2\/media?parent=5318"}],"wp:term":[{"taxonomy":"product_cat","embeddable":true,"href":"https:\/\/www.phivutabletennis.com\/index.php\/wp-json\/wp\/v2\/product_cat?post=5318"},{"taxonomy":"product_tag","embeddable":true,"href":"https:\/\/www.phivutabletennis.com\/index.php\/wp-json\/wp\/v2\/product_tag?post=5318"}],"curies":[{"name":"wp","href":"https:\/\/api.w.org\/{rel}","templated":true}]}}