{"id":5388,"date":"2024-10-10T23:15:26","date_gmt":"2024-10-10T16:15:26","guid":{"rendered":"https:\/\/www.phivutabletennis.com\/?post_type=product&#038;p=5388"},"modified":"2024-10-10T23:15:27","modified_gmt":"2024-10-10T16:15:27","slug":"giay-butterfly-lezoline-levalis-white","status":"publish","type":"product","link":"https:\/\/www.phivutabletennis.com\/index.php\/product\/giay-butterfly-lezoline-levalis-white\/","title":{"rendered":"GI\u00c0Y BUTTERFLY LEZOLINE LEVALIS WHITE"},"content":{"rendered":"<h1>GI\u00c0Y BUTTERFLY LEZOLINE LEVALIS WHITE<\/h1>\n<div class=\"product-info\">\n<div class=\"left\">\n<p><strong>V\u1eeaA V\u1eb6N &#8211; THO\u1ea2I M\u00c1I &#8211; T\u0102NG HI\u1ec6U SU\u1ea4T HO\u1ea0T \u0110\u1ed8NG<\/strong><\/p>\n<p>Tr\u1ea3i nghi\u1ec7m s\u1ef1 linh ho\u1ea1t v\u01b0\u1ee3t tr\u1ed9i v\u1edbi m\u1eabu gi\u00e0y cao c\u1ea5p c\u1ee7a d\u00f2ng Lezoline \u0111\u1ebfn t\u1eeb th\u01b0\u01a1ng hi\u1ec7u Butterfly.<\/p>\n<p>Gi\u00e0y Lezoline Levalis c\u00f3 ph\u1ea7n \u1ed1p tr\u00ean h\u1ee3p nh\u1ea5t c\u00f9ng l\u01b0\u1ee1i g\u00e0 ch\u1ea5t li\u1ec7u l\u01b0\u1edbi m\u1ec1m, tho\u00e1ng kh\u00ed, \u00f4m g\u1ecdn b\u00e0n ch\u00e2n gi\u00fap ng\u01b0\u1eddi mang c\u00f3 c\u1ea3m gi\u00e1c tho\u1ea3i m\u00e1i nh\u01b0 ch\u1ec9 mang v\u1edb.<br \/>\nTh\u00e2n gi\u1eefa \u0111\u01b0\u1ee3c thi\u1ebft k\u1ebf g\u1ecdn h\u01a1n, t\u0103ng c\u01b0\u1eddng s\u1ef1 v\u1eeba v\u1eb7n.<\/p>\n<p>C\u1ed5 gi\u00e0y cao h\u01a1n c\u00f9ng ph\u1ea7n g\u00f3t ngo\u00e0i \u00f4m ch\u1eb7t m\u1eaft c\u00e1 ch\u00e2n, mang l\u1ea1i c\u1ea3m gi\u00e1c \u1ed5n \u0111\u1ecbnh v\u00e0 ng\u0103n ng\u1eeba s\u1ef1 nghi\u00eang l\u1ec7ch, h\u1ed7 tr\u1ee3 chuy\u1ec3n \u0111\u1ed9ng v\u1edbi c\u01b0\u1eddng \u0111\u1ed9 cao.<\/p>\n<p><strong>C\u00e1c c\u00f4ng ngh\u1ec7 cao c\u1ea5p \u0111\u01b0\u1ee3c \u1ee9ng d\u1ee5ng tinh t\u1ebf trong t\u1eebng chi ti\u1ebft.\u00a0\u00a0<\/strong><\/p>\n<p><strong>B-Absorber:<\/strong>\u00a0V\u00f9ng m\u0169i ng\u00f3n ch\u00e2n c\u00e1i \u0111\u01b0\u1ee3c gia c\u1ed1 th\u00eam 1 l\u1edbp b\u1ecdt bi\u1ec3n \u0111\u1eb7t bi\u1ec7t n\u1eb1m gi\u1eefa\u00a0 ph\u1ea7n \u0111\u1ebf ngo\u00e0i v\u00e0 \u0111\u1ebf trong c\u00f3 t\u00e1c d\u1ee5ng nh\u01b0 1 l\u00f2 xo h\u1ed7 tr\u1ee3 chuy\u1ec3n \u0111\u1ed9ng, gi\u00fap gi\u1ea3m ch\u1ea5n \u0111\u1ed9ng, gi\u1ea3m s\u1ed1c trong t\u1eebng b\u01b0\u1edbc di chuy\u1ec3n \u0111\u1eb7c bi\u1ec7t b\u1eb1ng m\u0169i b\u00e0n ch\u00e2n c\u1ee7a ng\u01b0\u1eddi ch\u01a1i b\u00f3ng b\u00e0n..<\/p>\n<p><strong>Wingrip:<\/strong>\u00a0Thi\u1ebft k\u1ebf \u0111\u1ebf h\u00ecnh c\u00e1nh v\u00e0 g\u1ee3n s\u00f3ng gi\u00fap \u0111\u1ebf gi\u00e0y c\u00f3 \u0111\u1ed9 b\u00e1m d\u00ednh cao,<\/p>\n<p><strong>B-Ridge:\u00a0<\/strong>G\u00f3t gi\u00e0y \u0111\u01b0\u1ee3c thi\u1ebft k\u1ebf gia c\u1ed1 b\u1eb1ng v\u1eadt li\u1ec7u c\u1ee9ng chuy\u00ean d\u1ee5ng, k\u1ebft h\u1ee3p v\u1edbi mi\u1ebfng \u0111\u1ec7m m\u1ec1m b\u00ean trong, t\u1ea1o s\u1ef1 \u00eam \u00e1i khi ti\u1ebfp x\u00fac \u0111\u1ed3ng th\u1eddi b\u1ea3o v\u1ec7 v\u00e0 c\u1ed1 \u0111\u1ecbnh c\u1ed5 ch\u00e2n ng\u01b0\u1eddi ch\u01a1i trong c\u00e1c b\u01b0\u1edbc di chuy\u1ec3n.<\/p>\n<p><strong>B-Shank:\u00a0<\/strong>Thanh ch\u1ed1ng l\u1eadt gi\u00fap \u1ed5n \u0111\u1ecbnh khi di chuy\u1ec3n, h\u1ea1n ch\u1ebf v\u00e0 ph\u00f2ng tr\u00e1nh l\u1eadt s\u01a1 mi.<\/p>\n<p>\u25a0\u00a0M\u00e0u s\u1eafc\u00a0\u00a0\u00a0\u00a0\u00a0 : Tr\u1eafng, \u0110\u1ecf, \u0110en<br \/>\n\u25a0\u00a0Size\u00a0\u00a0\u00a0\u00a0\u00a0\u00a0\u00a0\u00a0\u00a0\u00a0\u00a0\u00a0 : 22.5\uff5e27.5cm<br \/>\n\u25a0\u00a0Th\u00e2n gi\u00e0y\u00a0\u00a0\u00a0 :\u00a0S\u1ee3i t\u1ed5ng h\u1ee3p, nh\u1ef1a t\u1ed5ng h\u1ee3p, da nh\u00e2n t\u1ea1o<br \/>\n\u25a0\u00a0\u0110\u1ebf gi\u00e0y\u00a0 \u00a0 \u00a0 \u00a0 : Cao su thi\u00ean nhi\u00ean, EVA<\/p>\n<p><strong>H\u00c0NG CH\u00cdNH H\u00c3NG BUTTERFLY S\u1ea2N XU\u1ea4T T\u1ea0I TRUNG QU\u1ed0C &#8211; MADE IN CHINA<\/strong><\/p>\n<\/div>\n<\/div>\n","protected":false},"excerpt":{"rendered":"<p>GI\u00c0Y BUTTERFLY LEZOLINE LEVALIS WHITE V\u1eeaA V\u1eb6N &#8211; THO\u1ea2I M\u00c1I &#8211; T\u0102NG HI\u1ec6U SU\u1ea4T HO\u1ea0T \u0110\u1ed8NG Tr\u1ea3i nghi\u1ec7m s\u1ef1 linh ho\u1ea1t v\u01b0\u1ee3t tr\u1ed9i v\u1edbi m\u1eabu gi\u00e0y cao c\u1ea5p c\u1ee7a d\u00f2ng Lezoline \u0111\u1ebfn t\u1eeb th\u01b0\u01a1ng hi\u1ec7u Butterfly. Gi\u00e0y Lezoline Levalis c\u00f3 ph\u1ea7n \u1ed1p tr\u00ean h\u1ee3p nh\u1ea5t c\u00f9ng l\u01b0\u1ee1i g\u00e0 ch\u1ea5t li\u1ec7u l\u01b0\u1edbi m\u1ec1m, tho\u00e1ng kh\u00ed, \u00f4m [&hellip;]<\/p>\n","protected":false},"featured_media":5386,"comment_status":"open","ping_status":"closed","template":"","meta":{"_eb_attr":""},"product_cat":[61,59],"product_tag":[],"class_list":["post-5388","product","type-product","status-publish","has-post-thumbnail","hentry","product_cat-butterfly-giay","product_cat-giay-vo"],"_links":{"self":[{"href":"https:\/\/www.phivutabletennis.com\/index.php\/wp-json\/wp\/v2\/product\/5388","targetHints":{"allow":["GET"]}}],"collection":[{"href":"https:\/\/www.phivutabletennis.com\/index.php\/wp-json\/wp\/v2\/product"}],"about":[{"href":"https:\/\/www.phivutabletennis.com\/index.php\/wp-json\/wp\/v2\/types\/product"}],"replies":[{"embeddable":true,"href":"https:\/\/www.phivutabletennis.com\/index.php\/wp-json\/wp\/v2\/comments?post=5388"}],"wp:featuredmedia":[{"embeddable":true,"href":"https:\/\/www.phivutabletennis.com\/index.php\/wp-json\/wp\/v2\/media\/5386"}],"wp:attachment":[{"href":"https:\/\/www.phivutabletennis.com\/index.php\/wp-json\/wp\/v2\/media?parent=5388"}],"wp:term":[{"taxonomy":"product_cat","embeddable":true,"href":"https:\/\/www.phivutabletennis.com\/index.php\/wp-json\/wp\/v2\/product_cat?post=5388"},{"taxonomy":"product_tag","embeddable":true,"href":"https:\/\/www.phivutabletennis.com\/index.php\/wp-json\/wp\/v2\/product_tag?post=5388"}],"curies":[{"name":"wp","href":"https:\/\/api.w.org\/{rel}","templated":true}]}}