{"id":5392,"date":"2024-10-14T21:58:30","date_gmt":"2024-10-14T14:58:30","guid":{"rendered":"https:\/\/www.phivutabletennis.com\/?post_type=product&#038;p=5392"},"modified":"2024-10-14T21:58:31","modified_gmt":"2024-10-14T14:58:31","slug":"quan-the-thao-vloop","status":"publish","type":"product","link":"https:\/\/www.phivutabletennis.com\/index.php\/product\/quan-the-thao-vloop\/","title":{"rendered":"Qu\u1ea7n Th\u1ec3 Thao VLOOP"},"content":{"rendered":"<p>VLOOP l\u00e0 th\u01b0\u01a1ng hi\u1ec7u th\u1eddi trang th\u1ec3 thao \u0111\u1ebfn t\u1eeb Vi\u1ec7t Nam th\u00e0nh l\u1eadp t\u1eeb n\u0103m 2021, chuy\u00ean cung c\u1ea5p c\u00e1c s\u1ea3n ph\u1ea9m ch\u1ea5t l\u01b0\u1ee3ng d\u00e0nh cho c\u00e1c V\u0110V chuy\u00ean nghi\u1ec7p n\u00f3i ri\u00eang v\u00e0 nh\u1eefng ng\u01b0\u1eddi y\u00eau th\u00edch th\u1ec3 thao. VLOOP vinh d\u1ef1 l\u00e0 nh\u00e0 t\u00e0i tr\u1ee3 trang ph\u1ee5c cho \u0110\u1ed9i tuy\u1ec3n B\u00f3ng b\u00e0n Vi\u1ec7t Nam tham gia SEA Games 32, ASIAD 19 c\u00f9ng c\u00e1c gi\u1ea3i \u0111\u1ea5u th\u1ec3 thao trong v\u00e0 ngo\u00e0i n\u01b0\u1edbc kh\u00e1c.<\/p>\n<p>\u0110\u1eb7c \u0111i\u1ec3m n\u1ed5i b\u1eadt c\u1ee7a qu\u1ea7n th\u1ec3 thao VLOOP: &#8211; Ch\u1ea5t v\u1ea3i thun l\u1ea1nh 4 chi\u1ec1u \u0111\u01b0\u1ee3c d\u1ec7t b\u1eb1ng 95% s\u1ee3i PE t\u1ea1o ra \u0111\u1ed9 m\u1ec1m m\u1ea1i c\u1ee7a v\u1ea3i v\u00e0 5% &#8211; 7% s\u1ee3i spandex gi\u00fap v\u1ea3i c\u00f3 \u0111\u1ed9 co gi\u00e3n t\u1ed1t<\/p>\n<p>&#8211; Ch\u1ea5t li\u1ec7u m\u1ecfng, tho\u00e1ng m\u00e1t \u0111em \u0111\u1ebfn c\u1ea3m gi\u00e1c tho\u1ea3i m\u00e1i cho ng\u01b0\u1eddi m\u1eb7c<\/p>\n<p>&#8211; Kh\u00f4ng nh\u0103n trong su\u1ed1t qu\u00e1 tr\u00ecnh ho\u1ea1t \u0111\u1ed9ng mang \u0111\u1ebfn t\u00ednh th\u1ea9m m\u1ef9 cao v\u00e0 tinh t\u1ebf<\/p>\n<p>&#8211; V\u1ea3i thun l\u1ea1nh c\u00f3 \u0111\u1ed9 b\u1ec1n cao v\u00ec \u0111\u01b0\u1ee3c c\u1ea5u t\u1ea1o t\u1eeb s\u1ee3i t\u1ed5ng h\u1ee3p n\u00ean d\u1ec5 d\u00e0ng v\u1ec7 sinh v\u00e0 b\u1ea3o qu\u1ea3n.<\/p>\n<p>Th\u00f4ng tin s\u1ea3n ph\u1ea9m:<\/p>\n<p>&#8211; Th\u01b0\u01a1ng hi\u1ec7u: VLOOP<\/p>\n<p>&#8211; Xu\u1ea5t x\u1ee9: Vi\u1ec7t Nam<\/p>\n<p>&#8211; Lo\u1ea1i s\u1ea3n ph\u1ea9m: Qu\u1ea7n th\u1ec3 thao<\/p>\n<p>&#8211; Ch\u1ea5t li\u1ec7u: Polyester<\/p>\n<p>&#8211; M\u00e0u s\u1eafc: \u0110en<\/p>\n<p>H\u01b0\u1edbng d\u1eabn b\u1ea3o qu\u1ea3n:<\/p>\n<p>&#8211; C\u00f3 th\u1ec3 gi\u1eb7t b\u1eb1ng m\u00e1y<\/p>\n<p>&#8211; L\u1ed9n ng\u01b0\u1ee3c s\u1ea3n ph\u1ea9m khi gi\u1eb7t<\/p>\n<p>&#8211; N\u00ean ph\u01a1i trong b\u00f3ng m\u00e1t<\/p>\n<p>&#8211; Kh\u00f4ng ng\u00e2m qu\u00e1 l\u00e2u b\u1eb1ng ch\u1ea5t t\u1ea9y m\u1ea1nh<\/p>\n<p>&#8211; Tr\u00e1nh \u1ee7i v\u1edbi nhi\u1ec7t \u0111\u1ed9 cao<\/p>\n<p>Ch\u00ednh s\u00e1ch mua h\u00e0ng t\u1ea1i VLOOP:<\/p>\n<p>&#8211; Mi\u1ec5n ph\u00ed giao h\u00e0ng v\u00e0 \u0111\u1ed5i tr\u1ea3*<\/p>\n<p>&#8211; H\u1ed7 tr\u1ee3 t\u01b0 v\u1ea5n 24\/7.<\/p>\n<p>&#8211; Giao h\u00e0ng t\u1eeb 2-6 ng\u00e0y<\/p>\n<p>*Ch\u00ednh s\u00e1ch \u0111\u1ed5i tr\u1ea3 \u00e1p d\u1ee5ng cho \u0111\u01a1n h\u00e0ng c\u00f2n nguy\u00ean tag, ch\u01b0a qua s\u1eed d\u1ee5ng khi g\u1eb7p nh\u1eefng l\u1ed7i sau \u0111\u00e2y:<\/p>\n<p>&#8211; Giao sai m\u1eabu, size<\/p>\n<p>&#8211; L\u1ed7i do nh\u00e0 s\u1ea3n xu\u1ea5t<\/p>\n<p>&#8211; L\u1ed7i do qu\u00e1 tr\u00ecnh \u0111\u00f3ng g\u00f3i, v\u1eadn chuy\u1ec3n.<\/p>\n","protected":false},"excerpt":{"rendered":"<p>VLOOP l\u00e0 th\u01b0\u01a1ng hi\u1ec7u th\u1eddi trang th\u1ec3 thao \u0111\u1ebfn t\u1eeb Vi\u1ec7t Nam th\u00e0nh l\u1eadp t\u1eeb n\u0103m 2021, chuy\u00ean cung c\u1ea5p c\u00e1c s\u1ea3n ph\u1ea9m ch\u1ea5t l\u01b0\u1ee3ng d\u00e0nh cho c\u00e1c V\u0110V chuy\u00ean nghi\u1ec7p n\u00f3i ri\u00eang v\u00e0 nh\u1eefng ng\u01b0\u1eddi y\u00eau th\u00edch th\u1ec3 thao. VLOOP vinh d\u1ef1 l\u00e0 nh\u00e0 t\u00e0i tr\u1ee3 trang ph\u1ee5c cho \u0110\u1ed9i tuy\u1ec3n B\u00f3ng b\u00e0n Vi\u1ec7t [&hellip;]<\/p>\n","protected":false},"featured_media":5393,"comment_status":"open","ping_status":"closed","template":"","meta":{"_eb_attr":""},"product_cat":[34,36],"product_tag":[],"class_list":["post-5392","product","type-product","status-publish","has-post-thumbnail","hentry","product_cat-quan-ao","product_cat-vloop-quan-ao"],"_links":{"self":[{"href":"https:\/\/www.phivutabletennis.com\/index.php\/wp-json\/wp\/v2\/product\/5392","targetHints":{"allow":["GET"]}}],"collection":[{"href":"https:\/\/www.phivutabletennis.com\/index.php\/wp-json\/wp\/v2\/product"}],"about":[{"href":"https:\/\/www.phivutabletennis.com\/index.php\/wp-json\/wp\/v2\/types\/product"}],"replies":[{"embeddable":true,"href":"https:\/\/www.phivutabletennis.com\/index.php\/wp-json\/wp\/v2\/comments?post=5392"}],"wp:featuredmedia":[{"embeddable":true,"href":"https:\/\/www.phivutabletennis.com\/index.php\/wp-json\/wp\/v2\/media\/5393"}],"wp:attachment":[{"href":"https:\/\/www.phivutabletennis.com\/index.php\/wp-json\/wp\/v2\/media?parent=5392"}],"wp:term":[{"taxonomy":"product_cat","embeddable":true,"href":"https:\/\/www.phivutabletennis.com\/index.php\/wp-json\/wp\/v2\/product_cat?post=5392"},{"taxonomy":"product_tag","embeddable":true,"href":"https:\/\/www.phivutabletennis.com\/index.php\/wp-json\/wp\/v2\/product_tag?post=5392"}],"curies":[{"name":"wp","href":"https:\/\/api.w.org\/{rel}","templated":true}]}}