{"id":5395,"date":"2024-10-15T09:24:15","date_gmt":"2024-10-15T02:24:15","guid":{"rendered":"https:\/\/www.phivutabletennis.com\/?post_type=product&#038;p=5395"},"modified":"2024-10-17T16:59:04","modified_gmt":"2024-10-17T09:59:04","slug":"balo-butterfly-mobilitas","status":"publish","type":"product","link":"https:\/\/www.phivutabletennis.com\/index.php\/product\/balo-butterfly-mobilitas\/","title":{"rendered":"BALO BUTTERFLY MOBILITAS"},"content":{"rendered":"<ol>\n<li class=\"p1\"><span class=\"s1\"><a href=\"https:\/\/www.phivutabletennis.com\/wp-content\/uploads\/2024\/10\/IMG_6922.jpeg\"><img loading=\"lazy\" decoding=\"async\" class=\"alignnone size-full wp-image-5402\" src=\"https:\/\/www.phivutabletennis.com\/wp-content\/uploads\/2024\/10\/IMG_6922.jpeg\" alt=\"\" width=\"1200\" height=\"1200\" srcset=\"https:\/\/www.phivutabletennis.com\/wp-content\/uploads\/2024\/10\/IMG_6922.jpeg 1200w, https:\/\/www.phivutabletennis.com\/wp-content\/uploads\/2024\/10\/IMG_6922-300x300.jpeg 300w, https:\/\/www.phivutabletennis.com\/wp-content\/uploads\/2024\/10\/IMG_6922-1024x1024.jpeg 1024w, https:\/\/www.phivutabletennis.com\/wp-content\/uploads\/2024\/10\/IMG_6922-150x150.jpeg 150w, https:\/\/www.phivutabletennis.com\/wp-content\/uploads\/2024\/10\/IMG_6922-768x768.jpeg 768w, https:\/\/www.phivutabletennis.com\/wp-content\/uploads\/2024\/10\/IMG_6922-350x350.jpeg 350w, https:\/\/www.phivutabletennis.com\/wp-content\/uploads\/2024\/10\/IMG_6922-600x600.jpeg 600w, https:\/\/www.phivutabletennis.com\/wp-content\/uploads\/2024\/10\/IMG_6922-100x100.jpeg 100w\" sizes=\"auto, (max-width: 1200px) 100vw, 1200px\" \/><\/a>\u2705<\/span><span class=\"s2\"> Ba l\u00f4 ki\u1ec3u h\u1ed9p dung t\u00edch l\u1edbn v\u1edbi ng\u0103n ch\u1ee9a r\u1ed9ng gi\u00fap t\u1eadn d\u1ee5ng kh\u00f4ng gian l\u01b0u tr\u1eef hi\u1ec7u qu\u1ea3, \u0111\u1ed3ng th\u1eddi c\u00f3 th\u1ec3 t\u1ef1 \u0111\u1ee9ng v\u1eefng.<\/span><\/li>\n<\/ol>\n<p class=\"p1\"><span class=\"s1\">\ud83d\udc49<\/span><span class=\"s2\">B\u00ean ngo\u00e0i: 2 t\u00fai c\u00f3 kh\u00f3a k\u00e9o, 2 t\u00fai m\u1edf<br \/>\n<\/span><span class=\"s1\">\ud83d\udc49<\/span><span class=\"s2\">B\u00ean trong: 1 t\u00fai cho laptop, 2 t\u00fai m\u1edf<\/span><\/p>\n<p class=\"p1\"><span class=\"s1\">\u2705<\/span><span class=\"s2\"> L\u1edbp ngo\u00e0i ch\u1ed1ng th\u1ea5m n\u01b0\u1edbc, b\u1ea3o v\u1ec7 v\u1eadt d\u1ee5ng an to\u00e0n d\u01b0\u1edbi tr\u1eddi m\u01b0a nh\u1ecf c\u00f9ng quay \u0111eo \u00eam v\u00e0 tho\u00e1ng kh\u00ed v\u1edbi <\/span><span class=\"s3\">Ch\u1ea5t li\u1ec7u<\/span><span class=\"s2\"> Polyester t\u00e1i ch\u1ebf 250 denier<\/span><\/p>\n<p class=\"p1\"><span class=\"s1\">\u2705<\/span><span class=\"s3\"> K\u00edch th\u01b0\u1edbc:<\/span><span class=\"s2\">\u00a031\u00d7 46\u00d7 16cm (Chi\u1ec1u r\u1ed9ng 31cm kh\u00f4ng t\u00ednh c\u00e1c t\u00fai b\u00ean)<\/span><\/p>\n","protected":false},"excerpt":{"rendered":"<p>\u2705 Ba l\u00f4 ki\u1ec3u h\u1ed9p dung t\u00edch l\u1edbn v\u1edbi ng\u0103n ch\u1ee9a r\u1ed9ng gi\u00fap t\u1eadn d\u1ee5ng kh\u00f4ng gian l\u01b0u tr\u1eef hi\u1ec7u qu\u1ea3, \u0111\u1ed3ng th\u1eddi c\u00f3 th\u1ec3 t\u1ef1 \u0111\u1ee9ng v\u1eefng. \ud83d\udc49B\u00ean ngo\u00e0i: 2 t\u00fai c\u00f3 kh\u00f3a k\u00e9o, 2 t\u00fai m\u1edf \ud83d\udc49B\u00ean trong: 1 t\u00fai cho laptop, 2 t\u00fai m\u1edf \u2705 L\u1edbp ngo\u00e0i ch\u1ed1ng th\u1ea5m n\u01b0\u1edbc, b\u1ea3o v\u1ec7 [&hellip;]<\/p>\n","protected":false},"featured_media":5398,"comment_status":"open","ping_status":"closed","template":"","meta":{"_eb_attr":""},"product_cat":[85,138],"product_tag":[],"class_list":["post-5395","product","type-product","status-publish","has-post-thumbnail","hentry","product_cat-balo-bao-vot","product_cat-butterfly-balo-baovot"],"_links":{"self":[{"href":"https:\/\/www.phivutabletennis.com\/index.php\/wp-json\/wp\/v2\/product\/5395","targetHints":{"allow":["GET"]}}],"collection":[{"href":"https:\/\/www.phivutabletennis.com\/index.php\/wp-json\/wp\/v2\/product"}],"about":[{"href":"https:\/\/www.phivutabletennis.com\/index.php\/wp-json\/wp\/v2\/types\/product"}],"replies":[{"embeddable":true,"href":"https:\/\/www.phivutabletennis.com\/index.php\/wp-json\/wp\/v2\/comments?post=5395"}],"wp:featuredmedia":[{"embeddable":true,"href":"https:\/\/www.phivutabletennis.com\/index.php\/wp-json\/wp\/v2\/media\/5398"}],"wp:attachment":[{"href":"https:\/\/www.phivutabletennis.com\/index.php\/wp-json\/wp\/v2\/media?parent=5395"}],"wp:term":[{"taxonomy":"product_cat","embeddable":true,"href":"https:\/\/www.phivutabletennis.com\/index.php\/wp-json\/wp\/v2\/product_cat?post=5395"},{"taxonomy":"product_tag","embeddable":true,"href":"https:\/\/www.phivutabletennis.com\/index.php\/wp-json\/wp\/v2\/product_tag?post=5395"}],"curies":[{"name":"wp","href":"https:\/\/api.w.org\/{rel}","templated":true}]}}