{"id":542,"date":"2023-04-03T01:09:43","date_gmt":"2023-04-02T18:09:43","guid":{"rendered":"http:\/\/www.phivutabletennis.com\/?post_type=product&#038;p=542"},"modified":"2023-04-03T01:13:47","modified_gmt":"2023-04-02T18:13:47","slug":"hexer-pips-force","status":"publish","type":"product","link":"https:\/\/www.phivutabletennis.com\/index.php\/product\/hexer-pips-force\/","title":{"rendered":"Andro Hexer Pips Force 2.1mm"},"content":{"rendered":"<p>&#8211;\u00a0<strong>T\u1ed1c \u0111\u1ed9<\/strong>:\u00a0 106 \u00a0\u00a0\u00a0\u00a0\u00a0\u00a0<strong>\u0110\u1ed9 xo\u00e1y<\/strong>:\u00a0 86 \u00a0\u00a0\u00a0\u00a0\u00a0<strong>Ki\u1ec3m so\u00e1t<\/strong>:\u00a0 81<\/p>\n<p>0\u00b0 S 106 S 86 C 81<br \/>\n90\u00b0 S 104 S 88 C 83<\/p>\n<p><img decoding=\"async\" src=\"https:\/\/dungcubongban.vn\/image\/catalog\/andro\/andro-hexer-pips-force.png\" alt=\"\" \/><\/p>\n<p><strong>\u0110\u1eb7c \u0111i\u1ec3m<\/strong><\/p>\n<p>M\u1eb7t v\u1ee3t gai t\u1ea5n c\u00f4ng Hexer\u00a0Pips Force\u00a0l\u00e0 b\u1ea3n n\u00e2ng c\u1ea5p m\u1edbi nh\u1ea5t c\u1ee7a m\u1eb7t gai t\u1ea5n c\u00f4ng, t\u00edch h\u1ee3p nh\u1eefng \u0111i\u1ec3m m\u1ea1nh c\u1ee7a d\u00f2ng Hexer k\u1ebft h\u1ee3p v\u1edbi b\u1ec1 m\u1eb7t gai \u0111\u1ec3 t\u1ea1o n\u00ean nh\u1eefng hi\u1ec7u \u1ee9ng gai c\u1ef1c k\u1ef3 l\u00fd th\u00fa v\u1edbi th\u1ebf h\u1ec7 m\u1eb7t gai t\u1ea5n c\u00f4ng m\u1edbi n\u00e0y.<\/p>\n<p>M\u1eb7t gai \u0111\u01b0\u1ee3c t\u00edch h\u1ee3p t\u1eeb 100% cao su t\u1ef1 nhi\u00ean n\u00ean \u0111\u1ed9 b\u1ec1n r\u1ea5t cao, k\u1ebft h\u1ee3p v\u1edbi l\u1edbp l\u00f3t b\u1ecdt kh\u00ed th\u1ebf h\u1ec7 m\u1edbi n\u00ean b\u00f3ng \u0111i r\u1ea5t chu\u1ea9n v\u00e0 hi\u1ec3m.<\/p>\n<p>\u0110i\u1ec3m \u0111\u1eb7c bi\u1ec7t c\u1ee7a d\u00f2ng s\u1ea3n ph\u1ea9m m\u1edbi n\u00e0y l\u00e0 t\u00edch h\u1ee3p 2 chi\u1ec1u gai cho V\u0110V l\u1ef1a ch\u1ecdn tr\u00ean 1 m\u1eb7t v\u1ee3t. B\u1ea1n c\u00f3 th\u1ec3 ch\u1ecdn gai ngang ho\u1eb7c gai d\u1ecdc \u0111\u1ec3 ph\u00f9 h\u1ee3p v\u1edbi l\u1ed1i \u0111\u00e1nh c\u1ee7a t\u1eebng ng\u01b0\u1eddi. (Ch\u1ec9 c\u1ea7n xoay chi\u1ec1u m\u1eb7t v\u1ee3t khi c\u1eaft d\u00e1n)<\/p>\n","protected":false},"excerpt":{"rendered":"<p>&#8211;\u00a0T\u1ed1c \u0111\u1ed9:\u00a0 106 \u00a0\u00a0\u00a0\u00a0\u00a0\u00a0\u0110\u1ed9 xo\u00e1y:\u00a0 86 \u00a0\u00a0\u00a0\u00a0\u00a0Ki\u1ec3m so\u00e1t:\u00a0 81 0\u00b0 S 106 S 86 C 81 90\u00b0 S 104 S 88 C 83 \u0110\u1eb7c \u0111i\u1ec3m M\u1eb7t v\u1ee3t gai t\u1ea5n c\u00f4ng Hexer\u00a0Pips Force\u00a0l\u00e0 b\u1ea3n n\u00e2ng c\u1ea5p m\u1edbi nh\u1ea5t c\u1ee7a m\u1eb7t gai t\u1ea5n c\u00f4ng, t\u00edch h\u1ee3p nh\u1eefng \u0111i\u1ec3m m\u1ea1nh c\u1ee7a d\u00f2ng Hexer k\u1ebft h\u1ee3p v\u1edbi b\u1ec1 m\u1eb7t [&hellip;]<\/p>\n","protected":false},"featured_media":543,"comment_status":"open","ping_status":"closed","template":"","meta":{"_eb_attr":""},"product_cat":[55,57,29,39],"product_tag":[],"class_list":["post-542","product","type-product","status-publish","has-post-thumbnail","hentry","product_cat-gai","product_cat-gai-ngan","product_cat-mat-vot","product_cat-andro"],"_links":{"self":[{"href":"https:\/\/www.phivutabletennis.com\/index.php\/wp-json\/wp\/v2\/product\/542","targetHints":{"allow":["GET"]}}],"collection":[{"href":"https:\/\/www.phivutabletennis.com\/index.php\/wp-json\/wp\/v2\/product"}],"about":[{"href":"https:\/\/www.phivutabletennis.com\/index.php\/wp-json\/wp\/v2\/types\/product"}],"replies":[{"embeddable":true,"href":"https:\/\/www.phivutabletennis.com\/index.php\/wp-json\/wp\/v2\/comments?post=542"}],"wp:featuredmedia":[{"embeddable":true,"href":"https:\/\/www.phivutabletennis.com\/index.php\/wp-json\/wp\/v2\/media\/543"}],"wp:attachment":[{"href":"https:\/\/www.phivutabletennis.com\/index.php\/wp-json\/wp\/v2\/media?parent=542"}],"wp:term":[{"taxonomy":"product_cat","embeddable":true,"href":"https:\/\/www.phivutabletennis.com\/index.php\/wp-json\/wp\/v2\/product_cat?post=542"},{"taxonomy":"product_tag","embeddable":true,"href":"https:\/\/www.phivutabletennis.com\/index.php\/wp-json\/wp\/v2\/product_tag?post=542"}],"curies":[{"name":"wp","href":"https:\/\/api.w.org\/{rel}","templated":true}]}}