{"id":5421,"date":"2024-10-18T18:30:03","date_gmt":"2024-10-18T11:30:03","guid":{"rendered":"https:\/\/www.phivutabletennis.com\/?post_type=product&#038;p=5421"},"modified":"2024-10-18T18:32:09","modified_gmt":"2024-10-18T11:32:09","slug":"tui-trong-ngang-vloop","status":"publish","type":"product","link":"https:\/\/www.phivutabletennis.com\/index.php\/product\/tui-trong-ngang-vloop\/","title":{"rendered":"T\u00daI TR\u1ed0NG NGANG VLOOP"},"content":{"rendered":"<p style=\"text-align: left;\"><a href=\"https:\/\/www.phivutabletennis.com\/wp-content\/uploads\/2024\/10\/IMG_7152-scaled.jpeg\"><img loading=\"lazy\" decoding=\"async\" class=\"alignnone size-full wp-image-5425\" src=\"https:\/\/www.phivutabletennis.com\/wp-content\/uploads\/2024\/10\/IMG_7152-scaled.jpeg\" alt=\"\" width=\"2560\" height=\"1341\" srcset=\"https:\/\/www.phivutabletennis.com\/wp-content\/uploads\/2024\/10\/IMG_7152-scaled.jpeg 2560w, https:\/\/www.phivutabletennis.com\/wp-content\/uploads\/2024\/10\/IMG_7152-300x157.jpeg 300w, https:\/\/www.phivutabletennis.com\/wp-content\/uploads\/2024\/10\/IMG_7152-1024x536.jpeg 1024w, https:\/\/www.phivutabletennis.com\/wp-content\/uploads\/2024\/10\/IMG_7152-768x402.jpeg 768w, https:\/\/www.phivutabletennis.com\/wp-content\/uploads\/2024\/10\/IMG_7152-1536x805.jpeg 1536w, https:\/\/www.phivutabletennis.com\/wp-content\/uploads\/2024\/10\/IMG_7152-2048x1073.jpeg 2048w, https:\/\/www.phivutabletennis.com\/wp-content\/uploads\/2024\/10\/IMG_7152-600x314.jpeg 600w\" sizes=\"auto, (max-width: 2560px) 100vw, 2560px\" \/><\/a>T\u00fai th\u1ec3 thao 3 trong 1 VLOOP ESSENTIALS v\u1edbi ch\u1ea5t li\u1ec7u Polyester cao c\u1ea5p.<\/p>\n<p>\u2705 K\u00edch th\u01b0\u1edbc: 25 x 48 x 24cm<\/p>\n<p>\u2705 C\u00f3 Ng\u0103n \u0111\u1ef1ng gi\u00e0y ri\u00eang bi\u1ec7t<\/p>\n<p>\u2705 Ng\u0103n l\u01b0\u1edbi \u0111\u1ef1ng n\u01b0\u1edbc<\/p>\n<p>\u2705 Ng\u0103n Ch\u00ednh \u0111\u1ef1ng v\u1eadt d\u1ee5ng v\u1edbi thi\u1ebft k\u1ebf r\u1ed9ng r\u00e3i v\u00e0 c\u00f2n th\u00eam ng\u0103n k\u00e9o b\u00ean trong.<\/p>\n<p>&nbsp;<\/p>\n","protected":false},"excerpt":{"rendered":"<p>T\u00fai th\u1ec3 thao 3 trong 1 VLOOP ESSENTIALS v\u1edbi ch\u1ea5t li\u1ec7u Polyester cao c\u1ea5p. \u2705 K\u00edch th\u01b0\u1edbc: 25 x 48 x 24cm \u2705 C\u00f3 Ng\u0103n \u0111\u1ef1ng gi\u00e0y ri\u00eang bi\u1ec7t \u2705 Ng\u0103n l\u01b0\u1edbi \u0111\u1ef1ng n\u01b0\u1edbc \u2705 Ng\u0103n Ch\u00ednh \u0111\u1ef1ng v\u1eadt d\u1ee5ng v\u1edbi thi\u1ebft k\u1ebf r\u1ed9ng r\u00e3i v\u00e0 c\u00f2n th\u00eam ng\u0103n k\u00e9o b\u00ean trong. &nbsp;<\/p>\n","protected":false},"featured_media":5422,"comment_status":"open","ping_status":"closed","template":"","meta":{"_eb_attr":""},"product_cat":[85,194],"product_tag":[],"class_list":["post-5421","product","type-product","status-publish","has-post-thumbnail","hentry","product_cat-balo-bao-vot","product_cat-vloop"],"_links":{"self":[{"href":"https:\/\/www.phivutabletennis.com\/index.php\/wp-json\/wp\/v2\/product\/5421","targetHints":{"allow":["GET"]}}],"collection":[{"href":"https:\/\/www.phivutabletennis.com\/index.php\/wp-json\/wp\/v2\/product"}],"about":[{"href":"https:\/\/www.phivutabletennis.com\/index.php\/wp-json\/wp\/v2\/types\/product"}],"replies":[{"embeddable":true,"href":"https:\/\/www.phivutabletennis.com\/index.php\/wp-json\/wp\/v2\/comments?post=5421"}],"wp:featuredmedia":[{"embeddable":true,"href":"https:\/\/www.phivutabletennis.com\/index.php\/wp-json\/wp\/v2\/media\/5422"}],"wp:attachment":[{"href":"https:\/\/www.phivutabletennis.com\/index.php\/wp-json\/wp\/v2\/media?parent=5421"}],"wp:term":[{"taxonomy":"product_cat","embeddable":true,"href":"https:\/\/www.phivutabletennis.com\/index.php\/wp-json\/wp\/v2\/product_cat?post=5421"},{"taxonomy":"product_tag","embeddable":true,"href":"https:\/\/www.phivutabletennis.com\/index.php\/wp-json\/wp\/v2\/product_tag?post=5421"}],"curies":[{"name":"wp","href":"https:\/\/api.w.org\/{rel}","templated":true}]}}