{"id":5455,"date":"2024-10-18T22:42:22","date_gmt":"2024-10-18T15:42:22","guid":{"rendered":"https:\/\/www.phivutabletennis.com\/?post_type=product&#038;p=5455"},"modified":"2024-10-20T11:53:04","modified_gmt":"2024-10-20T04:53:04","slug":"giay-andro-cross-step-2-fiery-coral","status":"publish","type":"product","link":"https:\/\/www.phivutabletennis.com\/index.php\/product\/giay-andro-cross-step-2-fiery-coral\/","title":{"rendered":"GI\u00c0Y ANDRO CROSS STEP 2 FIERY CORAL"},"content":{"rendered":"<div class=\"woocommerce-tabs wc-tabs-wrapper\">\n<div id=\"tab-description\" class=\"woocommerce-Tabs-panel woocommerce-Tabs-panel--description panel entry-content wc-tab\" role=\"tabpanel\" aria-labelledby=\"tab-title-description\">\n<p><strong>Nh\u00e0 s\u1ea3n xu\u1ea5t :<\/strong>\u00a0Andro<\/p>\n<p>+ Ch\u1ea5t li\u1ec7u tr\u00ean c\u1ee7a \u0111\u1ebf gi\u00e0y Andro CROSS STEP 2 mang r\u1ea5t tho\u1ea3i m\u00e1i, m\u1ec1m m\u1ea1i v\u1edbi c\u00e1c t\u1ea5m l\u01b0\u1edbi ch\u00e8n \u0111\u1ec3 th\u00f4ng gi\u00f3 v\u00e0 gi\u00fap tho\u00e1t h\u01a1i \u1ea9m t\u1ed1i \u01b0u.<\/p>\n<p>+ T\u00ednh \u1ed5n \u0111\u1ecbnh c\u1ee7a khu v\u1ef1c gi\u1eefa b\u00e0n ch\u00e2n th\u00f4ng qua l\u00f5i TPU + \u0111\u01b0\u1ee3c nh\u1eefng ng\u01b0\u1eddi ch\u01a1i h\u00e0ng \u0111\u1ea7u \u0111\u1eb7c bi\u1ec7t \u0111\u00e1nh gi\u00e1 cao =&gt; D\u1eabn \u0111\u1ebfn s\u1ef1 \u1ed5n \u0111\u1ecbnh gi\u00fap ng\u01b0\u1eddi ch\u01a1i b\u00f3ng t\u1ef1 do di chuy\u1ec3n t\u1ed1t nh\u1ea5t c\u00f3 th\u1ec3.<\/p>\n<p>+ \u0110\u1ec7m \u0111\u1ebf 3D \u1edf khu v\u1ef1c gi\u1eefa v\u00e0 sau \u0111\u1ed3ng th\u1eddi h\u1ed7 tr\u1ee3 b\u01b0\u1edbc nhanh v\u1ec1 m\u1ecdi h\u01b0\u1edbng \u1edf khu v\u1ef1c b\u00e0n ch\u00e2n tr\u01b0\u1edbc.<\/p>\n<p>+ T\u00ednh \u1ed5n \u0111\u1ecbnh v\u00e0 hi\u1ec7u qu\u1ea3 \u0111\u00e1p \u1ee9ng v\u1edbi m\u1ed9t thi\u1ebft k\u1ebf tuy\u1ec7t v\u1eddi.<\/p>\n<p>\u2705 Size: 37 \u2013 44<\/p>\n<\/div>\n<\/div>\n","protected":false},"excerpt":{"rendered":"<p>Nh\u00e0 s\u1ea3n xu\u1ea5t :\u00a0Andro + Ch\u1ea5t li\u1ec7u tr\u00ean c\u1ee7a \u0111\u1ebf gi\u00e0y Andro CROSS STEP 2 mang r\u1ea5t tho\u1ea3i m\u00e1i, m\u1ec1m m\u1ea1i v\u1edbi c\u00e1c t\u1ea5m l\u01b0\u1edbi ch\u00e8n \u0111\u1ec3 th\u00f4ng gi\u00f3 v\u00e0 gi\u00fap tho\u00e1t h\u01a1i \u1ea9m t\u1ed1i \u01b0u. + T\u00ednh \u1ed5n \u0111\u1ecbnh c\u1ee7a khu v\u1ef1c gi\u1eefa b\u00e0n ch\u00e2n th\u00f4ng qua l\u00f5i TPU + \u0111\u01b0\u1ee3c nh\u1eefng ng\u01b0\u1eddi ch\u01a1i [&hellip;]<\/p>\n","protected":false},"featured_media":5461,"comment_status":"open","ping_status":"closed","template":"","meta":{"_eb_attr":""},"product_cat":[60,59],"product_tag":[],"class_list":["post-5455","product","type-product","status-publish","has-post-thumbnail","hentry","product_cat-andro-giay-vo","product_cat-giay-vo"],"_links":{"self":[{"href":"https:\/\/www.phivutabletennis.com\/index.php\/wp-json\/wp\/v2\/product\/5455","targetHints":{"allow":["GET"]}}],"collection":[{"href":"https:\/\/www.phivutabletennis.com\/index.php\/wp-json\/wp\/v2\/product"}],"about":[{"href":"https:\/\/www.phivutabletennis.com\/index.php\/wp-json\/wp\/v2\/types\/product"}],"replies":[{"embeddable":true,"href":"https:\/\/www.phivutabletennis.com\/index.php\/wp-json\/wp\/v2\/comments?post=5455"}],"wp:featuredmedia":[{"embeddable":true,"href":"https:\/\/www.phivutabletennis.com\/index.php\/wp-json\/wp\/v2\/media\/5461"}],"wp:attachment":[{"href":"https:\/\/www.phivutabletennis.com\/index.php\/wp-json\/wp\/v2\/media?parent=5455"}],"wp:term":[{"taxonomy":"product_cat","embeddable":true,"href":"https:\/\/www.phivutabletennis.com\/index.php\/wp-json\/wp\/v2\/product_cat?post=5455"},{"taxonomy":"product_tag","embeddable":true,"href":"https:\/\/www.phivutabletennis.com\/index.php\/wp-json\/wp\/v2\/product_tag?post=5455"}],"curies":[{"name":"wp","href":"https:\/\/api.w.org\/{rel}","templated":true}]}}