{"id":55,"date":"2023-03-14T10:35:17","date_gmt":"2023-03-14T03:35:17","guid":{"rendered":"http:\/\/www.phivutabletennis.com\/?post_type=product&#038;p=55"},"modified":"2023-04-03T01:54:40","modified_gmt":"2023-04-02T18:54:40","slug":"treiber-z","status":"publish","type":"product","link":"https:\/\/www.phivutabletennis.com\/index.php\/product\/treiber-z\/","title":{"rendered":"Andro Treiber Z OFF"},"content":{"rendered":"<p>B\u1eb1ng vi\u1ec7c cho ra \u0111\u1eddi d\u00f2ng TREIBER Z, h\u00e3ng ANDRO \u0111\u00e3 ho\u00e0n t\u1ea5t series TREIBER b\u1eb1ng vi\u1ec7c t\u1ea1o ra m\u1ed9t d\u00f2ng c\u1ed1t v\u1ee3t cao c\u1ea5p m\u1edbi v\u00e0 s\u1eed d\u1ee5ng c\u00f4ng ngh\u1ec7 s\u1ee3i nh\u00e2n t\u1ea1o t\u00edch h\u1ee3p v\u00e0o d\u00f2ng c\u1ed1t n\u00e0y.<\/p>\n<p>H\u00e3y t\u1ef1 m\u00ecnh tr\u1ea3i nghi\u1ec7m v\u00e0 c\u1ea3m nh\u1eadn c\u1ea3m gi\u00e1c ti\u1ebfp x\u00fac b\u00f3ng h\u00e0i ho\u00e0 v\u1edbi \u0111\u1ed9 c\u1ee9ng v\u00e0 \u0111\u1ed9 \u1ed5n \u0111\u1ecbnh nh\u1edd v\u00e0o c\u00f4ng ngh\u1ec7 s\u1ee3i Z-Fibre. C\u1ea3m gi\u00e1c b\u00f3ng tuy\u1ec7t h\u1ea3o khi t\u1ea5n c\u00f4ng li\u00ean t\u1ee5c v\u00e0 ch\u1eb7n \u0111\u1ea9y, ho\u1eb7c \u0111\u01b0a b\u00f3ng th\u1eadt xo\u00e1y qua \u0111\u1ed1i ph\u01b0\u01a1ng.<\/p>\n<p>\u0110\u1ed9 c\u00e2n b\u1eb1ng t\u1ed1i \u0111a gi\u00fap b\u1ea1n \u0111i\u1ec1u ch\u1ec9nh h\u01b0\u1edbng b\u00f3ng d\u1ec5 d\u00e0ng.<\/p>\n<p>D\u00f2ng c\u1ed1t v\u1ee3t n\u00e0y th\u1eadt s\u1ef1 l\u00e0 1 tuy\u1ec7t t\u00e1c c\u1ee7a h\u00e3ng ANDRO.<\/p>\n<p>Hi\u1ec7n t\u1ea1i Treiber Z \u0111\u01b0\u1ee3c nhi\u1ec1u V\u0110V \u0111\u1ec9nh cao c\u1ee7a b\u00f3ng b\u00e0n Vi\u1ec7t Nam \u0111ang tin d\u00f9ng trong \u0111\u00f3 c\u00f3 V\u0110V huy\u1ec1n tho\u1ea1i V\u0169 M\u1ea1nh C\u01b0\u1eddng, V\u0110V Tr\u1ea7n Huy B\u1ea3o&#8230;<\/p>\n<p><img decoding=\"async\" src=\"https:\/\/dungcubongban.vn\/image\/catalog\/andro\/2022\/s-l1600%20(2).png\" \/><\/p>\n","protected":false},"excerpt":{"rendered":"<p>B\u1eb1ng vi\u1ec7c cho ra \u0111\u1eddi d\u00f2ng TREIBER Z, h\u00e3ng ANDRO \u0111\u00e3 ho\u00e0n t\u1ea5t series TREIBER b\u1eb1ng vi\u1ec7c t\u1ea1o ra m\u1ed9t d\u00f2ng c\u1ed1t v\u1ee3t cao c\u1ea5p m\u1edbi v\u00e0 s\u1eed d\u1ee5ng c\u00f4ng ngh\u1ec7 s\u1ee3i nh\u00e2n t\u1ea1o t\u00edch h\u1ee3p v\u00e0o d\u00f2ng c\u1ed1t n\u00e0y. H\u00e3y t\u1ef1 m\u00ecnh tr\u1ea3i nghi\u1ec7m v\u00e0 c\u1ea3m nh\u1eadn c\u1ea3m gi\u00e1c ti\u1ebfp x\u00fac b\u00f3ng h\u00e0i ho\u00e0 [&hellip;]<\/p>\n","protected":false},"featured_media":56,"comment_status":"open","ping_status":"closed","template":"","meta":{"_eb_attr":""},"product_cat":[58,26],"product_tag":[28],"class_list":["post-55","product","type-product","status-publish","has-post-thumbnail","hentry","product_cat-andro-cot","product_cat-cot-vot","product_tag-cot-vot"],"_links":{"self":[{"href":"https:\/\/www.phivutabletennis.com\/index.php\/wp-json\/wp\/v2\/product\/55","targetHints":{"allow":["GET"]}}],"collection":[{"href":"https:\/\/www.phivutabletennis.com\/index.php\/wp-json\/wp\/v2\/product"}],"about":[{"href":"https:\/\/www.phivutabletennis.com\/index.php\/wp-json\/wp\/v2\/types\/product"}],"replies":[{"embeddable":true,"href":"https:\/\/www.phivutabletennis.com\/index.php\/wp-json\/wp\/v2\/comments?post=55"}],"wp:featuredmedia":[{"embeddable":true,"href":"https:\/\/www.phivutabletennis.com\/index.php\/wp-json\/wp\/v2\/media\/56"}],"wp:attachment":[{"href":"https:\/\/www.phivutabletennis.com\/index.php\/wp-json\/wp\/v2\/media?parent=55"}],"wp:term":[{"taxonomy":"product_cat","embeddable":true,"href":"https:\/\/www.phivutabletennis.com\/index.php\/wp-json\/wp\/v2\/product_cat?post=55"},{"taxonomy":"product_tag","embeddable":true,"href":"https:\/\/www.phivutabletennis.com\/index.php\/wp-json\/wp\/v2\/product_tag?post=55"}],"curies":[{"name":"wp","href":"https:\/\/api.w.org\/{rel}","templated":true}]}}