{"id":5529,"date":"2024-10-23T10:18:08","date_gmt":"2024-10-23T03:18:08","guid":{"rendered":"https:\/\/www.phivutabletennis.com\/?post_type=product&#038;p=5529"},"modified":"2024-10-23T10:18:08","modified_gmt":"2024-10-23T03:18:08","slug":"set-vay-ao-the-thao-vloop","status":"publish","type":"product","link":"https:\/\/www.phivutabletennis.com\/index.php\/product\/set-vay-ao-the-thao-vloop\/","title":{"rendered":"SET V\u00c1Y \u00c1O TH\u1ec2 THAO VLOOP"},"content":{"rendered":"<p>Phong c\u00e1ch th\u1eddi trang c\u1ee7a nh\u00e0 VLOOP l\u00e0m c\u00e1c n\u00e0ng tr\u1edf n\u00ean xinh \u0111\u1eb9p v\u00e0 n\u1ed5i b\u1eadt tr\u00ean s\u00e2n Pickleball.<\/p>\n<p>B\u1ed9 v\u00e1y v\u00e0 \u00e1o c\u1ee7a BST Love Me Tender c\u00f3 s\u1ef1 giao thoa gi\u1eefa y\u1ebfu t\u1ed1 tho\u1ea3i m\u00e1i, thu\u1eadn ti\u1ec7n v\u00e0 t\u00ednh th\u1eddi trang, r\u1ea5t d\u1ec5 chi\u1ec1u l\u00f2ng nh\u1eefng n\u00e0ng th\u00edch m\u1eb7c \u0111\u1eb9p.<\/p>\n<p>Item n\u00e0y c\u00f3 thi\u1ebft k\u1ebf \u00f4m d\u00e1ng v\u1eeba ph\u1ea3i, t\u1ea1o s\u1ef1 tho\u1ea3i m\u00e1i v\u00e0 g\u1ecdn g\u00e0ng cho t\u1ed5ng th\u1ec3 trang ph\u1ee5c, t\u00f4n l\u00ean v\u00f2ng eo c\u00f9ng n\u00e9t quy\u1ebfn r\u0169.<\/p>\n<p>\u2705 M\u00e0u s\u1eafc: \u00a0H\u1ed3ng &#8211; Tr\u1eafng &#8211; T\u00edm &#8211; \u0110en<\/p>\n<p>\u2705 \u00c1o &gt;&gt; 349,000 \/ c\u00e1i<\/p>\n<p>\u2705 V\u00e1y &gt;&gt; 349,000 \/ c\u00e1i<\/p>\n<p>\ud83d\udca5\ud83d\udca5 Combo V\u00e1y \u00c1o &gt;&gt; 649,000<\/p>\n<p>C\u00e1c n\u00e0ng h\u00e3y nhanh ch\u00f3ng inbox \u0111\u1ec3 s\u1edf h\u1eefu b\u1ed9 ch\u00e2n v\u00e1y v\u00e0 \u00e1o \u0111ang r\u1ea5t HOT c\u1ee7a nh\u00e0 VLOOP nh\u00e9!<\/p>\n","protected":false},"excerpt":{"rendered":"<p>Phong c\u00e1ch th\u1eddi trang c\u1ee7a nh\u00e0 VLOOP l\u00e0m c\u00e1c n\u00e0ng tr\u1edf n\u00ean xinh \u0111\u1eb9p v\u00e0 n\u1ed5i b\u1eadt tr\u00ean s\u00e2n Pickleball. B\u1ed9 v\u00e1y v\u00e0 \u00e1o c\u1ee7a BST Love Me Tender c\u00f3 s\u1ef1 giao thoa gi\u1eefa y\u1ebfu t\u1ed1 tho\u1ea3i m\u00e1i, thu\u1eadn ti\u1ec7n v\u00e0 t\u00ednh th\u1eddi trang, r\u1ea5t d\u1ec5 chi\u1ec1u l\u00f2ng nh\u1eefng n\u00e0ng th\u00edch m\u1eb7c \u0111\u1eb9p. Item n\u00e0y [&hellip;]<\/p>\n","protected":false},"featured_media":5533,"comment_status":"open","ping_status":"closed","template":"","meta":{"_eb_attr":""},"product_cat":[34,36],"product_tag":[],"class_list":["post-5529","product","type-product","status-publish","has-post-thumbnail","hentry","product_cat-quan-ao","product_cat-vloop-quan-ao"],"_links":{"self":[{"href":"https:\/\/www.phivutabletennis.com\/index.php\/wp-json\/wp\/v2\/product\/5529","targetHints":{"allow":["GET"]}}],"collection":[{"href":"https:\/\/www.phivutabletennis.com\/index.php\/wp-json\/wp\/v2\/product"}],"about":[{"href":"https:\/\/www.phivutabletennis.com\/index.php\/wp-json\/wp\/v2\/types\/product"}],"replies":[{"embeddable":true,"href":"https:\/\/www.phivutabletennis.com\/index.php\/wp-json\/wp\/v2\/comments?post=5529"}],"wp:featuredmedia":[{"embeddable":true,"href":"https:\/\/www.phivutabletennis.com\/index.php\/wp-json\/wp\/v2\/media\/5533"}],"wp:attachment":[{"href":"https:\/\/www.phivutabletennis.com\/index.php\/wp-json\/wp\/v2\/media?parent=5529"}],"wp:term":[{"taxonomy":"product_cat","embeddable":true,"href":"https:\/\/www.phivutabletennis.com\/index.php\/wp-json\/wp\/v2\/product_cat?post=5529"},{"taxonomy":"product_tag","embeddable":true,"href":"https:\/\/www.phivutabletennis.com\/index.php\/wp-json\/wp\/v2\/product_tag?post=5529"}],"curies":[{"name":"wp","href":"https:\/\/api.w.org\/{rel}","templated":true}]}}